{"id":7041,"date":"2026-03-12T00:20:42","date_gmt":"2026-03-11T23:20:42","guid":{"rendered":"http:\/\/antiquariat-steinbach.com\/rarebooks\/produkt\/zwei-vortraege\/"},"modified":"2026-03-12T00:20:43","modified_gmt":"2026-03-11T23:20:43","slug":"ruemann-arthur-zwei-vortraege","status":"publish","type":"product","link":"https:\/\/antiquariat-steinbach.com\/rarebooks\/produkt\/ruemann-arthur-zwei-vortraege\/","title":{"rendered":"R\u00fcmann, Arthur. &#8211;  Zwei Vortr\u00e4ge."},"content":{"rendered":"<p>M\u00fcnchen 1955.<\/p>\n<p>30 : 21 cm. 6 Blatt. Original-Umschlag.<\/p>\n<p>25,00 EUR<\/p>\n","protected":false},"excerpt":{"rendered":"<p>Im vorderen Innendeckel Billet &#8218;Viel Gl\u00fcck im neuen Jahr&#8216; mit Signatur von Arthur R\u00fcmann.<\/p>\n","protected":false},"featured_media":0,"template":"","meta":[],"product_brand":[],"product_cat":[29,32,914],"product_tag":[],"class_list":{"0":"post-7041","1":"product","2":"type-product","3":"status-publish","5":"product_cat-20-jahrhundert","6":"product_cat-literatur","7":"product_cat-zvab","9":"first","10":"instock","11":"purchasable","12":"product-type-simple"},"_links":{"self":[{"href":"https:\/\/antiquariat-steinbach.com\/rarebooks\/wp-json\/wp\/v2\/product\/7041","targetHints":{"allow":["GET"]}}],"collection":[{"href":"https:\/\/antiquariat-steinbach.com\/rarebooks\/wp-json\/wp\/v2\/product"}],"about":[{"href":"https:\/\/antiquariat-steinbach.com\/rarebooks\/wp-json\/wp\/v2\/types\/product"}],"version-history":[{"count":3,"href":"https:\/\/antiquariat-steinbach.com\/rarebooks\/wp-json\/wp\/v2\/product\/7041\/revisions"}],"predecessor-version":[{"id":21447,"href":"https:\/\/antiquariat-steinbach.com\/rarebooks\/wp-json\/wp\/v2\/product\/7041\/revisions\/21447"}],"wp:attachment":[{"href":"https:\/\/antiquariat-steinbach.com\/rarebooks\/wp-json\/wp\/v2\/media?parent=7041"}],"wp:term":[{"taxonomy":"product_brand","embeddable":true,"href":"https:\/\/antiquariat-steinbach.com\/rarebooks\/wp-json\/wp\/v2\/product_brand?post=7041"},{"taxonomy":"product_cat","embeddable":true,"href":"https:\/\/antiquariat-steinbach.com\/rarebooks\/wp-json\/wp\/v2\/product_cat?post=7041"},{"taxonomy":"product_tag","embeddable":true,"href":"https:\/\/antiquariat-steinbach.com\/rarebooks\/wp-json\/wp\/v2\/product_tag?post=7041"}],"curies":[{"name":"wp","href":"https:\/\/api.w.org\/{rel}","templated":true}]}}