{"id":7025,"date":"2026-03-12T00:20:40","date_gmt":"2026-03-11T23:20:40","guid":{"rendered":"http:\/\/antiquariat-steinbach.com\/rarebooks\/produkt\/cannery-row-die-strasse-der-oelsardinien\/"},"modified":"2026-03-12T00:20:42","modified_gmt":"2026-03-11T23:20:42","slug":"rowohlts-rotatios-roman-steinback-john-cannery-row-die-strasse-der-oelsardinien","status":"publish","type":"product","link":"https:\/\/antiquariat-steinbach.com\/rarebooks\/produkt\/rowohlts-rotatios-roman-steinback-john-cannery-row-die-strasse-der-oelsardinien\/","title":{"rendered":"Rowohlts-Rotatios-Roman &#8211;   Steinback, John. &#8211;  Cannery Row. Die Strasse der \u00d6lsardinien."},"content":{"rendered":"<p>Hamburg &#8211; Stuttgart, Rowohlt, 1948.<\/p>\n<p>39 : 29 cm. 31 Seiten. Original-Umschlag.<\/p>\n<p>20,00 EUR<\/p>\n","protected":false},"excerpt":{"rendered":"<p>Ungek\u00fcrzter Klassiker im Zeitungsformat. &#8211; Mit Mittelbug, R\u00e4nder und R\u00fccken, speziell des Titelblattes mit kleinen Einrissen.<\/p>\n","protected":false},"featured_media":0,"template":"","meta":[],"product_brand":[],"product_cat":[29,32,813,914],"product_tag":[],"class_list":{"0":"post-7025","1":"product","2":"type-product","3":"status-publish","5":"product_cat-20-jahrhundert","6":"product_cat-literatur","7":"product_cat-rowohlt-verlag","8":"product_cat-zvab","10":"first","11":"instock","12":"purchasable","13":"product-type-simple"},"_links":{"self":[{"href":"https:\/\/antiquariat-steinbach.com\/rarebooks\/wp-json\/wp\/v2\/product\/7025","targetHints":{"allow":["GET"]}}],"collection":[{"href":"https:\/\/antiquariat-steinbach.com\/rarebooks\/wp-json\/wp\/v2\/product"}],"about":[{"href":"https:\/\/antiquariat-steinbach.com\/rarebooks\/wp-json\/wp\/v2\/types\/product"}],"version-history":[{"count":3,"href":"https:\/\/antiquariat-steinbach.com\/rarebooks\/wp-json\/wp\/v2\/product\/7025\/revisions"}],"predecessor-version":[{"id":21435,"href":"https:\/\/antiquariat-steinbach.com\/rarebooks\/wp-json\/wp\/v2\/product\/7025\/revisions\/21435"}],"wp:attachment":[{"href":"https:\/\/antiquariat-steinbach.com\/rarebooks\/wp-json\/wp\/v2\/media?parent=7025"}],"wp:term":[{"taxonomy":"product_brand","embeddable":true,"href":"https:\/\/antiquariat-steinbach.com\/rarebooks\/wp-json\/wp\/v2\/product_brand?post=7025"},{"taxonomy":"product_cat","embeddable":true,"href":"https:\/\/antiquariat-steinbach.com\/rarebooks\/wp-json\/wp\/v2\/product_cat?post=7025"},{"taxonomy":"product_tag","embeddable":true,"href":"https:\/\/antiquariat-steinbach.com\/rarebooks\/wp-json\/wp\/v2\/product_tag?post=7025"}],"curies":[{"name":"wp","href":"https:\/\/api.w.org\/{rel}","templated":true}]}}