{"id":7017,"date":"2026-03-12T00:08:02","date_gmt":"2026-03-11T23:08:02","guid":{"rendered":"http:\/\/antiquariat-steinbach.com\/rarebooks\/produkt\/illustriertes-kochbuch\/"},"modified":"2026-03-12T00:08:03","modified_gmt":"2026-03-11T23:08:03","slug":"gastronomie-rottenhoefer-julius-illustriertes-kochbuch","status":"publish","type":"product","link":"https:\/\/antiquariat-steinbach.com\/rarebooks\/produkt\/gastronomie-rottenhoefer-julius-illustriertes-kochbuch\/","title":{"rendered":"Gastronomie &#8211;   Rottenh\u00f6fer, J(ulius): &#8211;  Illustriertes Kochbuch."},"content":{"rendered":"<p>M\u00fcnchen, Braun &#038; Schneider (1904).<\/p>\n<p>10. edition. 25 : 16 cm. 1222 pages with hundreds of woodcut-illustratins in the text. Coloured illustrated original cloth.<\/p>\n<p>140,00 EUR<\/p>\n","protected":false},"excerpt":{"rendered":"<p>Richly illustrated ouevre with 3412 recipies and many suggestions for menus. &#8222;Rottenh\u00f6fers B\u00fccher wurden von der K\u00f6cheschaft bis zu Beginn unseres Jahrhunderts ben\u00fctzt. Bessere B\u00fccher standen dem Berufskoch nicht zur Verf\u00fcgung&#8220; (Slg. Schraemli 112). Rottenh\u00f6fer, was the head cook of king Maximillian II. from Bavaria and with his illustrated cookbook he wrote the standard work for the sophisticated citchen. This is the very much enlarged edition. &#8211; Weiss 3268; vgl. Georg 1425 (5. Auflage); Horn\/A. 565.<\/p>\n","protected":false},"featured_media":15890,"template":"","meta":[],"product_brand":[],"product_cat":[58,112,914],"product_tag":[],"class_list":{"0":"post-7017","1":"product","2":"type-product","3":"status-publish","4":"has-post-thumbnail","6":"product_cat-gastronomie","7":"product_cat-kochbuecher","8":"product_cat-zvab","10":"first","11":"instock","12":"purchasable","13":"product-type-simple"},"_links":{"self":[{"href":"https:\/\/antiquariat-steinbach.com\/rarebooks\/wp-json\/wp\/v2\/product\/7017","targetHints":{"allow":["GET"]}}],"collection":[{"href":"https:\/\/antiquariat-steinbach.com\/rarebooks\/wp-json\/wp\/v2\/product"}],"about":[{"href":"https:\/\/antiquariat-steinbach.com\/rarebooks\/wp-json\/wp\/v2\/types\/product"}],"version-history":[{"count":4,"href":"https:\/\/antiquariat-steinbach.com\/rarebooks\/wp-json\/wp\/v2\/product\/7017\/revisions"}],"predecessor-version":[{"id":28736,"href":"https:\/\/antiquariat-steinbach.com\/rarebooks\/wp-json\/wp\/v2\/product\/7017\/revisions\/28736"}],"wp:featuredmedia":[{"embeddable":true,"href":"https:\/\/antiquariat-steinbach.com\/rarebooks\/wp-json\/wp\/v2\/media\/15890"}],"wp:attachment":[{"href":"https:\/\/antiquariat-steinbach.com\/rarebooks\/wp-json\/wp\/v2\/media?parent=7017"}],"wp:term":[{"taxonomy":"product_brand","embeddable":true,"href":"https:\/\/antiquariat-steinbach.com\/rarebooks\/wp-json\/wp\/v2\/product_brand?post=7017"},{"taxonomy":"product_cat","embeddable":true,"href":"https:\/\/antiquariat-steinbach.com\/rarebooks\/wp-json\/wp\/v2\/product_cat?post=7017"},{"taxonomy":"product_tag","embeddable":true,"href":"https:\/\/antiquariat-steinbach.com\/rarebooks\/wp-json\/wp\/v2\/product_tag?post=7017"}],"curies":[{"name":"wp","href":"https:\/\/api.w.org\/{rel}","templated":true}]}}