{"id":701,"date":"2026-03-12T00:00:42","date_gmt":"2026-03-11T23:00:42","guid":{"rendered":"http:\/\/antiquariat-steinbach.com\/rarebooks\/produkt\/histoire-de-moyen-age-table-de-la-classe-de-troisieme\/"},"modified":"2026-03-12T00:00:44","modified_gmt":"2026-03-11T23:00:44","slug":"atlas-delamarche-felix-histoire-de-moyen-age-table-de-la-classe-de-troisieme","status":"publish","type":"product","link":"https:\/\/antiquariat-steinbach.com\/rarebooks\/produkt\/atlas-delamarche-felix-histoire-de-moyen-age-table-de-la-classe-de-troisieme\/","title":{"rendered":"Atlas &#8211;   Delamarche, Felix. &#8211;  Histoire de Moyen Age. Table de la classe de Troisi\u00e9me."},"content":{"rendered":"<p>Paris, Delamarche, 1796 &#8211; 1826.<\/p>\n<p>33,5 : 26 cm. 10 double-page, engraved maps, partly coloured. Contemporary half cloth.<\/p>\n<p>180,00 EUR<\/p>\n","protected":false},"excerpt":{"rendered":"<p>Contains the following maps: Carte del&#8217;Empire Romain &#8211; Europe au Vem si\u00e8cle &#8211; Europesous Charlemagne &#8211; Europe, \u00e0 lepoque dud\u00e9membrement de l&#8217;Empire &#8211; Europe, vers la fin du XLem si\u00e9cle &#8211; Empire des Monmgols &#8211; Europe vers l&#8217;an1300 &#8211; Europe vers le an 1453 &#8211; Europe moderne &#8211; Francedivis\u00e9e par provinces. &#8211; Partly some water-stains; binding worn.<\/p>\n","protected":false},"featured_media":9755,"template":"","meta":[],"product_brand":[],"product_cat":[138,96,65,120,914],"product_tag":[],"class_list":{"0":"post-701","1":"product","2":"type-product","3":"status-publish","4":"has-post-thumbnail","6":"product_cat-atlanten","7":"product_cat-frankreich","8":"product_cat-geographie","9":"product_cat-landkarten","10":"product_cat-zvab","12":"first","13":"instock","14":"purchasable","15":"product-type-simple"},"_links":{"self":[{"href":"https:\/\/antiquariat-steinbach.com\/rarebooks\/wp-json\/wp\/v2\/product\/701","targetHints":{"allow":["GET"]}}],"collection":[{"href":"https:\/\/antiquariat-steinbach.com\/rarebooks\/wp-json\/wp\/v2\/product"}],"about":[{"href":"https:\/\/antiquariat-steinbach.com\/rarebooks\/wp-json\/wp\/v2\/types\/product"}],"version-history":[{"count":3,"href":"https:\/\/antiquariat-steinbach.com\/rarebooks\/wp-json\/wp\/v2\/product\/701\/revisions"}],"predecessor-version":[{"id":18504,"href":"https:\/\/antiquariat-steinbach.com\/rarebooks\/wp-json\/wp\/v2\/product\/701\/revisions\/18504"}],"wp:featuredmedia":[{"embeddable":true,"href":"https:\/\/antiquariat-steinbach.com\/rarebooks\/wp-json\/wp\/v2\/media\/9755"}],"wp:attachment":[{"href":"https:\/\/antiquariat-steinbach.com\/rarebooks\/wp-json\/wp\/v2\/media?parent=701"}],"wp:term":[{"taxonomy":"product_brand","embeddable":true,"href":"https:\/\/antiquariat-steinbach.com\/rarebooks\/wp-json\/wp\/v2\/product_brand?post=701"},{"taxonomy":"product_cat","embeddable":true,"href":"https:\/\/antiquariat-steinbach.com\/rarebooks\/wp-json\/wp\/v2\/product_cat?post=701"},{"taxonomy":"product_tag","embeddable":true,"href":"https:\/\/antiquariat-steinbach.com\/rarebooks\/wp-json\/wp\/v2\/product_tag?post=701"}],"curies":[{"name":"wp","href":"https:\/\/api.w.org\/{rel}","templated":true}]}}