{"id":7007,"date":"2026-03-12T00:20:40","date_gmt":"2026-03-11T23:20:40","guid":{"rendered":"http:\/\/antiquariat-steinbach.com\/rarebooks\/produkt\/denkbuch-fuer-fuerst-und-vaterland\/"},"modified":"2026-03-12T00:20:40","modified_gmt":"2026-03-11T23:20:40","slug":"rossi-joseph-denkbuch-fuer-fuerst-und-vaterland","status":"publish","type":"product","link":"https:\/\/antiquariat-steinbach.com\/rarebooks\/produkt\/rossi-joseph-denkbuch-fuer-fuerst-und-vaterland\/","title":{"rendered":"Rossi, Joseph. &#8211;  Denkbuch f\u00fcr F\u00fcrst und Vaterland."},"content":{"rendered":"<p>Wien, Wallishauser, 1814 &#8211; 1815.<\/p>\n<p>2 B\u00e4nde. 24,5 : 19,5 cm. VIII, 170 Seiten, 23 gefaltete Kupfertafeln; 4 Blatt, 360 Seiten, 6 gefalteten Kupertafeln. Lederb\u00e4nde der Zeit mit R\u00fcckenvergoldung und 2 R\u00fcckenschildern.<\/p>\n<p>280,00 EUR<\/p>\n","protected":false},"excerpt":{"rendered":"<p>Beschreibt vor allem die Feierlichkeiten in den verschiedenen St\u00e4dten und D\u00f6rfern der Monarchie uf der R\u00fcckreise des geliebten Monarchen aus der Hauptstadt des franz\u00f6sischen Reiches. &#8222;Die Beschreibung der R\u00fcckreise seiner Majest\u00e4t von Paris bis Wien wurde aus den echtesten Quellen gesch\u00f6pft. Alle in Wien und den Vorst\u00e4dten angebrachten illuminationen und Inschriften sind angezeigt&#8220;. Unter den Kupfern Ansichten von der &#8218;Triumpfpforte, Beleuchtung des Plastes des Erzherzog Maximilian, Beleuchtung des Hauses der N.\u00d6. Herren St\u00e4nde, Beleuchtungs des Trautmannsdorfschen Geb\u00e4udes No. 68, die Beleuchtung des Zeughauses, Rathauses u.v.m. &#8211; In Band 1 Gelenke und erste und letzte Blatt im Bug wurmstichig, R\u00fccken teils wurmstichig und mit Fehlstellen; Band 2 nur die ersten und letzten Blatt etwas wurmstichig, R\u00fccken gelegentlich minimal wurmstichig.<\/p>\n","protected":false},"featured_media":15877,"template":"","meta":[],"product_brand":[],"product_cat":[71,719,914],"product_tag":[],"class_list":{"0":"post-7007","1":"product","2":"type-product","3":"status-publish","4":"has-post-thumbnail","6":"product_cat-austriaca","7":"product_cat-festlichkeiten","8":"product_cat-zvab","10":"first","11":"instock","12":"purchasable","13":"product-type-simple"},"_links":{"self":[{"href":"https:\/\/antiquariat-steinbach.com\/rarebooks\/wp-json\/wp\/v2\/product\/7007","targetHints":{"allow":["GET"]}}],"collection":[{"href":"https:\/\/antiquariat-steinbach.com\/rarebooks\/wp-json\/wp\/v2\/product"}],"about":[{"href":"https:\/\/antiquariat-steinbach.com\/rarebooks\/wp-json\/wp\/v2\/types\/product"}],"version-history":[{"count":3,"href":"https:\/\/antiquariat-steinbach.com\/rarebooks\/wp-json\/wp\/v2\/product\/7007\/revisions"}],"predecessor-version":[{"id":21424,"href":"https:\/\/antiquariat-steinbach.com\/rarebooks\/wp-json\/wp\/v2\/product\/7007\/revisions\/21424"}],"wp:featuredmedia":[{"embeddable":true,"href":"https:\/\/antiquariat-steinbach.com\/rarebooks\/wp-json\/wp\/v2\/media\/15877"}],"wp:attachment":[{"href":"https:\/\/antiquariat-steinbach.com\/rarebooks\/wp-json\/wp\/v2\/media?parent=7007"}],"wp:term":[{"taxonomy":"product_brand","embeddable":true,"href":"https:\/\/antiquariat-steinbach.com\/rarebooks\/wp-json\/wp\/v2\/product_brand?post=7007"},{"taxonomy":"product_cat","embeddable":true,"href":"https:\/\/antiquariat-steinbach.com\/rarebooks\/wp-json\/wp\/v2\/product_cat?post=7007"},{"taxonomy":"product_tag","embeddable":true,"href":"https:\/\/antiquariat-steinbach.com\/rarebooks\/wp-json\/wp\/v2\/product_tag?post=7007"}],"curies":[{"name":"wp","href":"https:\/\/api.w.org\/{rel}","templated":true}]}}