{"id":6995,"date":"2026-03-12T00:20:38","date_gmt":"2026-03-11T23:20:38","guid":{"rendered":"http:\/\/antiquariat-steinbach.com\/rarebooks\/produkt\/the-tourist-in-spain\/"},"modified":"2026-03-12T00:20:39","modified_gmt":"2026-03-11T23:20:39","slug":"roscoe-thomas-the-tourist-in-spain","status":"publish","type":"product","link":"https:\/\/antiquariat-steinbach.com\/rarebooks\/produkt\/roscoe-thomas-the-tourist-in-spain\/","title":{"rendered":"Roscoe, Thomas: &#8211;  The Tourist in Spain."},"content":{"rendered":"<p>London, Jennings 1835.<\/p>\n<p>20 : 13 cm. XII, 280 p\u00e1ginas, 2 hojas Titulo grabado con vi\u00f1eta y 20 l\u00e1minas grabadas en acero. Encuadernaci\u00f3n original de piel, lomo dorado, cortes doradas.<\/p>\n<p>320,00 EUR<\/p>\n","protected":false},"excerpt":{"rendered":"<p>Con vistas de Sevilla, Granada, Malaga, Cordoba e.o. &#8211; Jennings landscape annual.<\/p>\n","protected":false},"featured_media":15875,"template":"","meta":[],"product_brand":[],"product_cat":[65,155,148,914],"product_tag":[],"class_list":{"0":"post-6995","1":"product","2":"type-product","3":"status-publish","4":"has-post-thumbnail","6":"product_cat-geographie","7":"product_cat-m10","8":"product_cat-spanien","9":"product_cat-zvab","11":"first","12":"instock","13":"purchasable","14":"product-type-simple"},"_links":{"self":[{"href":"https:\/\/antiquariat-steinbach.com\/rarebooks\/wp-json\/wp\/v2\/product\/6995","targetHints":{"allow":["GET"]}}],"collection":[{"href":"https:\/\/antiquariat-steinbach.com\/rarebooks\/wp-json\/wp\/v2\/product"}],"about":[{"href":"https:\/\/antiquariat-steinbach.com\/rarebooks\/wp-json\/wp\/v2\/types\/product"}],"version-history":[{"count":3,"href":"https:\/\/antiquariat-steinbach.com\/rarebooks\/wp-json\/wp\/v2\/product\/6995\/revisions"}],"predecessor-version":[{"id":21418,"href":"https:\/\/antiquariat-steinbach.com\/rarebooks\/wp-json\/wp\/v2\/product\/6995\/revisions\/21418"}],"wp:featuredmedia":[{"embeddable":true,"href":"https:\/\/antiquariat-steinbach.com\/rarebooks\/wp-json\/wp\/v2\/media\/15875"}],"wp:attachment":[{"href":"https:\/\/antiquariat-steinbach.com\/rarebooks\/wp-json\/wp\/v2\/media?parent=6995"}],"wp:term":[{"taxonomy":"product_brand","embeddable":true,"href":"https:\/\/antiquariat-steinbach.com\/rarebooks\/wp-json\/wp\/v2\/product_brand?post=6995"},{"taxonomy":"product_cat","embeddable":true,"href":"https:\/\/antiquariat-steinbach.com\/rarebooks\/wp-json\/wp\/v2\/product_cat?post=6995"},{"taxonomy":"product_tag","embeddable":true,"href":"https:\/\/antiquariat-steinbach.com\/rarebooks\/wp-json\/wp\/v2\/product_tag?post=6995"}],"curies":[{"name":"wp","href":"https:\/\/api.w.org\/{rel}","templated":true}]}}