{"id":6993,"date":"2026-03-12T00:20:38","date_gmt":"2026-03-11T23:20:38","guid":{"rendered":"http:\/\/antiquariat-steinbach.com\/rarebooks\/produkt\/cest-larc-en-ciel-de-ton-coeur\/"},"modified":"2026-03-12T00:20:39","modified_gmt":"2026-03-11T23:20:39","slug":"rosanieff-elian-cest-larc-en-ciel-de-ton-coeur","status":"publish","type":"product","link":"https:\/\/antiquariat-steinbach.com\/rarebooks\/produkt\/rosanieff-elian-cest-larc-en-ciel-de-ton-coeur\/","title":{"rendered":"Rosanieff, Elian: &#8211;  C&#8217;est l&#8217;arc-en-ciel de ton coeur."},"content":{"rendered":"<p>Paris, La pens\u00e9e universelle (1987).<\/p>\n<p>24 : 16 cm. 265 Seiten, 3 Blatt mit 12 (11 signierten und numerierten) farbigen Original-Lithographien. Farbig illustrierter Original-Karton in OPp.-Schuber.<\/p>\n<p>280,00 EUR<\/p>\n","protected":false},"excerpt":{"rendered":"<p>Eines von 75 numerierten Exemplaren der Vorzugsausgabe mit der Suite der Original-Lithographien. Die Lithographien stammen von: Thomas Gleb, J.S.G. Boggs, Henri Baviera, Erwin Sch\u00fcrch, Carlo Gulminelli, Elian Rosanieff, Mario Grasso, Ren\u00e9 Bernasconi, Leo Erb, Vera Goulart, Suzanne Senn, Nerina Ehlin und Rafael Perez. Auf dem Vortitel eigenh\u00e4ndige Widmung des Verfassers.<\/p>\n","protected":false},"featured_media":15874,"template":"","meta":[],"product_brand":[],"product_cat":[29,43,786,914],"product_tag":[],"class_list":{"0":"post-6993","1":"product","2":"type-product","3":"status-publish","4":"has-post-thumbnail","6":"product_cat-20-jahrhundert","7":"product_cat-illustrierte-buecher","8":"product_cat-paris08","9":"product_cat-zvab","11":"first","12":"instock","13":"purchasable","14":"product-type-simple"},"_links":{"self":[{"href":"https:\/\/antiquariat-steinbach.com\/rarebooks\/wp-json\/wp\/v2\/product\/6993","targetHints":{"allow":["GET"]}}],"collection":[{"href":"https:\/\/antiquariat-steinbach.com\/rarebooks\/wp-json\/wp\/v2\/product"}],"about":[{"href":"https:\/\/antiquariat-steinbach.com\/rarebooks\/wp-json\/wp\/v2\/types\/product"}],"version-history":[{"count":3,"href":"https:\/\/antiquariat-steinbach.com\/rarebooks\/wp-json\/wp\/v2\/product\/6993\/revisions"}],"predecessor-version":[{"id":21417,"href":"https:\/\/antiquariat-steinbach.com\/rarebooks\/wp-json\/wp\/v2\/product\/6993\/revisions\/21417"}],"wp:featuredmedia":[{"embeddable":true,"href":"https:\/\/antiquariat-steinbach.com\/rarebooks\/wp-json\/wp\/v2\/media\/15874"}],"wp:attachment":[{"href":"https:\/\/antiquariat-steinbach.com\/rarebooks\/wp-json\/wp\/v2\/media?parent=6993"}],"wp:term":[{"taxonomy":"product_brand","embeddable":true,"href":"https:\/\/antiquariat-steinbach.com\/rarebooks\/wp-json\/wp\/v2\/product_brand?post=6993"},{"taxonomy":"product_cat","embeddable":true,"href":"https:\/\/antiquariat-steinbach.com\/rarebooks\/wp-json\/wp\/v2\/product_cat?post=6993"},{"taxonomy":"product_tag","embeddable":true,"href":"https:\/\/antiquariat-steinbach.com\/rarebooks\/wp-json\/wp\/v2\/product_tag?post=6993"}],"curies":[{"name":"wp","href":"https:\/\/api.w.org\/{rel}","templated":true}]}}