{"id":6991,"date":"2026-03-12T00:08:04","date_gmt":"2026-03-11T23:08:04","guid":{"rendered":"http:\/\/antiquariat-steinbach.com\/rarebooks\/produkt\/die-koechin-ohne-fehl-und-tadel-oder-gaenzlich-zuverlaessige-kunst-ohne-alle-andere-anleitung-innerhalb-vier-wochen-insbesondere-treffliche-gesunde-und-schmackhafte-hausmannskost-nebst-feinen-geri\/"},"modified":"2026-03-12T00:08:05","modified_gmt":"2026-03-11T23:08:05","slug":"gastronomie-kochbuecher-rosamunda-die-koechin-ohne-fehl-und-tadel-oder-gaenzlich-zuverlaessige-kunst-ohne-alle-andere-anleitung-innerhalb-vier-wochen-insbesondere-treffliche-gesunde-und","status":"publish","type":"product","link":"https:\/\/antiquariat-steinbach.com\/rarebooks\/produkt\/gastronomie-kochbuecher-rosamunda-die-koechin-ohne-fehl-und-tadel-oder-gaenzlich-zuverlaessige-kunst-ohne-alle-andere-anleitung-innerhalb-vier-wochen-insbesondere-treffliche-gesunde-und\/","title":{"rendered":"Gastronomie &#8211; Kochb\u00fccher &#8211;   Rosamunda: &#8211;  Die K\u00f6chin ohne Fehl und Tadel; oder: g\u00e4nzlich zuverl\u00e4ssige Kunst, ohne alle andere Anleitung innerhalb vier Wochen insbesondere treffliche, gesunde und schmackhafte Hausmannskost nebst feinen Gerichten und Backwaren bereiten zu lernen."},"content":{"rendered":"<p>M\u00fcnchen, Lindauer 1840.<\/p>\n<p>2. verm. u. verb. Auflage. 17 : 10,5 cm. VIII, 208 Seiten Typografisch bedruckter Pappband der Zeit.<\/p>\n<p>160,00 EUR<\/p>\n","protected":false},"excerpt":{"rendered":"<p>Enth\u00e4lt 376 Rezepte, einen Speiseplan f\u00fcr das ganze Jahr, Krankenkost, Tranchierkunst etc. &#8211; Stellenweise etwas fleckig; Einband st\u00e4rker berieben, Vorderdeckelbezug mit kleinen Fehlstellen. &#8211; Ziemlich selten. &#8211; Weiss 3244 (mit falscher Jahreszahl).<\/p>\n","protected":false},"featured_media":24226,"template":"","meta":[],"product_brand":[],"product_cat":[58,112,914],"product_tag":[],"class_list":{"0":"post-6991","1":"product","2":"type-product","3":"status-publish","4":"has-post-thumbnail","6":"product_cat-gastronomie","7":"product_cat-kochbuecher","8":"product_cat-zvab","10":"first","11":"instock","12":"purchasable","13":"product-type-simple"},"_links":{"self":[{"href":"https:\/\/antiquariat-steinbach.com\/rarebooks\/wp-json\/wp\/v2\/product\/6991","targetHints":{"allow":["GET"]}}],"collection":[{"href":"https:\/\/antiquariat-steinbach.com\/rarebooks\/wp-json\/wp\/v2\/product"}],"about":[{"href":"https:\/\/antiquariat-steinbach.com\/rarebooks\/wp-json\/wp\/v2\/types\/product"}],"version-history":[{"count":4,"href":"https:\/\/antiquariat-steinbach.com\/rarebooks\/wp-json\/wp\/v2\/product\/6991\/revisions"}],"predecessor-version":[{"id":24225,"href":"https:\/\/antiquariat-steinbach.com\/rarebooks\/wp-json\/wp\/v2\/product\/6991\/revisions\/24225"}],"wp:featuredmedia":[{"embeddable":true,"href":"https:\/\/antiquariat-steinbach.com\/rarebooks\/wp-json\/wp\/v2\/media\/24226"}],"wp:attachment":[{"href":"https:\/\/antiquariat-steinbach.com\/rarebooks\/wp-json\/wp\/v2\/media?parent=6991"}],"wp:term":[{"taxonomy":"product_brand","embeddable":true,"href":"https:\/\/antiquariat-steinbach.com\/rarebooks\/wp-json\/wp\/v2\/product_brand?post=6991"},{"taxonomy":"product_cat","embeddable":true,"href":"https:\/\/antiquariat-steinbach.com\/rarebooks\/wp-json\/wp\/v2\/product_cat?post=6991"},{"taxonomy":"product_tag","embeddable":true,"href":"https:\/\/antiquariat-steinbach.com\/rarebooks\/wp-json\/wp\/v2\/product_tag?post=6991"}],"curies":[{"name":"wp","href":"https:\/\/api.w.org\/{rel}","templated":true}]}}