{"id":6969,"date":"2026-03-12T00:20:36","date_gmt":"2026-03-11T23:20:36","guid":{"rendered":"http:\/\/antiquariat-steinbach.com\/rarebooks\/produkt\/polybiou-megalopolitanou-polemika-romaion-epitedeumata-polybii-de-militia-romana-libellus-versione-latina-commentatione-perpetua-iconibus-illustratus\/"},"modified":"2026-03-12T00:20:38","modified_gmt":"2026-03-11T23:20:38","slug":"rom-poeschel-georg-polybiou-megalopolitanou-polemika-romaion-epitedeumata-polybii-de-militia-romana-libellus-versione-latina-commentatione-perpetua-iconibus-illustratus","status":"publish","type":"product","link":"https:\/\/antiquariat-steinbach.com\/rarebooks\/produkt\/rom-poeschel-georg-polybiou-megalopolitanou-polemika-romaion-epitedeumata-polybii-de-militia-romana-libellus-versione-latina-commentatione-perpetua-iconibus-illustratus\/","title":{"rendered":"Rom &#8211;   Poeschel, Georg. &#8211;  Polybiou Megalopolitanou Polemika Romaion epitedeumata; Polybii&#8230;De militia Romana libellus versione Latina, commentatione perpetua &#038; iconibus illustratus&#8230;"},"content":{"rendered":"<p>N\u00fcrnberg, Felsecker, 1731.<\/p>\n<p>26,5 : 10 cm. 12 Blatt mit gestochener titelvignette, 342 Seiten, 45 Blatt Register, 14 (10 mehrfach gefaltete) Kupfer und 11 Holzsch ittvignetten. Lederband der Zeit mit reicher R\u00fcckenvergoldung, R\u00fcckenschild.<\/p>\n<p>650,00 EUR<\/p>\n","protected":false},"excerpt":{"rendered":"<p>Lateinische Ausgabe \u00fcber die R\u00f6mische Kriegskunst. Die Kupfer zeigen Soldaten in ihren R\u00fcstungen, Schlachtenpl\u00e4ne etec. &#8211; Teils st\u00e4rker gebr\u00e4unt und fleckig, Gelenke teils angebrochen.<\/p>\n","protected":false},"featured_media":15871,"template":"","meta":[],"product_brand":[],"product_cat":[104,59,264,914],"product_tag":[],"class_list":{"0":"post-6969","1":"product","2":"type-product","3":"status-publish","4":"has-post-thumbnail","6":"product_cat-italien","7":"product_cat-kulturgeschichte","8":"product_cat-militaria","9":"product_cat-zvab","11":"first","12":"instock","13":"purchasable","14":"product-type-simple"},"_links":{"self":[{"href":"https:\/\/antiquariat-steinbach.com\/rarebooks\/wp-json\/wp\/v2\/product\/6969","targetHints":{"allow":["GET"]}}],"collection":[{"href":"https:\/\/antiquariat-steinbach.com\/rarebooks\/wp-json\/wp\/v2\/product"}],"about":[{"href":"https:\/\/antiquariat-steinbach.com\/rarebooks\/wp-json\/wp\/v2\/types\/product"}],"version-history":[{"count":3,"href":"https:\/\/antiquariat-steinbach.com\/rarebooks\/wp-json\/wp\/v2\/product\/6969\/revisions"}],"predecessor-version":[{"id":21410,"href":"https:\/\/antiquariat-steinbach.com\/rarebooks\/wp-json\/wp\/v2\/product\/6969\/revisions\/21410"}],"wp:featuredmedia":[{"embeddable":true,"href":"https:\/\/antiquariat-steinbach.com\/rarebooks\/wp-json\/wp\/v2\/media\/15871"}],"wp:attachment":[{"href":"https:\/\/antiquariat-steinbach.com\/rarebooks\/wp-json\/wp\/v2\/media?parent=6969"}],"wp:term":[{"taxonomy":"product_brand","embeddable":true,"href":"https:\/\/antiquariat-steinbach.com\/rarebooks\/wp-json\/wp\/v2\/product_brand?post=6969"},{"taxonomy":"product_cat","embeddable":true,"href":"https:\/\/antiquariat-steinbach.com\/rarebooks\/wp-json\/wp\/v2\/product_cat?post=6969"},{"taxonomy":"product_tag","embeddable":true,"href":"https:\/\/antiquariat-steinbach.com\/rarebooks\/wp-json\/wp\/v2\/product_tag?post=6969"}],"curies":[{"name":"wp","href":"https:\/\/api.w.org\/{rel}","templated":true}]}}