{"id":6959,"date":"2026-03-12T00:20:36","date_gmt":"2026-03-11T23:20:36","guid":{"rendered":"http:\/\/antiquariat-steinbach.com\/rarebooks\/produkt\/vollstaendige-und-genaue-anleitung-alle-gattungen-von-backwerk-krems-sulzen-eingesottenem-und-eingelegtem-obste-auf-die-beste-und-wohlfeilste-art-zu-verfertigen-2\/"},"modified":"2026-03-12T00:20:37","modified_gmt":"2026-03-11T23:20:37","slug":"rohrer-m-j-vollstaendige-und-genaue-anleitung-alle-gattungen-von-backwerk-krems-sulzen-eingesottenem-und-eingelegtem-obste-auf-die-beste-und-wohlfeilste-art-zu-verfertigen","status":"publish","type":"product","link":"https:\/\/antiquariat-steinbach.com\/rarebooks\/produkt\/rohrer-m-j-vollstaendige-und-genaue-anleitung-alle-gattungen-von-backwerk-krems-sulzen-eingesottenem-und-eingelegtem-obste-auf-die-beste-und-wohlfeilste-art-zu-verfertigen\/","title":{"rendered":"(Rohrer, M.J.): &#8211;  Vollst\u00e4ndige und genaue Anleitung alle Gattungen von Backwerk, Krem&#8217;s, Sulzen, eingesottenem und eingelegtem Obste auf die beste und wohlfeilste Art zu verfertigen."},"content":{"rendered":"<p>Br\u00fcnn, Rohrer 1845.<\/p>\n<p>15. Auflage. 19,5 : 12 cm. 2 Blatt, 165 Seiten, 3 Blatt Halbleinenband der Zeit.<\/p>\n<p>120,00 EUR<\/p>\n","protected":false},"excerpt":{"rendered":"<p>Das Schwergewicht dieses seltenen Kochbuches liegt bei den S\u00fcsspeisen. Enth\u00e4lt 286 Rezepte von Teigen, Pasteten, Puddings, Strudeln, Kuchen, Torten, Zuckerb\u00e4ckereien etc. Der Verfasser nennt sicht am Ende des Vorworts &#8222;M.J.R.&#8220;. &#8211; Innendeckel und letzte Seiten von alter Hand beschrieben, stellenweise etwas fleckig; Einband st\u00e4rker berieben und bestossen, Teile des Deckelbezuges fehlen. &#8211; Vgl. Weiss 3238.<\/p>\n","protected":false},"featured_media":0,"template":"","meta":[],"product_brand":[],"product_cat":[58,112,914],"product_tag":[],"class_list":{"0":"post-6959","1":"product","2":"type-product","3":"status-publish","5":"product_cat-gastronomie","6":"product_cat-kochbuecher","7":"product_cat-zvab","9":"first","10":"instock","11":"purchasable","12":"product-type-simple"},"_links":{"self":[{"href":"https:\/\/antiquariat-steinbach.com\/rarebooks\/wp-json\/wp\/v2\/product\/6959","targetHints":{"allow":["GET"]}}],"collection":[{"href":"https:\/\/antiquariat-steinbach.com\/rarebooks\/wp-json\/wp\/v2\/product"}],"about":[{"href":"https:\/\/antiquariat-steinbach.com\/rarebooks\/wp-json\/wp\/v2\/types\/product"}],"version-history":[{"count":3,"href":"https:\/\/antiquariat-steinbach.com\/rarebooks\/wp-json\/wp\/v2\/product\/6959\/revisions"}],"predecessor-version":[{"id":21404,"href":"https:\/\/antiquariat-steinbach.com\/rarebooks\/wp-json\/wp\/v2\/product\/6959\/revisions\/21404"}],"wp:attachment":[{"href":"https:\/\/antiquariat-steinbach.com\/rarebooks\/wp-json\/wp\/v2\/media?parent=6959"}],"wp:term":[{"taxonomy":"product_brand","embeddable":true,"href":"https:\/\/antiquariat-steinbach.com\/rarebooks\/wp-json\/wp\/v2\/product_brand?post=6959"},{"taxonomy":"product_cat","embeddable":true,"href":"https:\/\/antiquariat-steinbach.com\/rarebooks\/wp-json\/wp\/v2\/product_cat?post=6959"},{"taxonomy":"product_tag","embeddable":true,"href":"https:\/\/antiquariat-steinbach.com\/rarebooks\/wp-json\/wp\/v2\/product_tag?post=6959"}],"curies":[{"name":"wp","href":"https:\/\/api.w.org\/{rel}","templated":true}]}}