{"id":6945,"date":"2026-03-12T00:20:34","date_gmt":"2026-03-11T23:20:34","guid":{"rendered":"http:\/\/antiquariat-steinbach.com\/rarebooks\/produkt\/schwarze-fahnen\/"},"modified":"2026-03-12T00:20:36","modified_gmt":"2026-03-11T23:20:36","slug":"roessler-arthur-schwarze-fahnen","status":"publish","type":"product","link":"https:\/\/antiquariat-steinbach.com\/rarebooks\/produkt\/roessler-arthur-schwarze-fahnen\/","title":{"rendered":"Roessler, Arthur: &#8211;  Schwarze Fahnen."},"content":{"rendered":"<p>Wien und Leipzig, Konegen 1922.<\/p>\n<p>23 : 18 cm. 263 Seiten 54 Tafeln. Original-Halb-Leinenband.<\/p>\n<p>40,00 EUR<\/p>\n","protected":false},"excerpt":{"rendered":"<p>Erste Ausgabe. &#8211; Mit vielen literarischen Portr\u00e4ts von K\u00fcnstlern der Vergangenheit und der Moderne. Unter anderem \u00fcber Mar\u00e9ss, Klimt, Klinger, Romako, Schuch, Hodler, Welti, Crane, Daumier, Gauguin, Monet, Moreau, Renoir, Zorn, Van Gogh, Goya, Greco.<\/p>\n","protected":false},"featured_media":0,"template":"","meta":[],"product_brand":[],"product_cat":[29,43,40,485,914],"product_tag":[],"class_list":{"0":"post-6945","1":"product","2":"type-product","3":"status-publish","5":"product_cat-20-jahrhundert","6":"product_cat-illustrierte-buecher","7":"product_cat-kuenstlermonographien","8":"product_cat-totentanz","9":"product_cat-zvab","11":"first","12":"instock","13":"purchasable","14":"product-type-simple"},"_links":{"self":[{"href":"https:\/\/antiquariat-steinbach.com\/rarebooks\/wp-json\/wp\/v2\/product\/6945","targetHints":{"allow":["GET"]}}],"collection":[{"href":"https:\/\/antiquariat-steinbach.com\/rarebooks\/wp-json\/wp\/v2\/product"}],"about":[{"href":"https:\/\/antiquariat-steinbach.com\/rarebooks\/wp-json\/wp\/v2\/types\/product"}],"version-history":[{"count":3,"href":"https:\/\/antiquariat-steinbach.com\/rarebooks\/wp-json\/wp\/v2\/product\/6945\/revisions"}],"predecessor-version":[{"id":21398,"href":"https:\/\/antiquariat-steinbach.com\/rarebooks\/wp-json\/wp\/v2\/product\/6945\/revisions\/21398"}],"wp:attachment":[{"href":"https:\/\/antiquariat-steinbach.com\/rarebooks\/wp-json\/wp\/v2\/media?parent=6945"}],"wp:term":[{"taxonomy":"product_brand","embeddable":true,"href":"https:\/\/antiquariat-steinbach.com\/rarebooks\/wp-json\/wp\/v2\/product_brand?post=6945"},{"taxonomy":"product_cat","embeddable":true,"href":"https:\/\/antiquariat-steinbach.com\/rarebooks\/wp-json\/wp\/v2\/product_cat?post=6945"},{"taxonomy":"product_tag","embeddable":true,"href":"https:\/\/antiquariat-steinbach.com\/rarebooks\/wp-json\/wp\/v2\/product_tag?post=6945"}],"curies":[{"name":"wp","href":"https:\/\/api.w.org\/{rel}","templated":true}]}}