{"id":6941,"date":"2026-03-12T00:20:34","date_gmt":"2026-03-11T23:20:34","guid":{"rendered":"http:\/\/antiquariat-steinbach.com\/rarebooks\/produkt\/karl-roessing-die-linolschnitte-mit-ihren-entwuerfen-und-holztafeldrucken\/"},"modified":"2026-03-12T00:20:35","modified_gmt":"2026-03-11T23:20:35","slug":"roessing-thiem-gunther-karl-roessing-die-linolschnitte-mit-ihren-entwuerfen-und-holztafeldrucken","status":"publish","type":"product","link":"https:\/\/antiquariat-steinbach.com\/rarebooks\/produkt\/roessing-thiem-gunther-karl-roessing-die-linolschnitte-mit-ihren-entwuerfen-und-holztafeldrucken\/","title":{"rendered":"R\u00f6ssing &#8211;   Thiem, Gunther. &#8211;  Karl R\u00f6ssing. Die Linolschnitte mit ihren Entw\u00fcrfen und Holztafeldrucken."},"content":{"rendered":"<p>Stuttgart, Staatsgalerie graphische Sammlung, 1977.<\/p>\n<p>32,5 : 24 cm. 62 Seiten mit vielen, 2 farbigen, Tafeln und Abbildungen. Farbig illustrierter Original Karton.<\/p>\n<p>30,00 EUR<\/p>\n","protected":false},"excerpt":{"rendered":"<p>Stuttgart, Staatsgalerie graphische Sammlung, 1977. 32,5 : 24 cm. 62 Seiten mit vielen, 2 farbigen, Tafeln und Abbildungen. Farbig illustrierter&hellip;<\/p>\n","protected":false},"featured_media":22626,"template":"","meta":[],"product_brand":[],"product_cat":[29,43,809,101,914],"product_tag":[],"class_list":{"0":"post-6941","1":"product","2":"type-product","3":"status-publish","4":"has-post-thumbnail","6":"product_cat-20-jahrhundert","7":"product_cat-illustrierte-buecher","8":"product_cat-roessing","9":"product_cat-werkverzeichnis","10":"product_cat-zvab","12":"first","13":"instock","14":"purchasable","15":"product-type-simple"},"_links":{"self":[{"href":"https:\/\/antiquariat-steinbach.com\/rarebooks\/wp-json\/wp\/v2\/product\/6941","targetHints":{"allow":["GET"]}}],"collection":[{"href":"https:\/\/antiquariat-steinbach.com\/rarebooks\/wp-json\/wp\/v2\/product"}],"about":[{"href":"https:\/\/antiquariat-steinbach.com\/rarebooks\/wp-json\/wp\/v2\/types\/product"}],"version-history":[{"count":3,"href":"https:\/\/antiquariat-steinbach.com\/rarebooks\/wp-json\/wp\/v2\/product\/6941\/revisions"}],"predecessor-version":[{"id":21396,"href":"https:\/\/antiquariat-steinbach.com\/rarebooks\/wp-json\/wp\/v2\/product\/6941\/revisions\/21396"}],"wp:featuredmedia":[{"embeddable":true,"href":"https:\/\/antiquariat-steinbach.com\/rarebooks\/wp-json\/wp\/v2\/media\/22626"}],"wp:attachment":[{"href":"https:\/\/antiquariat-steinbach.com\/rarebooks\/wp-json\/wp\/v2\/media?parent=6941"}],"wp:term":[{"taxonomy":"product_brand","embeddable":true,"href":"https:\/\/antiquariat-steinbach.com\/rarebooks\/wp-json\/wp\/v2\/product_brand?post=6941"},{"taxonomy":"product_cat","embeddable":true,"href":"https:\/\/antiquariat-steinbach.com\/rarebooks\/wp-json\/wp\/v2\/product_cat?post=6941"},{"taxonomy":"product_tag","embeddable":true,"href":"https:\/\/antiquariat-steinbach.com\/rarebooks\/wp-json\/wp\/v2\/product_tag?post=6941"}],"curies":[{"name":"wp","href":"https:\/\/api.w.org\/{rel}","templated":true}]}}