{"id":6913,"date":"2026-03-12T00:22:34","date_gmt":"2026-03-11T23:22:34","guid":{"rendered":"http:\/\/antiquariat-steinbach.com\/rarebooks\/produkt\/das-berner-oberland\/"},"modified":"2026-03-12T00:22:34","modified_gmt":"2026-03-11T23:22:34","slug":"schweiz-robock-ludwig-eduard-osenbruegger-das-berner-oberland","status":"publish","type":"product","link":"https:\/\/antiquariat-steinbach.com\/rarebooks\/produkt\/schweiz-robock-ludwig-eduard-osenbruegger-das-berner-oberland\/","title":{"rendered":"Schweiz &#8211;   Robock, Ludwig &#038; Eduard Osenbr\u00fcgger: &#8211;  Das Berner Oberland."},"content":{"rendered":"<p>Darmstadt, Bern und Berlin, K\u00f6hler, Dalp und Bette o.J.(um 1872).<\/p>\n<p>36 : 27,5 cm. VIII, 72 Seiten Mit 20 farbigen, chromolithographierten Tafeln. Original Leinenband mit Gold- und Blindpr\u00e4gung, dreiseitiger Goldschnitt.<\/p>\n<p>450,00 EUR<\/p>\n","protected":false},"excerpt":{"rendered":"<p>Gesuchtes Ansichtenwerk des herrlichen Berner Oberlandes, mit den hervorragenden chromolithographierten Bildtafeln nach den sch\u00f6nen Vorlagen von Ludwig Robock, Ansichten von St\u00e4dte, Gletschern und Landschaften. Darunter: Aussicht auf das Berner-Oberland, Bern, Thun und Bl\u00fcmlisalp, Spiez, Grindelwald, Interlaken, M\u00fcrren, Lauterbrunnen,  Wetterhorn, Reichenbachfall, Rosenlauigletscher, Handeck, Rhonegletscher, Giessbach, Jungfrau, Schreckhorn u.a. &#8211; In dem dekorativen Original-Einband, dieser nur anden Kanten gering berieben, Deckel oben mit kleinem Fleck; sonst sch\u00f6nes Exemplar.<\/p>\n","protected":false},"featured_media":15864,"template":"","meta":[],"product_brand":[],"product_cat":[83,65,100,914],"product_tag":[],"class_list":{"0":"post-6913","1":"product","2":"type-product","3":"status-publish","4":"has-post-thumbnail","6":"product_cat-ansichten","7":"product_cat-geographie","8":"product_cat-helvetica","9":"product_cat-zvab","11":"first","12":"instock","13":"purchasable","14":"product-type-simple"},"_links":{"self":[{"href":"https:\/\/antiquariat-steinbach.com\/rarebooks\/wp-json\/wp\/v2\/product\/6913","targetHints":{"allow":["GET"]}}],"collection":[{"href":"https:\/\/antiquariat-steinbach.com\/rarebooks\/wp-json\/wp\/v2\/product"}],"about":[{"href":"https:\/\/antiquariat-steinbach.com\/rarebooks\/wp-json\/wp\/v2\/types\/product"}],"version-history":[{"count":4,"href":"https:\/\/antiquariat-steinbach.com\/rarebooks\/wp-json\/wp\/v2\/product\/6913\/revisions"}],"predecessor-version":[{"id":23770,"href":"https:\/\/antiquariat-steinbach.com\/rarebooks\/wp-json\/wp\/v2\/product\/6913\/revisions\/23770"}],"wp:featuredmedia":[{"embeddable":true,"href":"https:\/\/antiquariat-steinbach.com\/rarebooks\/wp-json\/wp\/v2\/media\/15864"}],"wp:attachment":[{"href":"https:\/\/antiquariat-steinbach.com\/rarebooks\/wp-json\/wp\/v2\/media?parent=6913"}],"wp:term":[{"taxonomy":"product_brand","embeddable":true,"href":"https:\/\/antiquariat-steinbach.com\/rarebooks\/wp-json\/wp\/v2\/product_brand?post=6913"},{"taxonomy":"product_cat","embeddable":true,"href":"https:\/\/antiquariat-steinbach.com\/rarebooks\/wp-json\/wp\/v2\/product_cat?post=6913"},{"taxonomy":"product_tag","embeddable":true,"href":"https:\/\/antiquariat-steinbach.com\/rarebooks\/wp-json\/wp\/v2\/product_tag?post=6913"}],"curies":[{"name":"wp","href":"https:\/\/api.w.org\/{rel}","templated":true}]}}