{"id":6911,"date":"2026-03-12T00:20:32","date_gmt":"2026-03-11T23:20:32","guid":{"rendered":"http:\/\/antiquariat-steinbach.com\/rarebooks\/produkt\/le-robinson-suisse-2\/"},"modified":"2026-03-12T00:20:34","modified_gmt":"2026-03-11T23:20:34","slug":"robinsonaden-wyss-j-r-le-robinson-suisse-2","status":"publish","type":"product","link":"https:\/\/antiquariat-steinbach.com\/rarebooks\/produkt\/robinsonaden-wyss-j-r-le-robinson-suisse-2\/","title":{"rendered":"Robinsonaden &#8211;   Wyss, J.R: &#8211;  Le Robinson Suisse."},"content":{"rendered":"<p>Paris, Didier 1839.<\/p>\n<p>3. \u00e9dition. 18 : 11 cm. Titel, IV, 263 Seiten, 1 Blatt; 265 Seiten, 1 Blatt geschnittener Titel, 4 Kupfertafeln, 1 gefaltete gestochene Karte. Lederband der Zeit mit reicher R\u00fcckenvergoldung, Deckelblindpr\u00e4gung.<\/p>\n<p>90,00 EUR<\/p>\n","protected":false},"excerpt":{"rendered":"<p>Es scheint, da\u00df diese \u00dcbersetzung der Madame Voiart mehr gesch\u00e4tzt wird als die \u00e4ltere von Madame de Montolieu. Mit h\u00fcbschen Kupfern. &#8211; Stellenweise fleckig; R\u00fccken und Kanten berieben. &#8211; Biblioth\u00e8que Universelle d&#8217;Education.<\/p>\n","protected":false},"featured_media":15863,"template":"","meta":[],"product_brand":[],"product_cat":[807,100,60,592,914],"product_tag":[],"class_list":{"0":"post-6911","1":"product","2":"type-product","3":"status-publish","4":"has-post-thumbnail","6":"product_cat-fremdsprachig","7":"product_cat-helvetica","8":"product_cat-kinderbuecher","9":"product_cat-robinsonaden","10":"product_cat-zvab","12":"first","13":"instock","14":"purchasable","15":"product-type-simple"},"_links":{"self":[{"href":"https:\/\/antiquariat-steinbach.com\/rarebooks\/wp-json\/wp\/v2\/product\/6911","targetHints":{"allow":["GET"]}}],"collection":[{"href":"https:\/\/antiquariat-steinbach.com\/rarebooks\/wp-json\/wp\/v2\/product"}],"about":[{"href":"https:\/\/antiquariat-steinbach.com\/rarebooks\/wp-json\/wp\/v2\/types\/product"}],"version-history":[{"count":3,"href":"https:\/\/antiquariat-steinbach.com\/rarebooks\/wp-json\/wp\/v2\/product\/6911\/revisions"}],"predecessor-version":[{"id":21385,"href":"https:\/\/antiquariat-steinbach.com\/rarebooks\/wp-json\/wp\/v2\/product\/6911\/revisions\/21385"}],"wp:featuredmedia":[{"embeddable":true,"href":"https:\/\/antiquariat-steinbach.com\/rarebooks\/wp-json\/wp\/v2\/media\/15863"}],"wp:attachment":[{"href":"https:\/\/antiquariat-steinbach.com\/rarebooks\/wp-json\/wp\/v2\/media?parent=6911"}],"wp:term":[{"taxonomy":"product_brand","embeddable":true,"href":"https:\/\/antiquariat-steinbach.com\/rarebooks\/wp-json\/wp\/v2\/product_brand?post=6911"},{"taxonomy":"product_cat","embeddable":true,"href":"https:\/\/antiquariat-steinbach.com\/rarebooks\/wp-json\/wp\/v2\/product_cat?post=6911"},{"taxonomy":"product_tag","embeddable":true,"href":"https:\/\/antiquariat-steinbach.com\/rarebooks\/wp-json\/wp\/v2\/product_tag?post=6911"}],"curies":[{"name":"wp","href":"https:\/\/api.w.org\/{rel}","templated":true}]}}