{"id":6907,"date":"2026-03-12T00:20:32","date_gmt":"2026-03-11T23:20:32","guid":{"rendered":"http:\/\/antiquariat-steinbach.com\/rarebooks\/produkt\/le-robinson-suisse-ou-journal-dun-pere-de-famille-naufrage-avec-ses-enfans\/"},"modified":"2026-03-12T00:20:33","modified_gmt":"2026-03-11T23:20:33","slug":"robinsonaden-montolieu-isabelle-de-le-robinson-suisse-ou-journal-dun-pere-de-famille-naufrage-avec-ses-enfans","status":"publish","type":"product","link":"https:\/\/antiquariat-steinbach.com\/rarebooks\/produkt\/robinsonaden-montolieu-isabelle-de-le-robinson-suisse-ou-journal-dun-pere-de-famille-naufrage-avec-ses-enfans\/","title":{"rendered":"Robinsonaden &#8211;   Montolieu, Isabelle de: &#8211;  Le Robinson Suisse, ou journal d&#8217;un p\u00e8re de famille naufrag\u00e9 avec ses enfans."},"content":{"rendered":"<p>Paris, Bertrand 1824.<\/p>\n<p>4. \u00e9dition. B\u00e4nde 1 und 2 (von 5). 17,5 : 10,5 cm. XIX, 279 Seiten; Titel, 272 Seiten mit 2 gestochenen Frontisp. und 1 gefalteten, gestochenen Karte. Lederb\u00e4nde der Zeit mit R\u00fccken- und Deckelvergoldung, 2 R\u00fcckenschildern.<\/p>\n<p>190,00 EUR<\/p>\n","protected":false},"excerpt":{"rendered":"<p>Die beiden ersten B\u00e4nde in der seltenen vierten Auflage, der gesuchten Robinson-Bearbeitung der Madame Montolieu. Band 3 &#8211; 5 enthalten die Fortsetzung der Madame Montolieu. Insgesamt erschienen 5 B\u00e4nde. Beide B\u00e4nde mit dem Vortitel &#8222;Oeuvres de Mme la Baronne Isabelle de Montolieu&#8220;. &#8211; Die dekorativen Einb\u00e4nde teils berieben. &#8211; Vgl. Seeba\u00df I, 1624; Ullrich IV, 113 m.<\/p>\n","protected":false},"featured_media":15861,"template":"","meta":[],"product_brand":[],"product_cat":[807,100,60,592,914],"product_tag":[],"class_list":{"0":"post-6907","1":"product","2":"type-product","3":"status-publish","4":"has-post-thumbnail","6":"product_cat-fremdsprachig","7":"product_cat-helvetica","8":"product_cat-kinderbuecher","9":"product_cat-robinsonaden","10":"product_cat-zvab","12":"first","13":"instock","14":"purchasable","15":"product-type-simple"},"_links":{"self":[{"href":"https:\/\/antiquariat-steinbach.com\/rarebooks\/wp-json\/wp\/v2\/product\/6907","targetHints":{"allow":["GET"]}}],"collection":[{"href":"https:\/\/antiquariat-steinbach.com\/rarebooks\/wp-json\/wp\/v2\/product"}],"about":[{"href":"https:\/\/antiquariat-steinbach.com\/rarebooks\/wp-json\/wp\/v2\/types\/product"}],"version-history":[{"count":4,"href":"https:\/\/antiquariat-steinbach.com\/rarebooks\/wp-json\/wp\/v2\/product\/6907\/revisions"}],"predecessor-version":[{"id":28540,"href":"https:\/\/antiquariat-steinbach.com\/rarebooks\/wp-json\/wp\/v2\/product\/6907\/revisions\/28540"}],"wp:featuredmedia":[{"embeddable":true,"href":"https:\/\/antiquariat-steinbach.com\/rarebooks\/wp-json\/wp\/v2\/media\/15861"}],"wp:attachment":[{"href":"https:\/\/antiquariat-steinbach.com\/rarebooks\/wp-json\/wp\/v2\/media?parent=6907"}],"wp:term":[{"taxonomy":"product_brand","embeddable":true,"href":"https:\/\/antiquariat-steinbach.com\/rarebooks\/wp-json\/wp\/v2\/product_brand?post=6907"},{"taxonomy":"product_cat","embeddable":true,"href":"https:\/\/antiquariat-steinbach.com\/rarebooks\/wp-json\/wp\/v2\/product_cat?post=6907"},{"taxonomy":"product_tag","embeddable":true,"href":"https:\/\/antiquariat-steinbach.com\/rarebooks\/wp-json\/wp\/v2\/product_tag?post=6907"}],"curies":[{"name":"wp","href":"https:\/\/api.w.org\/{rel}","templated":true}]}}