{"id":6899,"date":"2026-03-12T00:20:32","date_gmt":"2026-03-11T23:20:32","guid":{"rendered":"http:\/\/antiquariat-steinbach.com\/rarebooks\/produkt\/allgemeines-deutsches-gartenbuch\/"},"modified":"2026-03-12T00:20:33","modified_gmt":"2026-03-11T23:20:33","slug":"ritter-joh-albert-allgemeines-deutsches-gartenbuch","status":"publish","type":"product","link":"https:\/\/antiquariat-steinbach.com\/rarebooks\/produkt\/ritter-joh-albert-allgemeines-deutsches-gartenbuch\/","title":{"rendered":"Ritter, Joh. Albert: &#8211;  Allgemeines deutsches Gartenbuch."},"content":{"rendered":"<p>Quedlinburg und Leipzig, Basse 1850.<\/p>\n<p>7. verm. u. verb. Auflage. 18 : 12 cm. IV, 588 Seiten mit 4 gefalteten, lithogrphierten Tafeln. Pappband im Stil der Zeit.<\/p>\n<p>50,00 EUR<\/p>\n","protected":false},"excerpt":{"rendered":"<p>Enth\u00e4lt die Gem\u00fcse-, Baum-, Pflanzen-, Blumen- und Landschaftg\u00e4rtnerei, den Weinbau, das Glashaus-, Mistbeet-, Zimmer- und Fenster-Treiberei, sowie die h\u00f6here Gartenkunst. In lexikalischer Form erschienen. &#8211; Zu Beginn einige Unterstreichungen, stellenweise gering fleckig. &#8211; Dochnahl S. 132; vgl. Engelmann Bibl. oec. 268 (4. Aufl.).<\/p>\n","protected":false},"featured_media":0,"template":"","meta":[],"product_brand":[],"product_cat":[549,914],"product_tag":[],"class_list":{"0":"post-6899","1":"product","2":"type-product","3":"status-publish","5":"product_cat-garten","6":"product_cat-zvab","8":"first","9":"instock","10":"purchasable","11":"product-type-simple"},"_links":{"self":[{"href":"https:\/\/antiquariat-steinbach.com\/rarebooks\/wp-json\/wp\/v2\/product\/6899","targetHints":{"allow":["GET"]}}],"collection":[{"href":"https:\/\/antiquariat-steinbach.com\/rarebooks\/wp-json\/wp\/v2\/product"}],"about":[{"href":"https:\/\/antiquariat-steinbach.com\/rarebooks\/wp-json\/wp\/v2\/types\/product"}],"version-history":[{"count":3,"href":"https:\/\/antiquariat-steinbach.com\/rarebooks\/wp-json\/wp\/v2\/product\/6899\/revisions"}],"predecessor-version":[{"id":21378,"href":"https:\/\/antiquariat-steinbach.com\/rarebooks\/wp-json\/wp\/v2\/product\/6899\/revisions\/21378"}],"wp:attachment":[{"href":"https:\/\/antiquariat-steinbach.com\/rarebooks\/wp-json\/wp\/v2\/media?parent=6899"}],"wp:term":[{"taxonomy":"product_brand","embeddable":true,"href":"https:\/\/antiquariat-steinbach.com\/rarebooks\/wp-json\/wp\/v2\/product_brand?post=6899"},{"taxonomy":"product_cat","embeddable":true,"href":"https:\/\/antiquariat-steinbach.com\/rarebooks\/wp-json\/wp\/v2\/product_cat?post=6899"},{"taxonomy":"product_tag","embeddable":true,"href":"https:\/\/antiquariat-steinbach.com\/rarebooks\/wp-json\/wp\/v2\/product_tag?post=6899"}],"curies":[{"name":"wp","href":"https:\/\/api.w.org\/{rel}","templated":true}]}}