{"id":6893,"date":"2026-03-12T00:20:32","date_gmt":"2026-03-11T23:20:32","guid":{"rendered":"http:\/\/antiquariat-steinbach.com\/rarebooks\/produkt\/die-zwanziger-jahre-in-hannover\/"},"modified":"2026-03-12T00:20:32","modified_gmt":"2026-03-11T23:20:32","slug":"rischbitter-henning-die-zwanziger-jahre-in-hannover","status":"publish","type":"product","link":"https:\/\/antiquariat-steinbach.com\/rarebooks\/produkt\/rischbitter-henning-die-zwanziger-jahre-in-hannover\/","title":{"rendered":"Rischbitter, Henning. &#8211;  Die zwanziger Jahre in Hannover."},"content":{"rendered":"<p>Hannover, Kunstverein, 1962.<\/p>\n<p>21,5 ; 22 cm. 245 Seiten mit vielen, teils farbigen Abbildungen, 10 Blatt. Illustrierter Original-Karton.<\/p>\n<p>45,00 EUR<\/p>\n","protected":false},"excerpt":{"rendered":"<p>Enth\u00e4lt die Beitr\u00e4ge \u00fcber die Kestner-Gesellschft, Hannoversche Sezession, Kurt Schwitters: Mrzdichtung und Merzbau, Dorner, Lissitzky und daasKabinett der Abstrakten, die Neue Sachlichkeit u.a.<\/p>\n","protected":false},"featured_media":0,"template":"","meta":[],"product_brand":[],"product_cat":[29,167,74,43,914],"product_tag":[],"class_list":{"0":"post-6893","1":"product","2":"type-product","3":"status-publish","5":"product_cat-20-jahrhundert","6":"product_cat-dada","7":"product_cat-deutschland","8":"product_cat-illustrierte-buecher","9":"product_cat-zvab","11":"first","12":"instock","13":"purchasable","14":"product-type-simple"},"_links":{"self":[{"href":"https:\/\/antiquariat-steinbach.com\/rarebooks\/wp-json\/wp\/v2\/product\/6893","targetHints":{"allow":["GET"]}}],"collection":[{"href":"https:\/\/antiquariat-steinbach.com\/rarebooks\/wp-json\/wp\/v2\/product"}],"about":[{"href":"https:\/\/antiquariat-steinbach.com\/rarebooks\/wp-json\/wp\/v2\/types\/product"}],"version-history":[{"count":3,"href":"https:\/\/antiquariat-steinbach.com\/rarebooks\/wp-json\/wp\/v2\/product\/6893\/revisions"}],"predecessor-version":[{"id":21375,"href":"https:\/\/antiquariat-steinbach.com\/rarebooks\/wp-json\/wp\/v2\/product\/6893\/revisions\/21375"}],"wp:attachment":[{"href":"https:\/\/antiquariat-steinbach.com\/rarebooks\/wp-json\/wp\/v2\/media?parent=6893"}],"wp:term":[{"taxonomy":"product_brand","embeddable":true,"href":"https:\/\/antiquariat-steinbach.com\/rarebooks\/wp-json\/wp\/v2\/product_brand?post=6893"},{"taxonomy":"product_cat","embeddable":true,"href":"https:\/\/antiquariat-steinbach.com\/rarebooks\/wp-json\/wp\/v2\/product_cat?post=6893"},{"taxonomy":"product_tag","embeddable":true,"href":"https:\/\/antiquariat-steinbach.com\/rarebooks\/wp-json\/wp\/v2\/product_tag?post=6893"}],"curies":[{"name":"wp","href":"https:\/\/api.w.org\/{rel}","templated":true}]}}