{"id":6839,"date":"2026-03-12T00:20:28","date_gmt":"2026-03-11T23:20:28","guid":{"rendered":"http:\/\/antiquariat-steinbach.com\/rarebooks\/produkt\/die-nichtchinesischen-staemme-suedchinas-ein-ueberblick\/"},"modified":"2026-03-12T00:20:29","modified_gmt":"2026-03-11T23:20:29","slug":"rheinwald-otto-die-nichtchinesischen-staemme-suedchinas-ein-ueberblick","status":"publish","type":"product","link":"https:\/\/antiquariat-steinbach.com\/rarebooks\/produkt\/rheinwald-otto-die-nichtchinesischen-staemme-suedchinas-ein-ueberblick\/","title":{"rendered":"Rheinwald, Otto. &#8211;  Die Nichtchinesischen  St\u00e4mme S\u00fcdchinas. Ein \u00dcberblick."},"content":{"rendered":"<p>Tokyo, Deutsche Gesellschaft f\u00fcr Natur- und V\u00f6lkerkunde Ostasiens, 1942<\/p>\n<p>24 : 16,5 cm. 4 leaves, 87 pages, 10 plates and 1 folded map. Original wrappers.<\/p>\n<p>75,00 EUR<\/p>\n","protected":false},"excerpt":{"rendered":"<p>Mitteilungen der deutschen Gesellschaft f\u00fcr Natur- und V\u00f6lkerkune Ostasiens, Vol. XXXIII, part A. &#8211; Upper spine missing 2 cm.<\/p>\n","protected":false},"featured_media":18053,"template":"","meta":[],"product_brand":[],"product_cat":[53,59,914],"product_tag":[],"class_list":{"0":"post-6839","1":"product","2":"type-product","3":"status-publish","4":"has-post-thumbnail","6":"product_cat-china","7":"product_cat-kulturgeschichte","8":"product_cat-zvab","10":"first","11":"instock","12":"purchasable","13":"product-type-simple"},"_links":{"self":[{"href":"https:\/\/antiquariat-steinbach.com\/rarebooks\/wp-json\/wp\/v2\/product\/6839","targetHints":{"allow":["GET"]}}],"collection":[{"href":"https:\/\/antiquariat-steinbach.com\/rarebooks\/wp-json\/wp\/v2\/product"}],"about":[{"href":"https:\/\/antiquariat-steinbach.com\/rarebooks\/wp-json\/wp\/v2\/types\/product"}],"version-history":[{"count":3,"href":"https:\/\/antiquariat-steinbach.com\/rarebooks\/wp-json\/wp\/v2\/product\/6839\/revisions"}],"predecessor-version":[{"id":21349,"href":"https:\/\/antiquariat-steinbach.com\/rarebooks\/wp-json\/wp\/v2\/product\/6839\/revisions\/21349"}],"wp:featuredmedia":[{"embeddable":true,"href":"https:\/\/antiquariat-steinbach.com\/rarebooks\/wp-json\/wp\/v2\/media\/18053"}],"wp:attachment":[{"href":"https:\/\/antiquariat-steinbach.com\/rarebooks\/wp-json\/wp\/v2\/media?parent=6839"}],"wp:term":[{"taxonomy":"product_brand","embeddable":true,"href":"https:\/\/antiquariat-steinbach.com\/rarebooks\/wp-json\/wp\/v2\/product_brand?post=6839"},{"taxonomy":"product_cat","embeddable":true,"href":"https:\/\/antiquariat-steinbach.com\/rarebooks\/wp-json\/wp\/v2\/product_cat?post=6839"},{"taxonomy":"product_tag","embeddable":true,"href":"https:\/\/antiquariat-steinbach.com\/rarebooks\/wp-json\/wp\/v2\/product_tag?post=6839"}],"curies":[{"name":"wp","href":"https:\/\/api.w.org\/{rel}","templated":true}]}}