{"id":6821,"date":"2026-03-12T00:20:26","date_gmt":"2026-03-11T23:20:26","guid":{"rendered":"http:\/\/antiquariat-steinbach.com\/rarebooks\/produkt\/moebel-lexikon\/"},"modified":"2026-03-12T00:20:27","modified_gmt":"2026-03-11T23:20:27","slug":"rettelbusch-e-moebel-lexikon","status":"publish","type":"product","link":"https:\/\/antiquariat-steinbach.com\/rarebooks\/produkt\/rettelbusch-e-moebel-lexikon\/","title":{"rendered":"(Rettelbusch, E.): &#8211;  M\u00f6bel-Lexikon."},"content":{"rendered":"<p>N\u00fcrnberg, Rettelbusch o.J.(ca. 1880).<\/p>\n<p>20 : 13 cm. 287 Seiten Mit hunderten Abbildungen auf 255 Seiten. Original-Halbleinenband.<\/p>\n<p>80,00 EUR<\/p>\n","protected":false},"excerpt":{"rendered":"<p>Zeigt M\u00f6bel f\u00fcr K\u00fcchen, Vorplatz, Schlafzimmer, Wohnzimmer, gute Stube, Salon, Herrenzimmer, Jagdzimmer, Speisezimmer, Kirchenm\u00f6bel, Restauratinsm\u00f6bel, Ladenm\u00f6bel, Luxusm\u00f6bel, kleine M\u00f6bel, Einzelm\u00f6bel u.a. &#8211; Letzten 5 Blatt und R\u00fcckedeckel unten rechts st\u00e4rker fleckig; Einband berieben, R\u00fcckdeckel rechts unten mit kleiner Besch\u00e4digung.<\/p>\n","protected":false},"featured_media":0,"template":"","meta":[],"product_brand":[],"product_cat":[48,233,232,914],"product_tag":[],"class_list":{"0":"post-6821","1":"product","2":"type-product","3":"status-publish","5":"product_cat-architektur","6":"product_cat-innenarchitektur","7":"product_cat-moebel","8":"product_cat-zvab","10":"first","11":"instock","12":"purchasable","13":"product-type-simple"},"_links":{"self":[{"href":"https:\/\/antiquariat-steinbach.com\/rarebooks\/wp-json\/wp\/v2\/product\/6821","targetHints":{"allow":["GET"]}}],"collection":[{"href":"https:\/\/antiquariat-steinbach.com\/rarebooks\/wp-json\/wp\/v2\/product"}],"about":[{"href":"https:\/\/antiquariat-steinbach.com\/rarebooks\/wp-json\/wp\/v2\/types\/product"}],"version-history":[{"count":3,"href":"https:\/\/antiquariat-steinbach.com\/rarebooks\/wp-json\/wp\/v2\/product\/6821\/revisions"}],"predecessor-version":[{"id":21343,"href":"https:\/\/antiquariat-steinbach.com\/rarebooks\/wp-json\/wp\/v2\/product\/6821\/revisions\/21343"}],"wp:attachment":[{"href":"https:\/\/antiquariat-steinbach.com\/rarebooks\/wp-json\/wp\/v2\/media?parent=6821"}],"wp:term":[{"taxonomy":"product_brand","embeddable":true,"href":"https:\/\/antiquariat-steinbach.com\/rarebooks\/wp-json\/wp\/v2\/product_brand?post=6821"},{"taxonomy":"product_cat","embeddable":true,"href":"https:\/\/antiquariat-steinbach.com\/rarebooks\/wp-json\/wp\/v2\/product_cat?post=6821"},{"taxonomy":"product_tag","embeddable":true,"href":"https:\/\/antiquariat-steinbach.com\/rarebooks\/wp-json\/wp\/v2\/product_tag?post=6821"}],"curies":[{"name":"wp","href":"https:\/\/api.w.org\/{rel}","templated":true}]}}