{"id":6815,"date":"2026-03-12T00:20:26","date_gmt":"2026-03-11T23:20:26","guid":{"rendered":"http:\/\/antiquariat-steinbach.com\/rarebooks\/produkt\/die-jungfernprobe-oder-merkwuerdige-begebenheit-von-der-jungfrau-barbara-suezel-und-dem-henker-gieck-in-meckmuehl\/"},"modified":"2026-03-12T00:20:26","modified_gmt":"2026-03-11T23:20:26","slug":"renyi-lucka-emil-die-jungfernprobe-oder-merkwuerdige-begebenheit-von-der-jungfrau-barbara-suezel-und-dem-henker-gieck-in-meckmuehl","status":"publish","type":"product","link":"https:\/\/antiquariat-steinbach.com\/rarebooks\/produkt\/renyi-lucka-emil-die-jungfernprobe-oder-merkwuerdige-begebenheit-von-der-jungfrau-barbara-suezel-und-dem-henker-gieck-in-meckmuehl\/","title":{"rendered":"R\u00e9nyi &#8211;   Lucka, Emil: &#8211;  Die Jungfernprobe oder Merkw\u00fcrdige Begebenheit von der Jungfrau Barbara S\u00fczel und dem Henker Gieck in Meckm\u00fchl."},"content":{"rendered":"<p>Wien, Artur Wolf Verlag 1926.<\/p>\n<p>19 : 15 cm. 60 Seiten mit 22 (6 ganzseitigen) Original-Holzschnitten von Hugo R\u00e9nyi. Original-Leinenband.<\/p>\n<p>40,00 EUR<\/p>\n","protected":false},"excerpt":{"rendered":"<p>Wien, Artur Wolf Verlag 1926. 19 : 15 cm. 60 Seiten mit 22 (6 ganzseitigen) Original-Holzschnitten von Hugo R\u00e9nyi. Original-Leinenband.&hellip;<\/p>\n","protected":false},"featured_media":27531,"template":"","meta":[],"product_brand":[],"product_cat":[29,43,914],"product_tag":[],"class_list":{"0":"post-6815","1":"product","2":"type-product","3":"status-publish","4":"has-post-thumbnail","6":"product_cat-20-jahrhundert","7":"product_cat-illustrierte-buecher","8":"product_cat-zvab","10":"first","11":"instock","12":"purchasable","13":"product-type-simple"},"_links":{"self":[{"href":"https:\/\/antiquariat-steinbach.com\/rarebooks\/wp-json\/wp\/v2\/product\/6815","targetHints":{"allow":["GET"]}}],"collection":[{"href":"https:\/\/antiquariat-steinbach.com\/rarebooks\/wp-json\/wp\/v2\/product"}],"about":[{"href":"https:\/\/antiquariat-steinbach.com\/rarebooks\/wp-json\/wp\/v2\/types\/product"}],"version-history":[{"count":4,"href":"https:\/\/antiquariat-steinbach.com\/rarebooks\/wp-json\/wp\/v2\/product\/6815\/revisions"}],"predecessor-version":[{"id":27898,"href":"https:\/\/antiquariat-steinbach.com\/rarebooks\/wp-json\/wp\/v2\/product\/6815\/revisions\/27898"}],"wp:featuredmedia":[{"embeddable":true,"href":"https:\/\/antiquariat-steinbach.com\/rarebooks\/wp-json\/wp\/v2\/media\/27531"}],"wp:attachment":[{"href":"https:\/\/antiquariat-steinbach.com\/rarebooks\/wp-json\/wp\/v2\/media?parent=6815"}],"wp:term":[{"taxonomy":"product_brand","embeddable":true,"href":"https:\/\/antiquariat-steinbach.com\/rarebooks\/wp-json\/wp\/v2\/product_brand?post=6815"},{"taxonomy":"product_cat","embeddable":true,"href":"https:\/\/antiquariat-steinbach.com\/rarebooks\/wp-json\/wp\/v2\/product_cat?post=6815"},{"taxonomy":"product_tag","embeddable":true,"href":"https:\/\/antiquariat-steinbach.com\/rarebooks\/wp-json\/wp\/v2\/product_tag?post=6815"}],"curies":[{"name":"wp","href":"https:\/\/api.w.org\/{rel}","templated":true}]}}