{"id":6813,"date":"2026-03-12T00:20:26","date_gmt":"2026-03-11T23:20:26","guid":{"rendered":"http:\/\/antiquariat-steinbach.com\/rarebooks\/produkt\/le-pere-conte-toujours\/"},"modified":"2026-03-12T00:20:26","modified_gmt":"2026-03-11T23:20:26","slug":"renouville-comtesse-de-le-pere-conte-toujours","status":"publish","type":"product","link":"https:\/\/antiquariat-steinbach.com\/rarebooks\/produkt\/renouville-comtesse-de-le-pere-conte-toujours\/","title":{"rendered":"Renouville, Comtesse de: &#8211;  Le P\u00e9re Conte-Toujours."},"content":{"rendered":"<p>Paris, Courcier n.d.(1845).<\/p>\n<p>23 : 17,5 cm. 47 pages With 9 original lithographs. Boards, with mounted original coloured wrappers.<\/p>\n<p>220,00 EUR<\/p>\n","protected":false},"excerpt":{"rendered":"<p>Childrens fairy-tales, nicely illustrated and printed in big characters. &#8211; Rebound using the orginal illustrated coloured wrappers for spine and both boards. &#8211; Gumuchian 4724. Histoires enfantines, imprim\u00e9es en gros caract\u00e8res et illustr\u00e9es de neuf jolies lithographies.<\/p>\n","protected":false},"featured_media":15840,"template":"","meta":[],"product_brand":[],"product_cat":[143,60,914],"product_tag":[],"class_list":{"0":"post-6813","1":"product","2":"type-product","3":"status-publish","4":"has-post-thumbnail","6":"product_cat-francais","7":"product_cat-kinderbuecher","8":"product_cat-zvab","10":"first","11":"instock","12":"purchasable","13":"product-type-simple"},"_links":{"self":[{"href":"https:\/\/antiquariat-steinbach.com\/rarebooks\/wp-json\/wp\/v2\/product\/6813","targetHints":{"allow":["GET"]}}],"collection":[{"href":"https:\/\/antiquariat-steinbach.com\/rarebooks\/wp-json\/wp\/v2\/product"}],"about":[{"href":"https:\/\/antiquariat-steinbach.com\/rarebooks\/wp-json\/wp\/v2\/types\/product"}],"version-history":[{"count":3,"href":"https:\/\/antiquariat-steinbach.com\/rarebooks\/wp-json\/wp\/v2\/product\/6813\/revisions"}],"predecessor-version":[{"id":21339,"href":"https:\/\/antiquariat-steinbach.com\/rarebooks\/wp-json\/wp\/v2\/product\/6813\/revisions\/21339"}],"wp:featuredmedia":[{"embeddable":true,"href":"https:\/\/antiquariat-steinbach.com\/rarebooks\/wp-json\/wp\/v2\/media\/15840"}],"wp:attachment":[{"href":"https:\/\/antiquariat-steinbach.com\/rarebooks\/wp-json\/wp\/v2\/media?parent=6813"}],"wp:term":[{"taxonomy":"product_brand","embeddable":true,"href":"https:\/\/antiquariat-steinbach.com\/rarebooks\/wp-json\/wp\/v2\/product_brand?post=6813"},{"taxonomy":"product_cat","embeddable":true,"href":"https:\/\/antiquariat-steinbach.com\/rarebooks\/wp-json\/wp\/v2\/product_cat?post=6813"},{"taxonomy":"product_tag","embeddable":true,"href":"https:\/\/antiquariat-steinbach.com\/rarebooks\/wp-json\/wp\/v2\/product_tag?post=6813"}],"curies":[{"name":"wp","href":"https:\/\/api.w.org\/{rel}","templated":true}]}}