{"id":6801,"date":"2026-03-12T00:20:24","date_gmt":"2026-03-11T23:20:24","guid":{"rendered":"http:\/\/antiquariat-steinbach.com\/rarebooks\/produkt\/fauna-germanica\/"},"modified":"2026-03-12T00:20:24","modified_gmt":"2026-03-11T23:20:24","slug":"reitter-edmund-fauna-germanica","status":"publish","type":"product","link":"https:\/\/antiquariat-steinbach.com\/rarebooks\/produkt\/reitter-edmund-fauna-germanica\/","title":{"rendered":"Reitter, Edmund: &#8211;  Fauna Germanica."},"content":{"rendered":"<p>Stuttgart, Lutz 1908-1912.<\/p>\n<p>Band 1 &#8211; 4 (von 5) 23 : 14,5 cm. Mit vielen teils farbigen Abbildungen auf 152 Tafelseiten und vielen Textabbildungen. Illustrierte Original-Leinenb\u00e4nde.<\/p>\n<p>80,00 EUR<\/p>\n","protected":false},"excerpt":{"rendered":"<p>Das umfassende Werk \u00fcber die in Deutschland vorkommenden K\u00e4fer. &#8211; Ohne den erst 1916 erschienen 5. Band. &#8211; Schriften des Deutschen Lehrervereins f\u00fcr Naturkunde, Bde. 22,24,26,27,28.  &#8211; Fliegende Vors\u00e4tze mit Stempel, Band 1 Buchblock gering gelockert. &#8211; Nissen 3359.<\/p>\n","protected":false},"featured_media":0,"template":"","meta":[],"product_brand":[],"product_cat":[82,98,914],"product_tag":[],"class_list":{"0":"post-6801","1":"product","2":"type-product","3":"status-publish","5":"product_cat-naturwissenschaften","6":"product_cat-zoologie","7":"product_cat-zvab","9":"first","10":"instock","11":"purchasable","12":"product-type-simple"},"_links":{"self":[{"href":"https:\/\/antiquariat-steinbach.com\/rarebooks\/wp-json\/wp\/v2\/product\/6801","targetHints":{"allow":["GET"]}}],"collection":[{"href":"https:\/\/antiquariat-steinbach.com\/rarebooks\/wp-json\/wp\/v2\/product"}],"about":[{"href":"https:\/\/antiquariat-steinbach.com\/rarebooks\/wp-json\/wp\/v2\/types\/product"}],"version-history":[{"count":3,"href":"https:\/\/antiquariat-steinbach.com\/rarebooks\/wp-json\/wp\/v2\/product\/6801\/revisions"}],"predecessor-version":[{"id":21331,"href":"https:\/\/antiquariat-steinbach.com\/rarebooks\/wp-json\/wp\/v2\/product\/6801\/revisions\/21331"}],"wp:attachment":[{"href":"https:\/\/antiquariat-steinbach.com\/rarebooks\/wp-json\/wp\/v2\/media?parent=6801"}],"wp:term":[{"taxonomy":"product_brand","embeddable":true,"href":"https:\/\/antiquariat-steinbach.com\/rarebooks\/wp-json\/wp\/v2\/product_brand?post=6801"},{"taxonomy":"product_cat","embeddable":true,"href":"https:\/\/antiquariat-steinbach.com\/rarebooks\/wp-json\/wp\/v2\/product_cat?post=6801"},{"taxonomy":"product_tag","embeddable":true,"href":"https:\/\/antiquariat-steinbach.com\/rarebooks\/wp-json\/wp\/v2\/product_tag?post=6801"}],"curies":[{"name":"wp","href":"https:\/\/api.w.org\/{rel}","templated":true}]}}