{"id":6797,"date":"2026-03-12T00:20:21","date_gmt":"2026-03-11T23:20:21","guid":{"rendered":"http:\/\/antiquariat-steinbach.com\/rarebooks\/produkt\/reise-in-mittelasien-von-teheran-durch-die-turkmenische-wueste-an-der-ostkueste-des-kaspischen-meeres-nach-chiwa-bochara-und-samarkand-ausgefuehrt-im-jahr-1863\/"},"modified":"2026-03-12T00:20:22","modified_gmt":"2026-03-11T23:20:22","slug":"reisen-vambery-hermann-reise-in-mittelasien-von-teheran-durch-die-turkmenische-wueste-an-der-ostkueste-des-kaspischen-meeres-nach-chiwa-bochara-und-samarkand-ausgefuehrt-im-jahr-1863","status":"publish","type":"product","link":"https:\/\/antiquariat-steinbach.com\/rarebooks\/produkt\/reisen-vambery-hermann-reise-in-mittelasien-von-teheran-durch-die-turkmenische-wueste-an-der-ostkueste-des-kaspischen-meeres-nach-chiwa-bochara-und-samarkand-ausgefuehrt-im-jahr-1863\/","title":{"rendered":"Reisen &#8211;   Vambery, Hermann: &#8211;  Reise in Mittelasien von Teheran durch die Turkmenische W\u00fcste an der Ostk\u00fcste des Kaspischen Meeres nach Chiwa, Bochara und Samarkand ausgef\u00fchrt im Jahr 1863."},"content":{"rendered":"<p>Leipzig, Brockhaus 1865.<\/p>\n<p>22 : 14 cm. XV Seiten, 1 Blatt, 352 Seiten Mit 12 Holzschnittafeln und 1 gefalteten, lithographierten, grenzkolorierten Karte. Halblederband der Zeit.<\/p>\n<p>450,00 EUR<\/p>\n","protected":false},"excerpt":{"rendered":"<p>Erste deutsche Ausgabe der Beschreibung der ersten Reise eines Westeurop\u00e4ers in dieses Gebiet. Um keinen Verdacht zu erregen durfte Vambery sich keinerlei offizielle Notizen w\u00e4hrend der Reise machen, sondern nur im Geheimen. -Karte mit kleinem Einri\u00df. R\u00fccken und Kanten etwas berieben, sonst gutes Exemplar.<\/p>\n","protected":false},"featured_media":15836,"template":"","meta":[],"product_brand":[],"product_cat":[63,65,914],"product_tag":[],"class_list":{"0":"post-6797","1":"product","2":"type-product","3":"status-publish","4":"has-post-thumbnail","6":"product_cat-asien","7":"product_cat-geographie","8":"product_cat-zvab","10":"first","11":"instock","12":"purchasable","13":"product-type-simple"},"_links":{"self":[{"href":"https:\/\/antiquariat-steinbach.com\/rarebooks\/wp-json\/wp\/v2\/product\/6797","targetHints":{"allow":["GET"]}}],"collection":[{"href":"https:\/\/antiquariat-steinbach.com\/rarebooks\/wp-json\/wp\/v2\/product"}],"about":[{"href":"https:\/\/antiquariat-steinbach.com\/rarebooks\/wp-json\/wp\/v2\/types\/product"}],"version-history":[{"count":4,"href":"https:\/\/antiquariat-steinbach.com\/rarebooks\/wp-json\/wp\/v2\/product\/6797\/revisions"}],"predecessor-version":[{"id":28789,"href":"https:\/\/antiquariat-steinbach.com\/rarebooks\/wp-json\/wp\/v2\/product\/6797\/revisions\/28789"}],"wp:featuredmedia":[{"embeddable":true,"href":"https:\/\/antiquariat-steinbach.com\/rarebooks\/wp-json\/wp\/v2\/media\/15836"}],"wp:attachment":[{"href":"https:\/\/antiquariat-steinbach.com\/rarebooks\/wp-json\/wp\/v2\/media?parent=6797"}],"wp:term":[{"taxonomy":"product_brand","embeddable":true,"href":"https:\/\/antiquariat-steinbach.com\/rarebooks\/wp-json\/wp\/v2\/product_brand?post=6797"},{"taxonomy":"product_cat","embeddable":true,"href":"https:\/\/antiquariat-steinbach.com\/rarebooks\/wp-json\/wp\/v2\/product_cat?post=6797"},{"taxonomy":"product_tag","embeddable":true,"href":"https:\/\/antiquariat-steinbach.com\/rarebooks\/wp-json\/wp\/v2\/product_tag?post=6797"}],"curies":[{"name":"wp","href":"https:\/\/api.w.org\/{rel}","templated":true}]}}