{"id":6793,"date":"2026-03-12T00:20:19","date_gmt":"2026-03-11T23:20:19","guid":{"rendered":"http:\/\/antiquariat-steinbach.com\/rarebooks\/produkt\/geschichte-der-protestantischen-ab-1818-der-evangelischen-missions-und-bibelgesellschften\/"},"modified":"2026-03-12T00:20:21","modified_gmt":"2026-03-11T23:20:21","slug":"reisen-magazin-fuer-die-neueste-geschichte-der-protestantischen-ab-1818-der-evangelischen-missions-und-bibelgesellschften","status":"publish","type":"product","link":"https:\/\/antiquariat-steinbach.com\/rarebooks\/produkt\/reisen-magazin-fuer-die-neueste-geschichte-der-protestantischen-ab-1818-der-evangelischen-missions-und-bibelgesellschften\/","title":{"rendered":"Reisen &#8211;   Magazin f\u00fcr die neueste: &#8211;  Geschichte der protestantischen (ab 1818 der evangelischen) Missions- und Bibelgesellschften."},"content":{"rendered":"<p>Basel, im Verlag des Missions-Instituts 1816 &#8211; 1854.<\/p>\n<p>B\u00e4nde 1-10, 12-24, 26-31, 35-37 und 39 zus. 33 Bde. 20 : 12 cm. Mit 40 Kupfertafeln und 18 (statt 19) gefalteten gestochenen Karten. 1 Portrait und 2 Tabellen. Halblederb\u00e4nde der Zeitmit farbigem R\u00fcckenschild und R\u00fcckenvergoldung (23) und Halbleinenb\u00e4nde der Zeit mit R\u00fcckentitel.<\/p>\n<p>2500,00 EUR<\/p>\n","protected":false},"excerpt":{"rendered":"<p>Contains many articles relative to America, the Indians, life of Zeisberger etc. One plate shows the vessel which brought the Slaves from Africa to America in a two month journey. &#8211; Sehr seltene, fast vollst\u00e4ndige Reihe der ersten 39 (von 40) Jahrg\u00e4ngen in je 4 Heften dieses Magazins, in dem eine Vielzahl von wichtigen Reiseberichten gesammelt sind, die zum allergr\u00f6\u00dften Teil nur in dieser Reihe ver\u00f6ffentlicht wurden und damit eine bedeutende Quelle sehr seltener Reisebeschreibungen darstellt. Behandelt L\u00e4nder und V\u00f6lker der ganzen Welt. Die Karten von Ceylon, der S\u00fcdseeinseln, der karibischen Inseln, Hawai, Neuseeland, Polynesien u.a. Unter den Kupfern eine Darstellung eines Transportschiffes f\u00fcr die Negersklaven auf der zweimonatigen Reise aus Africa nach Westindien. Die B\u00e4nde ab 1840 behandeln ausf\u00fchrlichst den indischen Subkontinent und Ceylon, sowie Teile von Afrika. Darinn Kupfer von Ladakh, Mangalore, die G\u00f6tter Brahma, Wischna, Schiwa und Durga, die 10 Awataras (Meschwerdung) Wischnas u.a. &#8211; Die Reihe erschien bis 1857 und danach als Neue Folge bis 1974. &#8211; Ohne die Jahrg\u00e4nge 11, 25, 32-34, 38 und 40. In den Jahrg\u00e4ngen5, 9, 20 und vermutlich22 fehlt jeweils eine Karte; in Jahrgang 29 Heft 1 fehlen die Seiten 7-10. Die Einb\u00e4nde etwas berieben, die R\u00fccken teils etwas verf\u00e4rbt; wenige Blatt gering knittrig, sonst sch\u00f6ne, einheitliche Reihe diese extrem seltenen Reisebeschreibungen. &#8211; Kirchner 2377; Sabin 43807.<\/p>\n","protected":false},"featured_media":15835,"template":"","meta":[],"product_brand":[],"product_cat":[64,63,65,301,914],"product_tag":[],"class_list":{"0":"post-6793","1":"product","2":"type-product","3":"status-publish","4":"has-post-thumbnail","6":"product_cat-afrika","7":"product_cat-asien","8":"product_cat-geographie","9":"product_cat-gesamtausgaben","10":"product_cat-zvab","12":"first","13":"instock","14":"purchasable","15":"product-type-simple"},"_links":{"self":[{"href":"https:\/\/antiquariat-steinbach.com\/rarebooks\/wp-json\/wp\/v2\/product\/6793","targetHints":{"allow":["GET"]}}],"collection":[{"href":"https:\/\/antiquariat-steinbach.com\/rarebooks\/wp-json\/wp\/v2\/product"}],"about":[{"href":"https:\/\/antiquariat-steinbach.com\/rarebooks\/wp-json\/wp\/v2\/types\/product"}],"version-history":[{"count":3,"href":"https:\/\/antiquariat-steinbach.com\/rarebooks\/wp-json\/wp\/v2\/product\/6793\/revisions"}],"predecessor-version":[{"id":21328,"href":"https:\/\/antiquariat-steinbach.com\/rarebooks\/wp-json\/wp\/v2\/product\/6793\/revisions\/21328"}],"wp:featuredmedia":[{"embeddable":true,"href":"https:\/\/antiquariat-steinbach.com\/rarebooks\/wp-json\/wp\/v2\/media\/15835"}],"wp:attachment":[{"href":"https:\/\/antiquariat-steinbach.com\/rarebooks\/wp-json\/wp\/v2\/media?parent=6793"}],"wp:term":[{"taxonomy":"product_brand","embeddable":true,"href":"https:\/\/antiquariat-steinbach.com\/rarebooks\/wp-json\/wp\/v2\/product_brand?post=6793"},{"taxonomy":"product_cat","embeddable":true,"href":"https:\/\/antiquariat-steinbach.com\/rarebooks\/wp-json\/wp\/v2\/product_cat?post=6793"},{"taxonomy":"product_tag","embeddable":true,"href":"https:\/\/antiquariat-steinbach.com\/rarebooks\/wp-json\/wp\/v2\/product_tag?post=6793"}],"curies":[{"name":"wp","href":"https:\/\/api.w.org\/{rel}","templated":true}]}}