{"id":6759,"date":"2026-03-12T00:20:17","date_gmt":"2026-03-11T23:20:17","guid":{"rendered":"http:\/\/antiquariat-steinbach.com\/rarebooks\/produkt\/alraeunchens-kraeuterbuch-darinnen-in-drei-gesonderten-theilen-enthaltend-sind-die-getreulichen-conterfeiungen-verschiedener-kraeutlien-und-blumen-dritter-theil-in-welchem-erblueht-ein-schier-liebli\/"},"modified":"2026-03-12T00:20:19","modified_gmt":"2026-03-11T23:20:19","slug":"reichlin-malgegg-adolfine-von-alraeunchens-kraeuterbuch-darinnen-in-drei-gesonderten-theilen-enthaltend-sind-die-getreulichen-conterfeiungen-verschiedener-kraeutlien-und-blumen-dritter-theil-in","status":"publish","type":"product","link":"https:\/\/antiquariat-steinbach.com\/rarebooks\/produkt\/reichlin-malgegg-adolfine-von-alraeunchens-kraeuterbuch-darinnen-in-drei-gesonderten-theilen-enthaltend-sind-die-getreulichen-conterfeiungen-verschiedener-kraeutlien-und-blumen-dritter-theil-in\/","title":{"rendered":"Reichlin-Malgegg, Adolfine von. &#8211;  Alr\u00e4unchens Kr\u00e4uterbuch darinnen in drei gesonderten Theilen enthaltend sind die getreulichen Conterfeiungen verschiedener Kr\u00e4utlien und Blumen&#8230;Dritter Theil in welchem erbl\u00fcht ein schier lieblicher Himmelsfr\u00fchling"},"content":{"rendered":"<p>Augsburg, Huttler, 1885<\/p>\n<p>Part three of three. 22 : 17,5 cm. 3 leaves, 125 pages with many coloured woodcut illustrations Half cloth<\/p>\n<p>150,00 EUR<\/p>\n","protected":false},"excerpt":{"rendered":"<p>Describes and illustrates the flowers which are specially used for Christmas, Easter and Pentecost. Lovely illustrated mainly for children.<\/p>\n","protected":false},"featured_media":15830,"template":"","meta":[],"product_brand":[],"product_cat":[37,60,914],"product_tag":[],"class_list":{"0":"post-6759","1":"product","2":"type-product","3":"status-publish","4":"has-post-thumbnail","6":"product_cat-botanik","7":"product_cat-kinderbuecher","8":"product_cat-zvab","10":"first","11":"instock","12":"purchasable","13":"product-type-simple"},"_links":{"self":[{"href":"https:\/\/antiquariat-steinbach.com\/rarebooks\/wp-json\/wp\/v2\/product\/6759","targetHints":{"allow":["GET"]}}],"collection":[{"href":"https:\/\/antiquariat-steinbach.com\/rarebooks\/wp-json\/wp\/v2\/product"}],"about":[{"href":"https:\/\/antiquariat-steinbach.com\/rarebooks\/wp-json\/wp\/v2\/types\/product"}],"version-history":[{"count":3,"href":"https:\/\/antiquariat-steinbach.com\/rarebooks\/wp-json\/wp\/v2\/product\/6759\/revisions"}],"predecessor-version":[{"id":21313,"href":"https:\/\/antiquariat-steinbach.com\/rarebooks\/wp-json\/wp\/v2\/product\/6759\/revisions\/21313"}],"wp:featuredmedia":[{"embeddable":true,"href":"https:\/\/antiquariat-steinbach.com\/rarebooks\/wp-json\/wp\/v2\/media\/15830"}],"wp:attachment":[{"href":"https:\/\/antiquariat-steinbach.com\/rarebooks\/wp-json\/wp\/v2\/media?parent=6759"}],"wp:term":[{"taxonomy":"product_brand","embeddable":true,"href":"https:\/\/antiquariat-steinbach.com\/rarebooks\/wp-json\/wp\/v2\/product_brand?post=6759"},{"taxonomy":"product_cat","embeddable":true,"href":"https:\/\/antiquariat-steinbach.com\/rarebooks\/wp-json\/wp\/v2\/product_cat?post=6759"},{"taxonomy":"product_tag","embeddable":true,"href":"https:\/\/antiquariat-steinbach.com\/rarebooks\/wp-json\/wp\/v2\/product_tag?post=6759"}],"curies":[{"name":"wp","href":"https:\/\/api.w.org\/{rel}","templated":true}]}}