{"id":6757,"date":"2026-03-28T00:00:37","date_gmt":"2026-03-27T23:00:37","guid":{"rendered":"http:\/\/antiquariat-steinbach.com\/rarebooks\/produkt\/huldigungs-und-gratulations-leporello-anlaesslich-der-ernennung-von-major-johann-von-puteani-zum-oberstleutnant\/"},"modified":"2026-03-28T00:00:38","modified_gmt":"2026-03-27T23:00:38","slug":"militaria-puteani-huldigungs-und-gratulations-leporello-anlaesslich-der-ernennung-von-major-johann-von-puteani-zum-oberstleutnant","status":"publish","type":"product","link":"https:\/\/antiquariat-steinbach.com\/rarebooks\/produkt\/militaria-puteani-huldigungs-und-gratulations-leporello-anlaesslich-der-ernennung-von-major-johann-von-puteani-zum-oberstleutnant\/","title":{"rendered":"Militaria &#8211; Puteani &#8211;   Huldigungs- und Gratulations-Leporello anl\u00e4\u00dflich der Ernennung von Major Johann von Puteani zum Oberstleutnant."},"content":{"rendered":"<p>M\u00e4hrisch Wei\u00dfkirchen (Hradec) 1801.<\/p>\n<p>135 : 14 cm Aquarell mit Deckwei\u00df<\/p>\n<p>2500,00 EUR<\/p>\n","protected":false},"excerpt":{"rendered":"<p>Eine sehr seltene Bildquelle zur Geschichte der nur wenige Monate existierenden B\u00f6hmisch-M\u00e4hrisch-Schlesischen Legion &#8222;Erzherzog Carl&#8220;. &#8211; Das Leporello zeigt eine Ansicht der Stadt M\u00e4hrisch Wei\u00dfkirchen (Hradec) im heutigen Bezirk Prerau (Prerov) im Kreis Olm\u00fctz (Olomouc) in Tschechien. Die m\u00e4chtigen, die Stadt umgebenden Befestigungsmauern sind eine Erfindung des K\u00fcnstlers und stehen wohl symbolhaft f\u00fcr den Status von Wei\u00dfkirchen als Stadt, sowie f\u00fcr den wehrhaften Charakter der Hautstadt des Prerauer Kreises. Hinter den Mauern sind D\u00e4cher und T\u00fcrme von zahlreichen H\u00e4usern erkennbar, wovon die mit h\u00f6heren Zwiebelt\u00fcrmen versehenen Geb\u00e4ude des Schlo\u00dfes, der Pfarrkirche und des Rathauses (rechts des Haupttores von links nach rechts) anahnd ihrer detaillierten Ausf\u00fchrungen identifiziert weren k\u00f6nnen. Oberhalb des Schriftbandes im linken Teil des Leporellos ist das kleine kaiserliche Wappen der Habsburgermonarchie dargestellt, mit dem Monogramm von Kaiser Franz II. (&#8222;F II&#8220;) auf dem wei\u00dfen Balken des Bindeschildes. Darunter &#8211; auf dem wei\u00dfen Schriftband &#8211; pr\u00e4sentiert der K\u00fcnstler das mit einem Lorbeerkranz als Zeichen des Ruhmes und Sieges umgebene Monogramm des kaiserlichen Bruders, Erzherzog Carl (&#8222;EHC&#8220;).  Die im linken Rand des Hauptblattes dargestllte Szene zeigt den Auszug eines milit\u00e4rischen Verbandes auf das freie Feld vor der Stadt zu Man\u00f6ver- und Paradezwecken (siehe die paradem\u00e4\u00dfig aufgestellten Kanonen und Zelte). Obwohl nut schematisch ausgef\u00fchrt, l\u00e4\u00dft die farbliche Wiedergabe der Uniformen (blaue Hosen, braune R\u00f6cke, schwarze H\u00fcte) in Verbindung mit dem Namen der Stadt eine eindeutige Identifikation des Truppenk\u00f6rpers zu: es ist das Infanterie-Bataillon Nr. 19 der B\u00f6hmisch-M\u00e4hrisch-Schlesischen Legion &#8222;Erzherzog Carl&#8220;. Errichtet wurde dieses Bataillon im November 1800 aufgrund eines Aufrufes des damaligen Gouverneurs und General-Kapit\u00e4ns von B\u00f6hmen, Erzherzog Carl von \u00d6sterreich (1771-1847), zur Bildung einer Freiwilligen-Legion im K\u00f6nigreich B\u00f6hmen zwecks Verteidigung gegen die anr\u00fcckenden Franzosen. Organisation und Administration zur Aufstellung dieser neuen Einheiten wurden den damaligen Verwaltungskreisen in B\u00f6hmen, M\u00e4hren und Schlesien \u00fcbertragen, wobei das notwendige milit\u00e4rische F\u00fchrungspersonal (vor allem Offiziere) den regul\u00e4ren Regimentern der k.k. Armee entnommen wurde.  Die von Erzherzog Carl pers\u00f6nlich als Ober-Kommendant gef\u00fchrte B\u00f6hmisch-M\u00e4hrisch-Schlesische Legion bestand nach Aufstellung aller Verb\u00e4nde aus 22 Infanterie-Bataillonen und einem J\u00e4ger-Koprs und erreichte die St\u00e4rke von etwa 20.000 Mann. Sie kam nie zum Kriegseinsatz, da sich der Vormarsch der Franzosen von S\u00fcddeutschland ausgehend nicht gegen B\u00f6hmen richtet, sonder entlang der Donau gegen Wien. Bevor es jedoch dazu kam beendete der Friede von Lun\u00e9ville am 9. Februar 1801 den Zweiten Koalitionskrieg (1799-1801), wodurch die B\u00f6hmisch-M\u00e4hrisch-Schlesische Legion im Verlauf der ersten H\u00e4lfte des Jahres 1801 zur Aufl\u00f6sung kam. Auch der Prerauer Kreis beteiligte sich an dieser Aktion zum Schutze B\u00f6hmens und errichtete in k\u00fcrzester Zeit ein aus Freiwilligen seine Gebietes gebildetes Kreis-Bataillon, welches als Infanterie-Bataillon Nr. 19 der neuen Legion unterstellt wurde. Als Garnisonsort und Stabsstation des Bataillons fungierte naturgem\u00e4\u00df die Prerauer Kreishauptstad Wei\u00dfkirchen und als Kommandant erhielt das Bataillon den damaligen Major im k.k. Infanterie-Regiment Nr. 20 Johann Ritter von Puteani. Puteani wurde am 21. Mai 1756 in Albrechtitz (Albrechtize) in B\u00f6hmen geboren und trat 1769 in die Milit\u00e4rakademie in Wiener Neustadt ein. Nach seiner Ausmusterung begann seine Milit\u00e4r-Karriere als Offizier im k.k. Infanterie-Regiment Nr. 22, wo er den Rang eines Hauptmanns erlangte. 1799 erfolgte seine Bef\u00f6rderung zum Major im k.k. Infanterie Regiment Nr. 20. Als solcher wurde er Ende des Jahres 1800 zum Kommandant des Prerauer Legions-Bataillons bestellt. Anfang 1801 erhielt er seine Bef\u00f6rderung zum Oberstleutnant. Nach Aufl\u00f6sung der Legion &#8222;Erzherzog Carl&#8220; kehrte er zu seinem Regiment zur\u00fcck, in welchem er noch bis 1805 diente. Nach seiner im August 1805 erfolgten Bef\u00f6rderung zum Oberst im k.k. Stabs-Infanterie-Regiment in Italien beendete Puteani seine Milit\u00e4r-Karriere und zog sich vom aktiven Dienst zur\u00fcck. Puteani verstarb am 21. August 1833 als Oberst (au\u00dfer Dienst) in Wiener Neustadt. Vorliegende nLeporello wurde Anfang 1801 von einem dilettierenden K\u00fcnstler aus der (milit\u00e4rischen?) Umgebung von Johann Ritter von Puteani (1766-1833) w\u00e4hrend seiner Zeit als Kommandant des Infanterie-Bataillons Nr. 19 der B\u00f6hmisch-M\u00e4hrisch-Schlesischen Legion &#8222;Erzherzog Carl&#8220; vermutlich in M\u00e4hrisch Wei\u00dfkirchen als Huldigungs- und Gratulationsobjekt geschaffen und mit gr\u00f6\u00dfter Wahrscheinlichkeit auch ihm pers\u00f6nlich zugeeignet.<\/p>\n","protected":false},"featured_media":18040,"template":"","meta":[],"product_brand":[],"product_cat":[71,303,97,264,154,914],"product_tag":[],"class_list":{"0":"post-6757","1":"product","2":"type-product","3":"status-publish","4":"has-post-thumbnail","6":"product_cat-austriaca","7":"product_cat-boehmen","8":"product_cat-geschichte","9":"product_cat-militaria","10":"product_cat-zeichnungen","11":"product_cat-zvab","13":"first","14":"instock","15":"purchasable","16":"product-type-simple"},"_links":{"self":[{"href":"https:\/\/antiquariat-steinbach.com\/rarebooks\/wp-json\/wp\/v2\/product\/6757","targetHints":{"allow":["GET"]}}],"collection":[{"href":"https:\/\/antiquariat-steinbach.com\/rarebooks\/wp-json\/wp\/v2\/product"}],"about":[{"href":"https:\/\/antiquariat-steinbach.com\/rarebooks\/wp-json\/wp\/v2\/types\/product"}],"version-history":[{"count":4,"href":"https:\/\/antiquariat-steinbach.com\/rarebooks\/wp-json\/wp\/v2\/product\/6757\/revisions"}],"predecessor-version":[{"id":27482,"href":"https:\/\/antiquariat-steinbach.com\/rarebooks\/wp-json\/wp\/v2\/product\/6757\/revisions\/27482"}],"wp:featuredmedia":[{"embeddable":true,"href":"https:\/\/antiquariat-steinbach.com\/rarebooks\/wp-json\/wp\/v2\/media\/18040"}],"wp:attachment":[{"href":"https:\/\/antiquariat-steinbach.com\/rarebooks\/wp-json\/wp\/v2\/media?parent=6757"}],"wp:term":[{"taxonomy":"product_brand","embeddable":true,"href":"https:\/\/antiquariat-steinbach.com\/rarebooks\/wp-json\/wp\/v2\/product_brand?post=6757"},{"taxonomy":"product_cat","embeddable":true,"href":"https:\/\/antiquariat-steinbach.com\/rarebooks\/wp-json\/wp\/v2\/product_cat?post=6757"},{"taxonomy":"product_tag","embeddable":true,"href":"https:\/\/antiquariat-steinbach.com\/rarebooks\/wp-json\/wp\/v2\/product_tag?post=6757"}],"curies":[{"name":"wp","href":"https:\/\/api.w.org\/{rel}","templated":true}]}}