{"id":6743,"date":"2026-03-12T00:20:07","date_gmt":"2026-03-11T23:20:07","guid":{"rendered":"http:\/\/antiquariat-steinbach.com\/rarebooks\/produkt\/neues-puppen-kochbuch\/"},"modified":"2026-03-12T00:20:08","modified_gmt":"2026-03-11T23:20:08","slug":"puppenkochbuch-horn-eleonore-herausgeberin-neues-puppen-kochbuch","status":"publish","type":"product","link":"https:\/\/antiquariat-steinbach.com\/rarebooks\/produkt\/puppenkochbuch-horn-eleonore-herausgeberin-neues-puppen-kochbuch\/","title":{"rendered":"Puppenkochbuch &#8211;   Horn, Eleonore (Herausgeberin): &#8211;  Neues Puppen-Kochbuch."},"content":{"rendered":"<p>Reutlingen, En\u00dflin und Laiblin o.J. (um 1880).<\/p>\n<p>3. Auflage. 13 : 9 cm. 64 Seiten Halbleinenband der Zeit, voderer farbig illustrierter Original-Umschlag aufgezogen.<\/p>\n<p>90,00 EUR<\/p>\n","protected":false},"excerpt":{"rendered":"<p>Niedliches Puppenkochbuch, enth\u00e4lt 123 Rezepte f\u00fcr alle Arten von Speisen. Die h\u00fcbsche Vorderdeckelillustration zeigt kleine M\u00e4dchen beim Spielen mit einer Puppenk\u00fcche. &#8211; Gebr\u00e4unt; Einband st\u00e4rker berieben. &#8211; Wei\u00df 1699.<\/p>\n","protected":false},"featured_media":0,"template":"","meta":[],"product_brand":[],"product_cat":[58,60,112,914],"product_tag":[],"class_list":{"0":"post-6743","1":"product","2":"type-product","3":"status-publish","5":"product_cat-gastronomie","6":"product_cat-kinderbuecher","7":"product_cat-kochbuecher","8":"product_cat-zvab","10":"first","11":"instock","12":"purchasable","13":"product-type-simple"},"_links":{"self":[{"href":"https:\/\/antiquariat-steinbach.com\/rarebooks\/wp-json\/wp\/v2\/product\/6743","targetHints":{"allow":["GET"]}}],"collection":[{"href":"https:\/\/antiquariat-steinbach.com\/rarebooks\/wp-json\/wp\/v2\/product"}],"about":[{"href":"https:\/\/antiquariat-steinbach.com\/rarebooks\/wp-json\/wp\/v2\/types\/product"}],"version-history":[{"count":3,"href":"https:\/\/antiquariat-steinbach.com\/rarebooks\/wp-json\/wp\/v2\/product\/6743\/revisions"}],"predecessor-version":[{"id":21282,"href":"https:\/\/antiquariat-steinbach.com\/rarebooks\/wp-json\/wp\/v2\/product\/6743\/revisions\/21282"}],"wp:attachment":[{"href":"https:\/\/antiquariat-steinbach.com\/rarebooks\/wp-json\/wp\/v2\/media?parent=6743"}],"wp:term":[{"taxonomy":"product_brand","embeddable":true,"href":"https:\/\/antiquariat-steinbach.com\/rarebooks\/wp-json\/wp\/v2\/product_brand?post=6743"},{"taxonomy":"product_cat","embeddable":true,"href":"https:\/\/antiquariat-steinbach.com\/rarebooks\/wp-json\/wp\/v2\/product_cat?post=6743"},{"taxonomy":"product_tag","embeddable":true,"href":"https:\/\/antiquariat-steinbach.com\/rarebooks\/wp-json\/wp\/v2\/product_tag?post=6743"}],"curies":[{"name":"wp","href":"https:\/\/api.w.org\/{rel}","templated":true}]}}