{"id":6715,"date":"2026-03-12T00:18:48","date_gmt":"2026-03-11T23:18:48","guid":{"rendered":"http:\/\/antiquariat-steinbach.com\/rarebooks\/produkt\/physiologische-abhandlungen-rueckentitel\/"},"modified":"2026-03-12T00:18:48","modified_gmt":"2026-03-11T23:18:48","slug":"physiology-colours-preyer-u-a-physiologische-abhandlungen-rueckentitel","status":"publish","type":"product","link":"https:\/\/antiquariat-steinbach.com\/rarebooks\/produkt\/physiology-colours-preyer-u-a-physiologische-abhandlungen-rueckentitel\/","title":{"rendered":"Physiology &#8211; Colours &#8211;   Preyer u.a: &#8211;  Physiologische Abhandlungen (R\u00fcckentitel)."},"content":{"rendered":"<p>Jena and Leipzig, Dufft, Fischer and Engelmann 1876- 1880.<\/p>\n<p>8 parts in 1 volume 22,5 : 15 cm. Contemporary half cloth<\/p>\n<p>550,00 EUR<\/p>\n","protected":false},"excerpt":{"rendered":"<p>Interesting made up volume containing three important works on colours. &#8211; 1. Preyer, W. \u00dcber die Grenzen der Tonwahrnehmung.(The limits of realizing tones). Jena, Dufft, 1876. VI, 72 pages. &#8211; 2. Tollin, Henri. Die Entdeckung des Blutkreislaufs durch Michael Servet (1511-1553) (The discovery of the circulation of blood by Michael Servet). Jena, Dufft, 1876. 3 leaves, 81 pages. &#8211; 3. Chodin, A. \u00dcber die Abh\u00e4ngigkeit der Farbempfindungen von der Lichtst\u00e4rke. (About the dependence of the preception of colours by the intensivity of light) Jena, Dufft, 1877. 2 leaves, 66 pages. &#8211; 4. Magnus, Hugo. Die Entwicklung des Farbensinnes. Jena, Dufft, 1877. 22 pages.(The developemtn of the senses of colours). &#8211; 5. Preyer, W. Elemente der reinen Empfindungslehre. Jena, Dufft, 18 leaves, 93 pages, 1 leaf. (ADB LIII, S. 116 ff. ausf\u00fchrlich \u00fcber Preyer).(the elemnts of pure estesiology). &#8211; 6. Magnus. Untersuchungen \u00fcber den Farbensinn der Naturv\u00f6lker. Jena, Fischer, 1880. 2 leavest, 50 pages (ohne den auf dem Titel angegebenen Fragebogen).(Research of sense of colours of the primitive) &#8211; 7. Secchi, Angelo. Die Gr\u00f6sse der Sch\u00f6pfung. Zwei Vortr\u00e4ge gehlaten vor der Tiberinischen Akademie zu Rom. Leipzig, Bidder 1882. IV, 50 Seiten, 1 Blatt. &#8211; 8. Wundt, W. Der Spiritismus. Eine sogenannte wissenschaftliche Frage. Offner Brief an Herrn prof. Dr. Herman Ulrici in Halle. Leipzig, Engelmann, 1879. 31 Seiten. (Polemik gegen  Ulricis Eintreten f\u00fcr die spiritist. Erscheinungen des amerikanischen Mediums Henry Slade in Leipzig.<\/p>\n","protected":false},"featured_media":23759,"template":"","meta":[],"product_brand":[],"product_cat":[975,794,179,82,736,914],"product_tag":[],"class_list":{"0":"post-6715","1":"product","2":"type-product","3":"status-publish","4":"has-post-thumbnail","6":"product_cat-calif-24","7":"product_cat-interessanter-sammelband","8":"product_cat-medizin","9":"product_cat-naturwissenschaften","10":"product_cat-physiognomie","11":"product_cat-zvab","13":"first","14":"instock","15":"purchasable","16":"product-type-simple"},"_links":{"self":[{"href":"https:\/\/antiquariat-steinbach.com\/rarebooks\/wp-json\/wp\/v2\/product\/6715","targetHints":{"allow":["GET"]}}],"collection":[{"href":"https:\/\/antiquariat-steinbach.com\/rarebooks\/wp-json\/wp\/v2\/product"}],"about":[{"href":"https:\/\/antiquariat-steinbach.com\/rarebooks\/wp-json\/wp\/v2\/types\/product"}],"version-history":[{"count":5,"href":"https:\/\/antiquariat-steinbach.com\/rarebooks\/wp-json\/wp\/v2\/product\/6715\/revisions"}],"predecessor-version":[{"id":24779,"href":"https:\/\/antiquariat-steinbach.com\/rarebooks\/wp-json\/wp\/v2\/product\/6715\/revisions\/24779"}],"wp:featuredmedia":[{"embeddable":true,"href":"https:\/\/antiquariat-steinbach.com\/rarebooks\/wp-json\/wp\/v2\/media\/23759"}],"wp:attachment":[{"href":"https:\/\/antiquariat-steinbach.com\/rarebooks\/wp-json\/wp\/v2\/media?parent=6715"}],"wp:term":[{"taxonomy":"product_brand","embeddable":true,"href":"https:\/\/antiquariat-steinbach.com\/rarebooks\/wp-json\/wp\/v2\/product_brand?post=6715"},{"taxonomy":"product_cat","embeddable":true,"href":"https:\/\/antiquariat-steinbach.com\/rarebooks\/wp-json\/wp\/v2\/product_cat?post=6715"},{"taxonomy":"product_tag","embeddable":true,"href":"https:\/\/antiquariat-steinbach.com\/rarebooks\/wp-json\/wp\/v2\/product_tag?post=6715"}],"curies":[{"name":"wp","href":"https:\/\/api.w.org\/{rel}","templated":true}]}}