{"id":6707,"date":"2026-03-12T00:20:04","date_gmt":"2026-03-11T23:20:04","guid":{"rendered":"http:\/\/antiquariat-steinbach.com\/rarebooks\/produkt\/vom-wege-eines-kuenstlers-und-vom-wandel-der-kunst\/"},"modified":"2026-03-12T00:20:04","modified_gmt":"2026-03-11T23:20:04","slug":"preetorius-emil-vom-wege-eines-kuenstlers-und-vom-wandel-der-kunst","status":"publish","type":"product","link":"https:\/\/antiquariat-steinbach.com\/rarebooks\/produkt\/preetorius-emil-vom-wege-eines-kuenstlers-und-vom-wandel-der-kunst\/","title":{"rendered":"Preetorius, Emil. &#8211;  Vom Wege eines K\u00fcnstlers und vom Wandel der Kunst."},"content":{"rendered":"<p>M\u00fcnchen, Akademie f\u00fcr graphische K\u00fcnste, 1960.<\/p>\n<p>28 : 22 cm. 21 pages, 1 leaf. Original wrappers.<\/p>\n<p>30,00 EUR<\/p>\n","protected":false},"excerpt":{"rendered":"<p>Zur 61. Jahresversammung der Gesellschaft der Bibliophilen.<\/p>\n","protected":false},"featured_media":22827,"template":"","meta":[],"product_brand":[],"product_cat":[29,198,69,914],"product_tag":[],"class_list":{"0":"post-6707","1":"product","2":"type-product","3":"status-publish","4":"has-post-thumbnail","6":"product_cat-20-jahrhundert","7":"product_cat-bibliohpilie","8":"product_cat-kunstgeschichte","9":"product_cat-zvab","11":"first","12":"instock","13":"purchasable","14":"product-type-simple"},"_links":{"self":[{"href":"https:\/\/antiquariat-steinbach.com\/rarebooks\/wp-json\/wp\/v2\/product\/6707","targetHints":{"allow":["GET"]}}],"collection":[{"href":"https:\/\/antiquariat-steinbach.com\/rarebooks\/wp-json\/wp\/v2\/product"}],"about":[{"href":"https:\/\/antiquariat-steinbach.com\/rarebooks\/wp-json\/wp\/v2\/types\/product"}],"version-history":[{"count":3,"href":"https:\/\/antiquariat-steinbach.com\/rarebooks\/wp-json\/wp\/v2\/product\/6707\/revisions"}],"predecessor-version":[{"id":21265,"href":"https:\/\/antiquariat-steinbach.com\/rarebooks\/wp-json\/wp\/v2\/product\/6707\/revisions\/21265"}],"wp:featuredmedia":[{"embeddable":true,"href":"https:\/\/antiquariat-steinbach.com\/rarebooks\/wp-json\/wp\/v2\/media\/22827"}],"wp:attachment":[{"href":"https:\/\/antiquariat-steinbach.com\/rarebooks\/wp-json\/wp\/v2\/media?parent=6707"}],"wp:term":[{"taxonomy":"product_brand","embeddable":true,"href":"https:\/\/antiquariat-steinbach.com\/rarebooks\/wp-json\/wp\/v2\/product_brand?post=6707"},{"taxonomy":"product_cat","embeddable":true,"href":"https:\/\/antiquariat-steinbach.com\/rarebooks\/wp-json\/wp\/v2\/product_cat?post=6707"},{"taxonomy":"product_tag","embeddable":true,"href":"https:\/\/antiquariat-steinbach.com\/rarebooks\/wp-json\/wp\/v2\/product_tag?post=6707"}],"curies":[{"name":"wp","href":"https:\/\/api.w.org\/{rel}","templated":true}]}}