{"id":6693,"date":"2026-03-12T00:00:49","date_gmt":"2026-03-11T23:00:49","guid":{"rendered":"http:\/\/antiquariat-steinbach.com\/rarebooks\/produkt\/ankuendigungsdruck-fuer-das-original-tiroler-pradltheater-aus-innsbruck-weltbekannt-durch-seine-schaurig-lustigen-ritterspiele\/"},"modified":"2026-03-12T00:00:50","modified_gmt":"2026-03-11T23:00:50","slug":"austriaca-tirol-weiss-anna-ankuendigungsdruck-fuer-das-original-tiroler-pradltheater-aus-innsbruck-weltbekannt-durch-seine-schaurig-lustigen-ritterspiele","status":"publish","type":"product","link":"https:\/\/antiquariat-steinbach.com\/rarebooks\/produkt\/austriaca-tirol-weiss-anna-ankuendigungsdruck-fuer-das-original-tiroler-pradltheater-aus-innsbruck-weltbekannt-durch-seine-schaurig-lustigen-ritterspiele\/","title":{"rendered":"Austriaca -Tirol &#8211;   Weiss, Anna. &#8211;  Ank\u00fcndigungsdruck f\u00fcr das &#8218;Original Tiroler Pradltheater aus Innsbruck. Weltbekannt durch seine schaurig-lustigen Ritterspiele"},"content":{"rendered":"<p>Innsbruck, o.J.<\/p>\n<p>59 : 32 cm. Blatt mit 2 Abbildungen.<\/p>\n<p>60,00 EUR<\/p>\n","protected":false},"excerpt":{"rendered":"<p>Ank\u00fcndigungs-Plakat f\u00fcr des Tiroler Pradltheater. &#8218;Das Lustigste vom Lustigen -Die ganze Welt lacht Tr\u00e4nen &#8211; Gef\u00fchl, Humor und Parodie &#8211; Oft kopiert doch nie erreicht&#8216;. &#8211; Selten, gefaltet.<\/p>\n","protected":false},"featured_media":15770,"template":"","meta":[],"product_brand":[],"product_cat":[71,145,205,914],"product_tag":[],"class_list":{"0":"post-6693","1":"product","2":"type-product","3":"status-publish","4":"has-post-thumbnail","6":"product_cat-austriaca","7":"product_cat-theater","8":"product_cat-tirolensia","9":"product_cat-zvab","11":"first","12":"instock","13":"purchasable","14":"product-type-simple"},"_links":{"self":[{"href":"https:\/\/antiquariat-steinbach.com\/rarebooks\/wp-json\/wp\/v2\/product\/6693","targetHints":{"allow":["GET"]}}],"collection":[{"href":"https:\/\/antiquariat-steinbach.com\/rarebooks\/wp-json\/wp\/v2\/product"}],"about":[{"href":"https:\/\/antiquariat-steinbach.com\/rarebooks\/wp-json\/wp\/v2\/types\/product"}],"version-history":[{"count":4,"href":"https:\/\/antiquariat-steinbach.com\/rarebooks\/wp-json\/wp\/v2\/product\/6693\/revisions"}],"predecessor-version":[{"id":18549,"href":"https:\/\/antiquariat-steinbach.com\/rarebooks\/wp-json\/wp\/v2\/product\/6693\/revisions\/18549"}],"wp:featuredmedia":[{"embeddable":true,"href":"https:\/\/antiquariat-steinbach.com\/rarebooks\/wp-json\/wp\/v2\/media\/15770"}],"wp:attachment":[{"href":"https:\/\/antiquariat-steinbach.com\/rarebooks\/wp-json\/wp\/v2\/media?parent=6693"}],"wp:term":[{"taxonomy":"product_brand","embeddable":true,"href":"https:\/\/antiquariat-steinbach.com\/rarebooks\/wp-json\/wp\/v2\/product_brand?post=6693"},{"taxonomy":"product_cat","embeddable":true,"href":"https:\/\/antiquariat-steinbach.com\/rarebooks\/wp-json\/wp\/v2\/product_cat?post=6693"},{"taxonomy":"product_tag","embeddable":true,"href":"https:\/\/antiquariat-steinbach.com\/rarebooks\/wp-json\/wp\/v2\/product_tag?post=6693"}],"curies":[{"name":"wp","href":"https:\/\/api.w.org\/{rel}","templated":true}]}}