{"id":6681,"date":"2026-03-12T00:20:02","date_gmt":"2026-03-11T23:20:02","guid":{"rendered":"http:\/\/antiquariat-steinbach.com\/rarebooks\/produkt\/international-poster-annual-48-49\/"},"modified":"2026-03-12T00:20:02","modified_gmt":"2026-03-11T23:20:02","slug":"poster-annual-international-international-poster-annual-48-49","status":"publish","type":"product","link":"https:\/\/antiquariat-steinbach.com\/rarebooks\/produkt\/poster-annual-international-international-poster-annual-48-49\/","title":{"rendered":"Poster Annual, International: &#8211;  International Poster Annual &#8217;48-49."},"content":{"rendered":"<p>St. Gallen, Zollikofer 1949.<\/p>\n<p>30 : 25 cm. 178 Seiten, 5 Blatt Mit 479 Abbildungen. Original-Leinenband.<\/p>\n<p>80,00 EUR<\/p>\n","protected":false},"excerpt":{"rendered":"<p>Guter \u00dcberblick \u00fcber die Werbeplakate der sp\u00e4ten 19-vierziger.<\/p>\n","protected":false},"featured_media":0,"template":"","meta":[],"product_brand":[],"product_cat":[93,88,914],"product_tag":[],"class_list":{"0":"post-6681","1":"product","2":"type-product","3":"status-publish","5":"product_cat-design","6":"product_cat-plakate","7":"product_cat-zvab","9":"first","10":"instock","11":"purchasable","12":"product-type-simple"},"_links":{"self":[{"href":"https:\/\/antiquariat-steinbach.com\/rarebooks\/wp-json\/wp\/v2\/product\/6681","targetHints":{"allow":["GET"]}}],"collection":[{"href":"https:\/\/antiquariat-steinbach.com\/rarebooks\/wp-json\/wp\/v2\/product"}],"about":[{"href":"https:\/\/antiquariat-steinbach.com\/rarebooks\/wp-json\/wp\/v2\/types\/product"}],"version-history":[{"count":3,"href":"https:\/\/antiquariat-steinbach.com\/rarebooks\/wp-json\/wp\/v2\/product\/6681\/revisions"}],"predecessor-version":[{"id":21256,"href":"https:\/\/antiquariat-steinbach.com\/rarebooks\/wp-json\/wp\/v2\/product\/6681\/revisions\/21256"}],"wp:attachment":[{"href":"https:\/\/antiquariat-steinbach.com\/rarebooks\/wp-json\/wp\/v2\/media?parent=6681"}],"wp:term":[{"taxonomy":"product_brand","embeddable":true,"href":"https:\/\/antiquariat-steinbach.com\/rarebooks\/wp-json\/wp\/v2\/product_brand?post=6681"},{"taxonomy":"product_cat","embeddable":true,"href":"https:\/\/antiquariat-steinbach.com\/rarebooks\/wp-json\/wp\/v2\/product_cat?post=6681"},{"taxonomy":"product_tag","embeddable":true,"href":"https:\/\/antiquariat-steinbach.com\/rarebooks\/wp-json\/wp\/v2\/product_tag?post=6681"}],"curies":[{"name":"wp","href":"https:\/\/api.w.org\/{rel}","templated":true}]}}