{"id":6647,"date":"2026-03-12T00:18:58","date_gmt":"2026-03-11T23:18:58","guid":{"rendered":"http:\/\/antiquariat-steinbach.com\/rarebooks\/produkt\/portefeuille-des-conducteurs-des-ponts-et-chaussees-et-des-garde-mines-2\/"},"modified":"2026-03-12T00:19:00","modified_gmt":"2026-03-11T23:19:00","slug":"portefeuille-des-conducteurs-des-ponts-et-chaussees-et-des-garde-mines-2","status":"publish","type":"product","link":"https:\/\/antiquariat-steinbach.com\/rarebooks\/produkt\/portefeuille-des-conducteurs-des-ponts-et-chaussees-et-des-garde-mines-2\/","title":{"rendered":"Portefeuille des conducteurs des ponts et chauss\u00e9es et des garde-mines."},"content":{"rendered":"<p>Paris, 1878.<\/p>\n<p>37 : 28,5 cm. 161 doppelblattgro\u00dfe und teils mehrfach gefaltete, lithographierte Tafeln. Halblederband der Zeit.<\/p>\n<p>350,00 EUR<\/p>\n","protected":false},"excerpt":{"rendered":"<p>Sehr umfangreicher Sammelband mit Tafeln von den verschiedensten Bauwerken und technischen Maschinen und Ger\u00e4ten u.a. von Br\u00fccken, Viadukten, Eisenbahnen, Eisenbahnstation, verschiedene Dampfmaschinen, landwirtschaftlichen Maschinen und Ger\u00e4te etc. Ferner mit zwei gro\u00dfen mehrfach gefalteten Tafeln des Gel\u00e4ndes der Pariser Weltausstellung von 1878. Auf dem Einbandr\u00fccken mit 2 bezeichnet. &#8211; Eine Tafel mit Einri\u00df, zwei weitere nur an den R\u00e4ndern mit kleinen Einrissen; Einband etwas berieben.<\/p>\n","protected":false},"featured_media":15750,"template":"","meta":[],"product_brand":[],"product_cat":[143,786,77,914],"product_tag":[],"class_list":{"0":"post-6647","1":"product","2":"type-product","3":"status-publish","4":"has-post-thumbnail","6":"product_cat-francais","7":"product_cat-paris08","8":"product_cat-technik","9":"product_cat-zvab","11":"first","12":"instock","13":"purchasable","14":"product-type-simple"},"_links":{"self":[{"href":"https:\/\/antiquariat-steinbach.com\/rarebooks\/wp-json\/wp\/v2\/product\/6647","targetHints":{"allow":["GET"]}}],"collection":[{"href":"https:\/\/antiquariat-steinbach.com\/rarebooks\/wp-json\/wp\/v2\/product"}],"about":[{"href":"https:\/\/antiquariat-steinbach.com\/rarebooks\/wp-json\/wp\/v2\/types\/product"}],"version-history":[{"count":2,"href":"https:\/\/antiquariat-steinbach.com\/rarebooks\/wp-json\/wp\/v2\/product\/6647\/revisions"}],"predecessor-version":[{"id":12837,"href":"https:\/\/antiquariat-steinbach.com\/rarebooks\/wp-json\/wp\/v2\/product\/6647\/revisions\/12837"}],"wp:featuredmedia":[{"embeddable":true,"href":"https:\/\/antiquariat-steinbach.com\/rarebooks\/wp-json\/wp\/v2\/media\/15750"}],"wp:attachment":[{"href":"https:\/\/antiquariat-steinbach.com\/rarebooks\/wp-json\/wp\/v2\/media?parent=6647"}],"wp:term":[{"taxonomy":"product_brand","embeddable":true,"href":"https:\/\/antiquariat-steinbach.com\/rarebooks\/wp-json\/wp\/v2\/product_brand?post=6647"},{"taxonomy":"product_cat","embeddable":true,"href":"https:\/\/antiquariat-steinbach.com\/rarebooks\/wp-json\/wp\/v2\/product_cat?post=6647"},{"taxonomy":"product_tag","embeddable":true,"href":"https:\/\/antiquariat-steinbach.com\/rarebooks\/wp-json\/wp\/v2\/product_tag?post=6647"}],"curies":[{"name":"wp","href":"https:\/\/api.w.org\/{rel}","templated":true}]}}