{"id":6637,"date":"2026-03-12T00:18:58","date_gmt":"2026-03-11T23:18:58","guid":{"rendered":"http:\/\/antiquariat-steinbach.com\/rarebooks\/produkt\/6637\/"},"modified":"2026-03-12T00:18:59","modified_gmt":"2026-03-11T23:18:59","slug":"ponc-joan-arranz-bravo-bartolozzi","status":"publish","type":"product","link":"https:\/\/antiquariat-steinbach.com\/rarebooks\/produkt\/ponc-joan-arranz-bravo-bartolozzi\/","title":{"rendered":"Ponc, Joan &#8211; Arranz Bravo &#8211; Bartolozzi: &#8211;"},"content":{"rendered":"<p>Barcelona, Casamaj\u00f3 1973.<\/p>\n<p>6 fasciculos. 32 : 21,5 cm. Con muchas ilustraci\u00f3nes en colores de los tres artistas. Encuadernaci\u00f3n original, suelto como editado en carpeta roja y estuche.<\/p>\n<p>120,00 EUR<\/p>\n","protected":false},"excerpt":{"rendered":"<p>Seis cuadernos dobles (cada uno para dos meses), dise\u00f1ados por los tres artistas con ilustraci\u00f3nes en colores surrealistas. Joan Ponc (1927-1984) realista fantastico Espa\u00f1ol, estaba trabajando en Barcelona junto con Tapies, Puig y Brossa.<\/p>\n","protected":false},"featured_media":0,"template":"","meta":[],"product_brand":[],"product_cat":[29,43,914],"product_tag":[],"class_list":{"0":"post-6637","1":"product","2":"type-product","3":"status-publish","5":"product_cat-20-jahrhundert","6":"product_cat-illustrierte-buecher","7":"product_cat-zvab","9":"first","10":"instock","11":"purchasable","12":"product-type-simple"},"_links":{"self":[{"href":"https:\/\/antiquariat-steinbach.com\/rarebooks\/wp-json\/wp\/v2\/product\/6637","targetHints":{"allow":["GET"]}}],"collection":[{"href":"https:\/\/antiquariat-steinbach.com\/rarebooks\/wp-json\/wp\/v2\/product"}],"about":[{"href":"https:\/\/antiquariat-steinbach.com\/rarebooks\/wp-json\/wp\/v2\/types\/product"}],"version-history":[{"count":3,"href":"https:\/\/antiquariat-steinbach.com\/rarebooks\/wp-json\/wp\/v2\/product\/6637\/revisions"}],"predecessor-version":[{"id":21246,"href":"https:\/\/antiquariat-steinbach.com\/rarebooks\/wp-json\/wp\/v2\/product\/6637\/revisions\/21246"}],"wp:attachment":[{"href":"https:\/\/antiquariat-steinbach.com\/rarebooks\/wp-json\/wp\/v2\/media?parent=6637"}],"wp:term":[{"taxonomy":"product_brand","embeddable":true,"href":"https:\/\/antiquariat-steinbach.com\/rarebooks\/wp-json\/wp\/v2\/product_brand?post=6637"},{"taxonomy":"product_cat","embeddable":true,"href":"https:\/\/antiquariat-steinbach.com\/rarebooks\/wp-json\/wp\/v2\/product_cat?post=6637"},{"taxonomy":"product_tag","embeddable":true,"href":"https:\/\/antiquariat-steinbach.com\/rarebooks\/wp-json\/wp\/v2\/product_tag?post=6637"}],"curies":[{"name":"wp","href":"https:\/\/api.w.org\/{rel}","templated":true}]}}