{"id":6625,"date":"2026-03-12T00:18:56","date_gmt":"2026-03-11T23:18:56","guid":{"rendered":"http:\/\/antiquariat-steinbach.com\/rarebooks\/produkt\/la-madeja-politica-1873-1874-el-lio-semanario-humoristico-ilustrado\/"},"modified":"2026-03-12T00:18:58","modified_gmt":"2026-03-11T23:18:58","slug":"politica-la-madeja-politica-1873-1874-el-lio-semanario-humoristico-ilustrado","status":"publish","type":"product","link":"https:\/\/antiquariat-steinbach.com\/rarebooks\/produkt\/politica-la-madeja-politica-1873-1874-el-lio-semanario-humoristico-ilustrado\/","title":{"rendered":"Politica &#8211;   La Madeja pol\u00edtica 1873 &#8211; 1874. &#8211; El Lio. Semanario humoristico ilustrado."},"content":{"rendered":"<p>Barcelona, Trilla y Serra, 1873 &#8211; 1874.<\/p>\n<p>44,5 : 31 cm. Titulo litografiado en colores, 49 litografias coloreadas de doble p\u00e1gina. Encuadernacion de epoca de media piel.<\/p>\n<p>1500,00 EUR<\/p>\n","protected":false},"excerpt":{"rendered":"<p>Revista satirica de la epoca de la primera Republica Espa\u00f1ola, publicado entre 1 de Noviembre  1873 hasta el 19 de Diciembre 1874 en 50 fasciculos cada una de doble hoja con ilustrac\u00edon de doble hoja en el medio. Entre 7 de Febrero y 18 de Abril 1874 fue editado con el titulo &#8222;El Lio&#8220; a\u00f1o 1 no. 1 &#8211; 7. &#8211; Las ilustrac\u00edones son de Tom\u00e1s Padr\u00f3 y Pedret (1840-1877) y recojen en una manera fantastica la situacion politica de estos tiempos. &#8211; Hoja volante al final falta. Alguna manchita, encuadernac\u00edon un poco rozado.<\/p>\n","protected":false},"featured_media":15737,"template":"","meta":[],"product_brand":[],"product_cat":[122,981,190,148,52,914],"product_tag":[],"class_list":{"0":"post-6625","1":"product","2":"type-product","3":"status-publish","4":"has-post-thumbnail","6":"product_cat-humor","7":"product_cat-madrid-23","8":"product_cat-politik","9":"product_cat-spanien","10":"product_cat-zeitschriften","11":"product_cat-zvab","13":"first","14":"instock","15":"purchasable","16":"product-type-simple"},"_links":{"self":[{"href":"https:\/\/antiquariat-steinbach.com\/rarebooks\/wp-json\/wp\/v2\/product\/6625","targetHints":{"allow":["GET"]}}],"collection":[{"href":"https:\/\/antiquariat-steinbach.com\/rarebooks\/wp-json\/wp\/v2\/product"}],"about":[{"href":"https:\/\/antiquariat-steinbach.com\/rarebooks\/wp-json\/wp\/v2\/types\/product"}],"version-history":[{"count":3,"href":"https:\/\/antiquariat-steinbach.com\/rarebooks\/wp-json\/wp\/v2\/product\/6625\/revisions"}],"predecessor-version":[{"id":21239,"href":"https:\/\/antiquariat-steinbach.com\/rarebooks\/wp-json\/wp\/v2\/product\/6625\/revisions\/21239"}],"wp:featuredmedia":[{"embeddable":true,"href":"https:\/\/antiquariat-steinbach.com\/rarebooks\/wp-json\/wp\/v2\/media\/15737"}],"wp:attachment":[{"href":"https:\/\/antiquariat-steinbach.com\/rarebooks\/wp-json\/wp\/v2\/media?parent=6625"}],"wp:term":[{"taxonomy":"product_brand","embeddable":true,"href":"https:\/\/antiquariat-steinbach.com\/rarebooks\/wp-json\/wp\/v2\/product_brand?post=6625"},{"taxonomy":"product_cat","embeddable":true,"href":"https:\/\/antiquariat-steinbach.com\/rarebooks\/wp-json\/wp\/v2\/product_cat?post=6625"},{"taxonomy":"product_tag","embeddable":true,"href":"https:\/\/antiquariat-steinbach.com\/rarebooks\/wp-json\/wp\/v2\/product_tag?post=6625"}],"curies":[{"name":"wp","href":"https:\/\/api.w.org\/{rel}","templated":true}]}}