{"id":6593,"date":"2026-03-12T00:18:54","date_gmt":"2026-03-11T23:18:54","guid":{"rendered":"http:\/\/antiquariat-steinbach.com\/rarebooks\/produkt\/le-sonnet-du-bonheur\/"},"modified":"2026-03-12T00:18:54","modified_gmt":"2026-03-11T23:18:54","slug":"plantin-christoph-le-sonnet-du-bonheur","status":"publish","type":"product","link":"https:\/\/antiquariat-steinbach.com\/rarebooks\/produkt\/plantin-christoph-le-sonnet-du-bonheur\/","title":{"rendered":"Plantin, Christoph. &#8211;  Le sonnet du bonheur."},"content":{"rendered":"<p>Ambert d&#8217;Auvergne, Richard-de-Bas 1976.<\/p>\n<p>25 : 17 cm. 6 leaves. Original wrappers<\/p>\n<p>30,00 EUR<\/p>\n","protected":false},"excerpt":{"rendered":"<p>Pour f\u00e9ter le 650 anniversaire de Moulin Richard-de-Bas j&#8217;ai tout sp\u00e9cialement, imprim\u00e9 cet ouvrage qui traite du bonheur.<\/p>\n","protected":false},"featured_media":15731,"template":"","meta":[],"product_brand":[],"product_cat":[96,32,390,914],"product_tag":[],"class_list":{"0":"post-6593","1":"product","2":"type-product","3":"status-publish","4":"has-post-thumbnail","6":"product_cat-frankreich","7":"product_cat-literatur","8":"product_cat-papier","9":"product_cat-zvab","11":"first","12":"instock","13":"purchasable","14":"product-type-simple"},"_links":{"self":[{"href":"https:\/\/antiquariat-steinbach.com\/rarebooks\/wp-json\/wp\/v2\/product\/6593","targetHints":{"allow":["GET"]}}],"collection":[{"href":"https:\/\/antiquariat-steinbach.com\/rarebooks\/wp-json\/wp\/v2\/product"}],"about":[{"href":"https:\/\/antiquariat-steinbach.com\/rarebooks\/wp-json\/wp\/v2\/types\/product"}],"version-history":[{"count":3,"href":"https:\/\/antiquariat-steinbach.com\/rarebooks\/wp-json\/wp\/v2\/product\/6593\/revisions"}],"predecessor-version":[{"id":21225,"href":"https:\/\/antiquariat-steinbach.com\/rarebooks\/wp-json\/wp\/v2\/product\/6593\/revisions\/21225"}],"wp:featuredmedia":[{"embeddable":true,"href":"https:\/\/antiquariat-steinbach.com\/rarebooks\/wp-json\/wp\/v2\/media\/15731"}],"wp:attachment":[{"href":"https:\/\/antiquariat-steinbach.com\/rarebooks\/wp-json\/wp\/v2\/media?parent=6593"}],"wp:term":[{"taxonomy":"product_brand","embeddable":true,"href":"https:\/\/antiquariat-steinbach.com\/rarebooks\/wp-json\/wp\/v2\/product_brand?post=6593"},{"taxonomy":"product_cat","embeddable":true,"href":"https:\/\/antiquariat-steinbach.com\/rarebooks\/wp-json\/wp\/v2\/product_cat?post=6593"},{"taxonomy":"product_tag","embeddable":true,"href":"https:\/\/antiquariat-steinbach.com\/rarebooks\/wp-json\/wp\/v2\/product_tag?post=6593"}],"curies":[{"name":"wp","href":"https:\/\/api.w.org\/{rel}","templated":true}]}}