{"id":659,"date":"2026-03-12T00:14:48","date_gmt":"2026-03-11T23:14:48","guid":{"rendered":"http:\/\/antiquariat-steinbach.com\/rarebooks\/produkt\/vie-et-mort-de-satan-le-feu-suivi-de-textes-mexicains-pour-un-nouveau-mythe\/"},"modified":"2026-03-12T00:14:50","modified_gmt":"2026-03-11T23:14:50","slug":"litterature-artaud-antonin-vie-et-mort-de-satan-le-feu-suivi-de-textes-mexicains-pour-un-nouveau-mythe","status":"publish","type":"product","link":"https:\/\/antiquariat-steinbach.com\/rarebooks\/produkt\/litterature-artaud-antonin-vie-et-mort-de-satan-le-feu-suivi-de-textes-mexicains-pour-un-nouveau-mythe\/","title":{"rendered":"Litt\u00e9rature &#8211;   Artaud, Antonin. &#8211;  Vie et Mort de Satan le feu. Suivi de Textes Mexicains pour un nouveau Mythe."},"content":{"rendered":"<p>Paris, Arcanes, 1953.<\/p>\n<p>20 : 14,5 cm. 115 Seiten, 4 Blatt. Original Karton.<\/p>\n<p>130,00 EUR<\/p>\n","protected":false},"excerpt":{"rendered":"<p>Manuscrit retrouv\u00e9 et pr\u00e9fac\u00e9 par Serge Berna. &#8211; Collection &#8218;Voyants&#8216;. &#8211; Exemplar ohne Nummer. &#8211;  Broch\u00e9, couverture imprim\u00e9e, Bel exemplaire de l&#8217;\u00e9dition originale, un des 100 exemplaires sur Arches, celui-ci non justifi\u00e9. Quelques pages du manuscrit d&#8217;Artaud reproduites en fac-simil\u00e9. Manuscrit Retrouv\u00e9 et pr\u00e9fac\u00e9 par Serge Berna, qui prit part notamment au &#8222;scandale de Notre-Dame&#8220; \u00e0 P\u00e2ques en 1950. Bandeau de l&#8217;\u00e9diteur conserv\u00e9.<\/p>\n","protected":false},"featured_media":9727,"template":"","meta":[],"product_brand":[],"product_cat":[29,143,32,914],"product_tag":[],"class_list":{"0":"post-659","1":"product","2":"type-product","3":"status-publish","4":"has-post-thumbnail","6":"product_cat-20-jahrhundert","7":"product_cat-francais","8":"product_cat-literatur","9":"product_cat-zvab","11":"first","12":"instock","13":"purchasable","14":"product-type-simple"},"_links":{"self":[{"href":"https:\/\/antiquariat-steinbach.com\/rarebooks\/wp-json\/wp\/v2\/product\/659","targetHints":{"allow":["GET"]}}],"collection":[{"href":"https:\/\/antiquariat-steinbach.com\/rarebooks\/wp-json\/wp\/v2\/product"}],"about":[{"href":"https:\/\/antiquariat-steinbach.com\/rarebooks\/wp-json\/wp\/v2\/types\/product"}],"version-history":[{"count":4,"href":"https:\/\/antiquariat-steinbach.com\/rarebooks\/wp-json\/wp\/v2\/product\/659\/revisions"}],"predecessor-version":[{"id":24584,"href":"https:\/\/antiquariat-steinbach.com\/rarebooks\/wp-json\/wp\/v2\/product\/659\/revisions\/24584"}],"wp:featuredmedia":[{"embeddable":true,"href":"https:\/\/antiquariat-steinbach.com\/rarebooks\/wp-json\/wp\/v2\/media\/9727"}],"wp:attachment":[{"href":"https:\/\/antiquariat-steinbach.com\/rarebooks\/wp-json\/wp\/v2\/media?parent=659"}],"wp:term":[{"taxonomy":"product_brand","embeddable":true,"href":"https:\/\/antiquariat-steinbach.com\/rarebooks\/wp-json\/wp\/v2\/product_brand?post=659"},{"taxonomy":"product_cat","embeddable":true,"href":"https:\/\/antiquariat-steinbach.com\/rarebooks\/wp-json\/wp\/v2\/product_cat?post=659"},{"taxonomy":"product_tag","embeddable":true,"href":"https:\/\/antiquariat-steinbach.com\/rarebooks\/wp-json\/wp\/v2\/product_tag?post=659"}],"curies":[{"name":"wp","href":"https:\/\/api.w.org\/{rel}","templated":true}]}}