{"id":6579,"date":"2026-03-12T00:18:52","date_gmt":"2026-03-11T23:18:52","guid":{"rendered":"http:\/\/antiquariat-steinbach.com\/rarebooks\/produkt\/kuenstlerhilfe-almanach-der-literaria\/"},"modified":"2026-03-12T00:18:52","modified_gmt":"2026-03-11T23:18:52","slug":"piszk-karl-oskar-kuenstlerhilfe-almanach-der-literaria","status":"publish","type":"product","link":"https:\/\/antiquariat-steinbach.com\/rarebooks\/produkt\/piszk-karl-oskar-kuenstlerhilfe-almanach-der-literaria\/","title":{"rendered":"Piszk, Karl Oskar: &#8211;  K\u00fcnstlerhilfe Almanach der Literaria."},"content":{"rendered":"<p>Wien und Leipzig, Literaria Verlag 1924.<\/p>\n<p>24,5 : 18 cm. 284 Seiten, 38 Blatt Anzeigen Mit vielen Tafeln und Abbildungen. Illustrierter Original-Pappband.<\/p>\n<p>75,00 EUR<\/p>\n","protected":false},"excerpt":{"rendered":"<p>Erste Ausgabe. &#8211; Mit literarischen Beitr\u00e4gen von R. Musil, K. Kruas, E. Friedell, A. Schnitzler, H. Hofmannsthal, A. Polgar, F. Werfel, H. Barbusse, P. Claudel u.v.a. K\u00fcnstlerische Beitr\u00e4ge von Egon Schiele, G. Ambrosi, E. Lang, A. G\u00fctersloh, A. Kolb u.a. Im Anzeigenteil sind viele der wichtigen Verlage der Zeit mit den Ank\u00fcndigungen ihrer Neuerscheinungen vertreten, au\u00dferdem Druckereien, Banken u.a. &#8211; Einband gering fleckig.<\/p>\n","protected":false},"featured_media":0,"template":"","meta":[],"product_brand":[],"product_cat":[29,32,914],"product_tag":[],"class_list":{"0":"post-6579","1":"product","2":"type-product","3":"status-publish","5":"product_cat-20-jahrhundert","6":"product_cat-literatur","7":"product_cat-zvab","9":"first","10":"instock","11":"purchasable","12":"product-type-simple"},"_links":{"self":[{"href":"https:\/\/antiquariat-steinbach.com\/rarebooks\/wp-json\/wp\/v2\/product\/6579","targetHints":{"allow":["GET"]}}],"collection":[{"href":"https:\/\/antiquariat-steinbach.com\/rarebooks\/wp-json\/wp\/v2\/product"}],"about":[{"href":"https:\/\/antiquariat-steinbach.com\/rarebooks\/wp-json\/wp\/v2\/types\/product"}],"version-history":[{"count":3,"href":"https:\/\/antiquariat-steinbach.com\/rarebooks\/wp-json\/wp\/v2\/product\/6579\/revisions"}],"predecessor-version":[{"id":21216,"href":"https:\/\/antiquariat-steinbach.com\/rarebooks\/wp-json\/wp\/v2\/product\/6579\/revisions\/21216"}],"wp:attachment":[{"href":"https:\/\/antiquariat-steinbach.com\/rarebooks\/wp-json\/wp\/v2\/media?parent=6579"}],"wp:term":[{"taxonomy":"product_brand","embeddable":true,"href":"https:\/\/antiquariat-steinbach.com\/rarebooks\/wp-json\/wp\/v2\/product_brand?post=6579"},{"taxonomy":"product_cat","embeddable":true,"href":"https:\/\/antiquariat-steinbach.com\/rarebooks\/wp-json\/wp\/v2\/product_cat?post=6579"},{"taxonomy":"product_tag","embeddable":true,"href":"https:\/\/antiquariat-steinbach.com\/rarebooks\/wp-json\/wp\/v2\/product_tag?post=6579"}],"curies":[{"name":"wp","href":"https:\/\/api.w.org\/{rel}","templated":true}]}}