{"id":6511,"date":"2026-03-12T00:18:43","date_gmt":"2026-03-11T23:18:43","guid":{"rendered":"http:\/\/antiquariat-steinbach.com\/rarebooks\/produkt\/6511\/"},"modified":"2026-03-12T00:18:44","modified_gmt":"2026-03-11T23:18:44","slug":"phoenix-der","status":"publish","type":"product","link":"https:\/\/antiquariat-steinbach.com\/rarebooks\/produkt\/phoenix-der\/","title":{"rendered":"Ph\u00f6nix, Der: &#8211;"},"content":{"rendered":"<p>O.O, o.J.(ca. 1910).<\/p>\n<p>41 : 31,5 cm. 12 farbige Tafeln von verschiednen K\u00fcnstlern. Original Halbleinen-Mappe mit Deckeltitel in Gold.<\/p>\n<p>1750,00 EUR<\/p>\n","protected":false},"excerpt":{"rendered":"<p>Sehr seltene Mappe wohl nur in kleiner Auflage erschienen. Das Werk wurde wegen Versto\u00df gegen das Pornographie-Gesetz 1911 aus dem Verkehr gezogen, die meisten Mappen wurden vernichtet. Beinhaltet erotische Zeichnungen der folgenden K\u00fcnstler: Willi Geiger &#8218;Dem starken Mann&#8216; &#8211; Heinrich Kley &#8218;Centaurenpaar&#8216; &#8211; Gustav Jagerspacher &#8218;Ein Traum&#8216; &#8211; Constantin Somoff &#8218;Marquise und Pierrot&#8216; &#8211; Hubert Wilm &#8218;Rast&#8216; &#8211; Karl Arnold &#8218;Der H\u00e4ndler&#8216; &#8211; Otto Kopp &#8218;Auf Lesbos&#8216; &#8211; Carl Josza &#8218;Fr\u00fchlings-Erwachen&#8216; &#8211; Pascin &#8218;Maison de Rendevous&#8216; &#8211; Franz Christoph &#8218;Der erste Unterricht&#8216; &#8211; Albert Weisgerber &#8218;Liebessiel&#8216; &#8211; Minori Jasuda &#8218;Die Hand&#8216;. &#8211; Verzeichnis der verbotenen B\u00fccher und Zeitschriften (1903 bis M\u00e4rz 1914) Manuskript-Verlag des B\u00f6rsenvereins der Deutschen Buchh\u00e4ndler Leipzig 194, S. 57. (Kennen nur 10 Tafeln).<\/p>\n","protected":false},"featured_media":0,"template":"","meta":[],"product_brand":[],"product_cat":[142,153,914],"product_tag":[],"class_list":{"0":"post-6511","1":"product","2":"type-product","3":"status-publish","5":"product_cat-erotika","6":"product_cat-graphik","7":"product_cat-zvab","9":"first","10":"instock","11":"purchasable","12":"product-type-simple"},"_links":{"self":[{"href":"https:\/\/antiquariat-steinbach.com\/rarebooks\/wp-json\/wp\/v2\/product\/6511","targetHints":{"allow":["GET"]}}],"collection":[{"href":"https:\/\/antiquariat-steinbach.com\/rarebooks\/wp-json\/wp\/v2\/product"}],"about":[{"href":"https:\/\/antiquariat-steinbach.com\/rarebooks\/wp-json\/wp\/v2\/types\/product"}],"version-history":[{"count":3,"href":"https:\/\/antiquariat-steinbach.com\/rarebooks\/wp-json\/wp\/v2\/product\/6511\/revisions"}],"predecessor-version":[{"id":21181,"href":"https:\/\/antiquariat-steinbach.com\/rarebooks\/wp-json\/wp\/v2\/product\/6511\/revisions\/21181"}],"wp:attachment":[{"href":"https:\/\/antiquariat-steinbach.com\/rarebooks\/wp-json\/wp\/v2\/media?parent=6511"}],"wp:term":[{"taxonomy":"product_brand","embeddable":true,"href":"https:\/\/antiquariat-steinbach.com\/rarebooks\/wp-json\/wp\/v2\/product_brand?post=6511"},{"taxonomy":"product_cat","embeddable":true,"href":"https:\/\/antiquariat-steinbach.com\/rarebooks\/wp-json\/wp\/v2\/product_cat?post=6511"},{"taxonomy":"product_tag","embeddable":true,"href":"https:\/\/antiquariat-steinbach.com\/rarebooks\/wp-json\/wp\/v2\/product_tag?post=6511"}],"curies":[{"name":"wp","href":"https:\/\/api.w.org\/{rel}","templated":true}]}}