{"id":6509,"date":"2026-03-12T00:18:43","date_gmt":"2026-03-11T23:18:43","guid":{"rendered":"http:\/\/antiquariat-steinbach.com\/rarebooks\/produkt\/6509\/"},"modified":"2026-03-12T00:18:44","modified_gmt":"2026-03-11T23:18:44","slug":"phoenix-der-2","status":"publish","type":"product","link":"https:\/\/antiquariat-steinbach.com\/rarebooks\/produkt\/phoenix-der-2\/","title":{"rendered":"Ph\u00f6nix, Der: &#8211;"},"content":{"rendered":"<p>Munich, Verlagsgesellschaft  Munich, n.d.(ca. 1910).<\/p>\n<p>41 : 31,5 cm. 12 coloured plates by different artists. Black half-cloth portfolio with title printed in gold on front cover.<\/p>\n<p>1750,00 EUR<\/p>\n","protected":false},"excerpt":{"rendered":"<p>Very rare portfolio published only in a small edition for subcribers. This ouevre was withdrawn from the market in 1911 by law. Most of the copies have been destroyed. The contens are erotic drawings by 12 different artists: Willi Geiger &#8218;Dem starken Mann&#8216; &#8211; Heinrich Kley &#8218;Centaurenpaar&#8216; &#8211; Gustav Jagerspacher &#8218;Ein Traum&#8216; &#8211; Constantin Somoff &#8218;Marquise und Pierrot&#8216; &#8211; Hubert Wilm &#8218;Rast&#8216; &#8211; Karl Arnold &#8218;Der H\u00e4ndler&#8216; &#8211; Otto Kopp &#8218;Auf Lesbos&#8216; &#8211; Carl Josza &#8218;Fr\u00fchlings-Erwachen&#8216; &#8211; Pascin &#8218;Maison de Rendevous&#8216; &#8211; Franz Christoph &#8218;Der erste Unterricht&#8216; &#8211; Albert Weisgerber &#8218;Liebesspiel&#8216; &#8211; Minori Jasuda &#8218;Die Hand&#8216;. &#8211; Verzeichnis der verbotenen B\u00fccher und Zeitschriften (1903 bis M\u00e4rz 1914) Manuskript-Verlag des B\u00f6rsenvereins der Deutschen Buchh\u00e4ndler Leipzig 194, S. 57. (They list only 10 plates); Hayn-Got. IX, 458; Englisch 296: &#8222;Alle Entw\u00fcrfe zeichnen sich durch unerh\u00f6rte K\u00fchnheit und Ausgelassenheit aus. Das Werk in einer einmaligen Auflage von 400 Exemplaren wurde jedoch bald beschlagnahmt und gr\u00f6\u00dftenteils vernichtet.<\/p>\n","protected":false},"featured_media":15705,"template":"","meta":[],"product_brand":[],"product_cat":[29,142,153,43,914],"product_tag":[],"class_list":{"0":"post-6509","1":"product","2":"type-product","3":"status-publish","4":"has-post-thumbnail","6":"product_cat-20-jahrhundert","7":"product_cat-erotika","8":"product_cat-graphik","9":"product_cat-illustrierte-buecher","10":"product_cat-zvab","12":"first","13":"instock","14":"purchasable","15":"product-type-simple"},"_links":{"self":[{"href":"https:\/\/antiquariat-steinbach.com\/rarebooks\/wp-json\/wp\/v2\/product\/6509","targetHints":{"allow":["GET"]}}],"collection":[{"href":"https:\/\/antiquariat-steinbach.com\/rarebooks\/wp-json\/wp\/v2\/product"}],"about":[{"href":"https:\/\/antiquariat-steinbach.com\/rarebooks\/wp-json\/wp\/v2\/types\/product"}],"version-history":[{"count":4,"href":"https:\/\/antiquariat-steinbach.com\/rarebooks\/wp-json\/wp\/v2\/product\/6509\/revisions"}],"predecessor-version":[{"id":27882,"href":"https:\/\/antiquariat-steinbach.com\/rarebooks\/wp-json\/wp\/v2\/product\/6509\/revisions\/27882"}],"wp:featuredmedia":[{"embeddable":true,"href":"https:\/\/antiquariat-steinbach.com\/rarebooks\/wp-json\/wp\/v2\/media\/15705"}],"wp:attachment":[{"href":"https:\/\/antiquariat-steinbach.com\/rarebooks\/wp-json\/wp\/v2\/media?parent=6509"}],"wp:term":[{"taxonomy":"product_brand","embeddable":true,"href":"https:\/\/antiquariat-steinbach.com\/rarebooks\/wp-json\/wp\/v2\/product_brand?post=6509"},{"taxonomy":"product_cat","embeddable":true,"href":"https:\/\/antiquariat-steinbach.com\/rarebooks\/wp-json\/wp\/v2\/product_cat?post=6509"},{"taxonomy":"product_tag","embeddable":true,"href":"https:\/\/antiquariat-steinbach.com\/rarebooks\/wp-json\/wp\/v2\/product_tag?post=6509"}],"curies":[{"name":"wp","href":"https:\/\/api.w.org\/{rel}","templated":true}]}}