{"id":6483,"date":"2026-03-12T00:18:41","date_gmt":"2026-03-11T23:18:41","guid":{"rendered":"http:\/\/antiquariat-steinbach.com\/rarebooks\/produkt\/die-abenteuer-des-encolp\/"},"modified":"2026-03-12T00:18:42","modified_gmt":"2026-03-11T23:18:42","slug":"petronius-t-die-abenteuer-des-encolp","status":"publish","type":"product","link":"https:\/\/antiquariat-steinbach.com\/rarebooks\/produkt\/petronius-t-die-abenteuer-des-encolp\/","title":{"rendered":"Petronius, T: &#8211;  Die Abenteuer des Encolp."},"content":{"rendered":"<p>Hannover, Steegemann (1922).<\/p>\n<p>18,5 : 12,5 cm. 210 Seiten, 1 Blatt Rotbrauner Original-Lederband mit R\u00fcckenschild, Kopfgoldschnitt.<\/p>\n<p>50,00 EUR<\/p>\n","protected":false},"excerpt":{"rendered":"<p>Nur in einer einmaligen Auflage von 800 Exemplaren erschienen. Dieser Ausgabe liegt die deutsche \u00dcbertragung von Wilhelm Heinse zugrunde, gek\u00fcrzt und \u00fcberarbeitet von Curt Moreck. Bei Julius Klinckhardt in Leipzig gedruckt. Sch\u00f6ner, bibliophiler Druck. &#8211; Exlibris Max Lustig im vorderen Innendeckel. &#8211; R\u00fccken etwas ausgeblichen, Kanten minimal berieben.<\/p>\n","protected":false},"featured_media":0,"template":"","meta":[],"product_brand":[],"product_cat":[32,914],"product_tag":[],"class_list":{"0":"post-6483","1":"product","2":"type-product","3":"status-publish","5":"product_cat-literatur","6":"product_cat-zvab","8":"first","9":"instock","10":"purchasable","11":"product-type-simple"},"_links":{"self":[{"href":"https:\/\/antiquariat-steinbach.com\/rarebooks\/wp-json\/wp\/v2\/product\/6483","targetHints":{"allow":["GET"]}}],"collection":[{"href":"https:\/\/antiquariat-steinbach.com\/rarebooks\/wp-json\/wp\/v2\/product"}],"about":[{"href":"https:\/\/antiquariat-steinbach.com\/rarebooks\/wp-json\/wp\/v2\/types\/product"}],"version-history":[{"count":3,"href":"https:\/\/antiquariat-steinbach.com\/rarebooks\/wp-json\/wp\/v2\/product\/6483\/revisions"}],"predecessor-version":[{"id":21172,"href":"https:\/\/antiquariat-steinbach.com\/rarebooks\/wp-json\/wp\/v2\/product\/6483\/revisions\/21172"}],"wp:attachment":[{"href":"https:\/\/antiquariat-steinbach.com\/rarebooks\/wp-json\/wp\/v2\/media?parent=6483"}],"wp:term":[{"taxonomy":"product_brand","embeddable":true,"href":"https:\/\/antiquariat-steinbach.com\/rarebooks\/wp-json\/wp\/v2\/product_brand?post=6483"},{"taxonomy":"product_cat","embeddable":true,"href":"https:\/\/antiquariat-steinbach.com\/rarebooks\/wp-json\/wp\/v2\/product_cat?post=6483"},{"taxonomy":"product_tag","embeddable":true,"href":"https:\/\/antiquariat-steinbach.com\/rarebooks\/wp-json\/wp\/v2\/product_tag?post=6483"}],"curies":[{"name":"wp","href":"https:\/\/api.w.org\/{rel}","templated":true}]}}