{"id":6481,"date":"2026-03-12T00:18:41","date_gmt":"2026-03-11T23:18:41","guid":{"rendered":"http:\/\/antiquariat-steinbach.com\/rarebooks\/produkt\/poetische-werke-in-deutscher-nachdichtung-von-ignaz-schnitzer\/"},"modified":"2026-03-12T00:18:41","modified_gmt":"2026-03-11T23:18:41","slug":"petoefi-alexander-poetische-werke-in-deutscher-nachdichtung-von-ignaz-schnitzer","status":"publish","type":"product","link":"https:\/\/antiquariat-steinbach.com\/rarebooks\/produkt\/petoefi-alexander-poetische-werke-in-deutscher-nachdichtung-von-ignaz-schnitzer\/","title":{"rendered":"Pet\u00f6fi, Alexander: &#8211;  Poetische Werke in deutscher Nachdichtung von Ignaz Schnitzer."},"content":{"rendered":"<p>Wien, Halm &#038; Goldmann 1910.<\/p>\n<p>6 Teile in 3 B\u00e4nden. 23 : 16,5 cm. Mit vielen Vignetten und Buchschmuck von Rudolf Geyer. Original-Halbpergamentb\u00e4nde mit R\u00fcckenvergoldung und R\u00fcckenschild, Kopfgoldschnitt.<\/p>\n<p>140,00 EUR<\/p>\n","protected":false},"excerpt":{"rendered":"<p>Eines von 500 numerierten Exemplaren der einmaligen Auflage. &#8211; Attraktive und rare Ausgabe. &#8211; Einb\u00e4nde gering berieben.<\/p>\n","protected":false},"featured_media":15698,"template":"","meta":[],"product_brand":[],"product_cat":[301,32,914],"product_tag":[],"class_list":{"0":"post-6481","1":"product","2":"type-product","3":"status-publish","4":"has-post-thumbnail","6":"product_cat-gesamtausgaben","7":"product_cat-literatur","8":"product_cat-zvab","10":"first","11":"instock","12":"purchasable","13":"product-type-simple"},"_links":{"self":[{"href":"https:\/\/antiquariat-steinbach.com\/rarebooks\/wp-json\/wp\/v2\/product\/6481","targetHints":{"allow":["GET"]}}],"collection":[{"href":"https:\/\/antiquariat-steinbach.com\/rarebooks\/wp-json\/wp\/v2\/product"}],"about":[{"href":"https:\/\/antiquariat-steinbach.com\/rarebooks\/wp-json\/wp\/v2\/types\/product"}],"version-history":[{"count":3,"href":"https:\/\/antiquariat-steinbach.com\/rarebooks\/wp-json\/wp\/v2\/product\/6481\/revisions"}],"predecessor-version":[{"id":21171,"href":"https:\/\/antiquariat-steinbach.com\/rarebooks\/wp-json\/wp\/v2\/product\/6481\/revisions\/21171"}],"wp:featuredmedia":[{"embeddable":true,"href":"https:\/\/antiquariat-steinbach.com\/rarebooks\/wp-json\/wp\/v2\/media\/15698"}],"wp:attachment":[{"href":"https:\/\/antiquariat-steinbach.com\/rarebooks\/wp-json\/wp\/v2\/media?parent=6481"}],"wp:term":[{"taxonomy":"product_brand","embeddable":true,"href":"https:\/\/antiquariat-steinbach.com\/rarebooks\/wp-json\/wp\/v2\/product_brand?post=6481"},{"taxonomy":"product_cat","embeddable":true,"href":"https:\/\/antiquariat-steinbach.com\/rarebooks\/wp-json\/wp\/v2\/product_cat?post=6481"},{"taxonomy":"product_tag","embeddable":true,"href":"https:\/\/antiquariat-steinbach.com\/rarebooks\/wp-json\/wp\/v2\/product_tag?post=6481"}],"curies":[{"name":"wp","href":"https:\/\/api.w.org\/{rel}","templated":true}]}}