{"id":647,"date":"2026-03-12T00:00:38","date_gmt":"2026-03-11T23:00:38","guid":{"rendered":"http:\/\/antiquariat-steinbach.com\/rarebooks\/produkt\/tabellen-zu-weiss-baukunst\/"},"modified":"2026-03-12T00:00:38","modified_gmt":"2026-03-11T23:00:38","slug":"arquitectura-weiss-franz-tabellen-zu-weiss-baukunst","status":"publish","type":"product","link":"https:\/\/antiquariat-steinbach.com\/rarebooks\/produkt\/arquitectura-weiss-franz-tabellen-zu-weiss-baukunst\/","title":{"rendered":"Arquitectura &#8211;   Weiss, Franz: &#8211;  Tabellen zu Weiss Baukunst."},"content":{"rendered":"<p>(Vienna), s.a. (ca. 1830).<\/p>\n<p>3 partes en un volumen. 44 : 31 cm. Con 39 l\u00e1minas grabadas de doble p\u00e1gina. Media piel de \u00e9poca.<\/p>\n<p>450,00 EUR<\/p>\n","protected":false},"excerpt":{"rendered":"<p>Las l\u00e1minas muestran heramientas, cimientos y partes de muros, entremado de tejado etc. las l\u00e1minas de la tercera parte muestran puentes, pontons y barcos. &#8211; Con grandes margenes, encuadernaci\u00f3n muy poco rozado. &#8211; No en el Katalog der Ornamentstichslg., Bln.<\/p>\n","protected":false},"featured_media":0,"template":"","meta":[],"product_brand":[],"product_cat":[48,155,77,914],"product_tag":[],"class_list":{"0":"post-647","1":"product","2":"type-product","3":"status-publish","5":"product_cat-architektur","6":"product_cat-m10","7":"product_cat-technik","8":"product_cat-zvab","10":"first","11":"instock","12":"purchasable","13":"product-type-simple"},"_links":{"self":[{"href":"https:\/\/antiquariat-steinbach.com\/rarebooks\/wp-json\/wp\/v2\/product\/647","targetHints":{"allow":["GET"]}}],"collection":[{"href":"https:\/\/antiquariat-steinbach.com\/rarebooks\/wp-json\/wp\/v2\/product"}],"about":[{"href":"https:\/\/antiquariat-steinbach.com\/rarebooks\/wp-json\/wp\/v2\/types\/product"}],"version-history":[{"count":3,"href":"https:\/\/antiquariat-steinbach.com\/rarebooks\/wp-json\/wp\/v2\/product\/647\/revisions"}],"predecessor-version":[{"id":18475,"href":"https:\/\/antiquariat-steinbach.com\/rarebooks\/wp-json\/wp\/v2\/product\/647\/revisions\/18475"}],"wp:attachment":[{"href":"https:\/\/antiquariat-steinbach.com\/rarebooks\/wp-json\/wp\/v2\/media?parent=647"}],"wp:term":[{"taxonomy":"product_brand","embeddable":true,"href":"https:\/\/antiquariat-steinbach.com\/rarebooks\/wp-json\/wp\/v2\/product_brand?post=647"},{"taxonomy":"product_cat","embeddable":true,"href":"https:\/\/antiquariat-steinbach.com\/rarebooks\/wp-json\/wp\/v2\/product_cat?post=647"},{"taxonomy":"product_tag","embeddable":true,"href":"https:\/\/antiquariat-steinbach.com\/rarebooks\/wp-json\/wp\/v2\/product_tag?post=647"}],"curies":[{"name":"wp","href":"https:\/\/api.w.org\/{rel}","templated":true}]}}