{"id":6469,"date":"2026-03-12T00:18:39","date_gmt":"2026-03-11T23:18:39","guid":{"rendered":"http:\/\/antiquariat-steinbach.com\/rarebooks\/produkt\/anschauungslehre-fuer-zahlenverhaeltnisse\/"},"modified":"2026-03-12T00:18:40","modified_gmt":"2026-03-11T23:18:40","slug":"pestalozzi-johann-heinrich-anschauungslehre-fuer-zahlenverhaeltnisse","status":"publish","type":"product","link":"https:\/\/antiquariat-steinbach.com\/rarebooks\/produkt\/pestalozzi-johann-heinrich-anschauungslehre-fuer-zahlenverhaeltnisse\/","title":{"rendered":"Pestalozzi, Johann Heinrich. &#8211;  Anschauungslehre f\u00fcr Zahlenverh\u00e4ltnisse."},"content":{"rendered":"<p>Z\u00fcrich und Bern und T\u00fcbingen, Ge\u00dfner und Cotta,  1803.<\/p>\n<p>20 : 11,5 cm. XXIV, 175 Seiten, 1 gestochene Tafel. Pappband der Zeit mit Titelschildchen.<\/p>\n<p>80,00 EUR<\/p>\n","protected":false},"excerpt":{"rendered":"<p>Erste Ausgabe. &#8211; Das erste von insgesamt drei erschienenen B\u00e4nden der Folge von Pestalozzis Elementarb\u00fccher. &#8211;  Die Elementarb\u00fccher sind didaktische Ausarbeitungen nach der von Pestalozzi entwickelten Elementar-Methode. Die Buchstaben sind die Elemente des Schreibens und man schreitet von den Buchstaben zur Schrift. &#8211; Goed. XII, 62, 15; Israel I, 22.<\/p>\n","protected":false},"featured_media":15696,"template":"","meta":[],"product_brand":[],"product_cat":[32,67,76,914],"product_tag":[],"class_list":{"0":"post-6469","1":"product","2":"type-product","3":"status-publish","4":"has-post-thumbnail","6":"product_cat-literatur","7":"product_cat-mathematik","8":"product_cat-schweiz","9":"product_cat-zvab","11":"first","12":"instock","13":"purchasable","14":"product-type-simple"},"_links":{"self":[{"href":"https:\/\/antiquariat-steinbach.com\/rarebooks\/wp-json\/wp\/v2\/product\/6469","targetHints":{"allow":["GET"]}}],"collection":[{"href":"https:\/\/antiquariat-steinbach.com\/rarebooks\/wp-json\/wp\/v2\/product"}],"about":[{"href":"https:\/\/antiquariat-steinbach.com\/rarebooks\/wp-json\/wp\/v2\/types\/product"}],"version-history":[{"count":3,"href":"https:\/\/antiquariat-steinbach.com\/rarebooks\/wp-json\/wp\/v2\/product\/6469\/revisions"}],"predecessor-version":[{"id":21166,"href":"https:\/\/antiquariat-steinbach.com\/rarebooks\/wp-json\/wp\/v2\/product\/6469\/revisions\/21166"}],"wp:featuredmedia":[{"embeddable":true,"href":"https:\/\/antiquariat-steinbach.com\/rarebooks\/wp-json\/wp\/v2\/media\/15696"}],"wp:attachment":[{"href":"https:\/\/antiquariat-steinbach.com\/rarebooks\/wp-json\/wp\/v2\/media?parent=6469"}],"wp:term":[{"taxonomy":"product_brand","embeddable":true,"href":"https:\/\/antiquariat-steinbach.com\/rarebooks\/wp-json\/wp\/v2\/product_brand?post=6469"},{"taxonomy":"product_cat","embeddable":true,"href":"https:\/\/antiquariat-steinbach.com\/rarebooks\/wp-json\/wp\/v2\/product_cat?post=6469"},{"taxonomy":"product_tag","embeddable":true,"href":"https:\/\/antiquariat-steinbach.com\/rarebooks\/wp-json\/wp\/v2\/product_tag?post=6469"}],"curies":[{"name":"wp","href":"https:\/\/api.w.org\/{rel}","templated":true}]}}