{"id":6461,"date":"2026-03-12T00:18:39","date_gmt":"2026-03-11T23:18:39","guid":{"rendered":"http:\/\/antiquariat-steinbach.com\/rarebooks\/produkt\/persisches-woerterbuch-handwritten-mansucript\/"},"modified":"2026-03-12T00:18:40","modified_gmt":"2026-03-11T23:18:40","slug":"persisches-woerterbuch-persisches-woerterbuch-handwritten-mansucript","status":"publish","type":"product","link":"https:\/\/antiquariat-steinbach.com\/rarebooks\/produkt\/persisches-woerterbuch-persisches-woerterbuch-handwritten-mansucript\/","title":{"rendered":"Persisches W\u00f6rterbuch &#8211;   Persisches W\u00f6rterbuch. Handwritten mansucript."},"content":{"rendered":"<p>N.p. ca. 1919.<\/p>\n<p>29 : 25 cm. 1 leaf, 220 numbered pages. Contemporary half calf, title in gold on spine.<\/p>\n<p>380,00 EUR<\/p>\n","protected":false},"excerpt":{"rendered":"<p>This dictionnary is, as the author states on the first leaf, an extract of different grammars of the time, in particular Sebastian Becks &#8218;Neupersische Konversations-Grammatik&#8216; (Heidelberg 1914), Adolf Wahrmunds &#8218;Praktische Grammatik der neu-persischen Sprache (Gie\u00dfen 1889), Heinrich Leberecht Fleischers &#8218;Grammatik der lebenden Persischen Sprache nach Mirza Mohammed Ibrahim&#8216; (2nd edition, Leipzig 1875), William St. Clair Tisdalls &#8218;Modern Persian conversation-grammar&#8216; (Heidelberg 1902) and Paul Horns &#8218;Neupersische Schriftsprache&#8216; (in: Wilhelm Geiger, Ernst Kuhn (Hrsg.) Grundri\u00df der iranischen Philologie, Stra\u00dfburg, Tr\u00fcbner, 1898-1901, S 1 &#8211; 200). But as another (third) writter states with regret, that when writting this volume they did not use the  &#8218;Vullers!&#8216;. This is the german Orientalist Johann August Vullers, who was engaged with the grammatical and lexical editing of the new-persian language and he got great merit as translater and editor of the works by Firdausi, Mir Hwand and Zarathustra. &#8211; A second writer, the then owner of the book. states on the title very extensive the provenance of the book &#8218;from the estate of the liner-captain Ro\u00df&#8216; who is the author of the book, who died in 1935 in Graz (Ausstria), he got it from the &#8218;liner-captain v. Arbesser&#8216; in November of the same year. Captain Ro\u00df was, as it is stated, a connoisseur of the new-persian, arabic and turcish language. He also knew Sanskrit, Aw\u00e4stisch, old-church-irianian etc. He was also a great mathimatician, he knew astronomy. Finaly he was weaving carpts in the Persian manner with beautiful poems in Persian language. A quiet, good person, whom I got to know in 1932 through Admiral Gratzl.<\/p>\n","protected":false},"featured_media":15692,"template":"","meta":[],"product_brand":[],"product_cat":[71,147,624,413,914],"product_tag":[],"class_list":{"0":"post-6461","1":"product","2":"type-product","3":"status-publish","4":"has-post-thumbnail","6":"product_cat-austriaca","7":"product_cat-manuskripte","8":"product_cat-persien","9":"product_cat-woerterbuecher","10":"product_cat-zvab","12":"first","13":"instock","14":"purchasable","15":"product-type-simple"},"_links":{"self":[{"href":"https:\/\/antiquariat-steinbach.com\/rarebooks\/wp-json\/wp\/v2\/product\/6461","targetHints":{"allow":["GET"]}}],"collection":[{"href":"https:\/\/antiquariat-steinbach.com\/rarebooks\/wp-json\/wp\/v2\/product"}],"about":[{"href":"https:\/\/antiquariat-steinbach.com\/rarebooks\/wp-json\/wp\/v2\/types\/product"}],"version-history":[{"count":3,"href":"https:\/\/antiquariat-steinbach.com\/rarebooks\/wp-json\/wp\/v2\/product\/6461\/revisions"}],"predecessor-version":[{"id":21162,"href":"https:\/\/antiquariat-steinbach.com\/rarebooks\/wp-json\/wp\/v2\/product\/6461\/revisions\/21162"}],"wp:featuredmedia":[{"embeddable":true,"href":"https:\/\/antiquariat-steinbach.com\/rarebooks\/wp-json\/wp\/v2\/media\/15692"}],"wp:attachment":[{"href":"https:\/\/antiquariat-steinbach.com\/rarebooks\/wp-json\/wp\/v2\/media?parent=6461"}],"wp:term":[{"taxonomy":"product_brand","embeddable":true,"href":"https:\/\/antiquariat-steinbach.com\/rarebooks\/wp-json\/wp\/v2\/product_brand?post=6461"},{"taxonomy":"product_cat","embeddable":true,"href":"https:\/\/antiquariat-steinbach.com\/rarebooks\/wp-json\/wp\/v2\/product_cat?post=6461"},{"taxonomy":"product_tag","embeddable":true,"href":"https:\/\/antiquariat-steinbach.com\/rarebooks\/wp-json\/wp\/v2\/product_tag?post=6461"}],"curies":[{"name":"wp","href":"https:\/\/api.w.org\/{rel}","templated":true}]}}