{"id":6451,"date":"2026-03-12T00:18:37","date_gmt":"2026-03-11T23:18:37","guid":{"rendered":"http:\/\/antiquariat-steinbach.com\/rarebooks\/produkt\/innendecoration-moebel-und-geraethe\/"},"modified":"2026-03-12T00:18:39","modified_gmt":"2026-03-11T23:18:39","slug":"percier-c-und-p-f-l-fontaine-innendecoration-moebel-und-geraethe","status":"publish","type":"product","link":"https:\/\/antiquariat-steinbach.com\/rarebooks\/produkt\/percier-c-und-p-f-l-fontaine-innendecoration-moebel-und-geraethe\/","title":{"rendered":"Percier, C. und P.F.L.Fontaine. &#8211;  Innendecoration Moebel und Geraethe"},"content":{"rendered":"<p>Berlin, Wasmuth, 1898.<\/p>\n<p>Neue Ausgabe. 46 : 31cm. 2 Blatt, 72 Tafeln. Pergaminband der Zeit.<\/p>\n<p>75,00 EUR<\/p>\n","protected":false},"excerpt":{"rendered":"<p>Was Schinkel f\u00fcr Preu\u00dfen, waren Charles Percier (1764-1838 und Pierre Fontaine (1762-1855) f\u00fcr Frankreich. &#8211; Einband etwas fleckig und berieben.<\/p>\n","protected":false},"featured_media":15690,"template":"","meta":[],"product_brand":[],"product_cat":[96,233,232,914],"product_tag":[],"class_list":{"0":"post-6451","1":"product","2":"type-product","3":"status-publish","4":"has-post-thumbnail","6":"product_cat-frankreich","7":"product_cat-innenarchitektur","8":"product_cat-moebel","9":"product_cat-zvab","11":"first","12":"instock","13":"purchasable","14":"product-type-simple"},"_links":{"self":[{"href":"https:\/\/antiquariat-steinbach.com\/rarebooks\/wp-json\/wp\/v2\/product\/6451","targetHints":{"allow":["GET"]}}],"collection":[{"href":"https:\/\/antiquariat-steinbach.com\/rarebooks\/wp-json\/wp\/v2\/product"}],"about":[{"href":"https:\/\/antiquariat-steinbach.com\/rarebooks\/wp-json\/wp\/v2\/types\/product"}],"version-history":[{"count":3,"href":"https:\/\/antiquariat-steinbach.com\/rarebooks\/wp-json\/wp\/v2\/product\/6451\/revisions"}],"predecessor-version":[{"id":21157,"href":"https:\/\/antiquariat-steinbach.com\/rarebooks\/wp-json\/wp\/v2\/product\/6451\/revisions\/21157"}],"wp:featuredmedia":[{"embeddable":true,"href":"https:\/\/antiquariat-steinbach.com\/rarebooks\/wp-json\/wp\/v2\/media\/15690"}],"wp:attachment":[{"href":"https:\/\/antiquariat-steinbach.com\/rarebooks\/wp-json\/wp\/v2\/media?parent=6451"}],"wp:term":[{"taxonomy":"product_brand","embeddable":true,"href":"https:\/\/antiquariat-steinbach.com\/rarebooks\/wp-json\/wp\/v2\/product_brand?post=6451"},{"taxonomy":"product_cat","embeddable":true,"href":"https:\/\/antiquariat-steinbach.com\/rarebooks\/wp-json\/wp\/v2\/product_cat?post=6451"},{"taxonomy":"product_tag","embeddable":true,"href":"https:\/\/antiquariat-steinbach.com\/rarebooks\/wp-json\/wp\/v2\/product_tag?post=6451"}],"curies":[{"name":"wp","href":"https:\/\/api.w.org\/{rel}","templated":true}]}}