{"id":645,"date":"2026-03-12T00:00:38","date_gmt":"2026-03-11T23:00:38","guid":{"rendered":"http:\/\/antiquariat-steinbach.com\/rarebooks\/produkt\/tierra-de-moros\/"},"modified":"2026-03-12T00:00:38","modified_gmt":"2026-03-11T23:00:38","slug":"arques-enrique-tierra-de-moros","status":"publish","type":"product","link":"https:\/\/antiquariat-steinbach.com\/rarebooks\/produkt\/arques-enrique-tierra-de-moros\/","title":{"rendered":"Arques, Enrique: &#8211;  Tierra de Moros."},"content":{"rendered":"<p>Ceuta &#8211; Tetuan, Imp. &#8222;Africa&#8220; 1938.<\/p>\n<p>26,5 : 20 cm. 266 p\u00e1ginas, 2 hojas Con 14 l\u00e1minas fotograficas y algun grabado de madera. Carton\u00e9 en estilo de la ep\u00f3ca.<\/p>\n<p>180,00 EUR<\/p>\n","protected":false},"excerpt":{"rendered":"<p>Interesantes fotografias por al artista Juan F. Cuadrado.<\/p>\n","protected":false},"featured_media":0,"template":"","meta":[],"product_brand":[],"product_cat":[170,171,65,914],"product_tag":[],"class_list":{"0":"post-645","1":"product","2":"type-product","3":"status-publish","5":"product_cat-bc12","6":"product_cat-espanol","7":"product_cat-geographie","8":"product_cat-zvab","10":"first","11":"instock","12":"purchasable","13":"product-type-simple"},"_links":{"self":[{"href":"https:\/\/antiquariat-steinbach.com\/rarebooks\/wp-json\/wp\/v2\/product\/645","targetHints":{"allow":["GET"]}}],"collection":[{"href":"https:\/\/antiquariat-steinbach.com\/rarebooks\/wp-json\/wp\/v2\/product"}],"about":[{"href":"https:\/\/antiquariat-steinbach.com\/rarebooks\/wp-json\/wp\/v2\/types\/product"}],"version-history":[{"count":3,"href":"https:\/\/antiquariat-steinbach.com\/rarebooks\/wp-json\/wp\/v2\/product\/645\/revisions"}],"predecessor-version":[{"id":18474,"href":"https:\/\/antiquariat-steinbach.com\/rarebooks\/wp-json\/wp\/v2\/product\/645\/revisions\/18474"}],"wp:attachment":[{"href":"https:\/\/antiquariat-steinbach.com\/rarebooks\/wp-json\/wp\/v2\/media?parent=645"}],"wp:term":[{"taxonomy":"product_brand","embeddable":true,"href":"https:\/\/antiquariat-steinbach.com\/rarebooks\/wp-json\/wp\/v2\/product_brand?post=645"},{"taxonomy":"product_cat","embeddable":true,"href":"https:\/\/antiquariat-steinbach.com\/rarebooks\/wp-json\/wp\/v2\/product_cat?post=645"},{"taxonomy":"product_tag","embeddable":true,"href":"https:\/\/antiquariat-steinbach.com\/rarebooks\/wp-json\/wp\/v2\/product_tag?post=645"}],"curies":[{"name":"wp","href":"https:\/\/api.w.org\/{rel}","templated":true}]}}