{"id":6403,"date":"2026-03-12T00:18:34","date_gmt":"2026-03-11T23:18:34","guid":{"rendered":"http:\/\/antiquariat-steinbach.com\/rarebooks\/produkt\/neue-gedichte\/"},"modified":"2026-03-12T00:18:35","modified_gmt":"2026-03-11T23:18:35","slug":"paoli-betti-d-i-barbara-elisabeth-glueck-neue-gedichte","status":"publish","type":"product","link":"https:\/\/antiquariat-steinbach.com\/rarebooks\/produkt\/paoli-betti-d-i-barbara-elisabeth-glueck-neue-gedichte\/","title":{"rendered":"Paoli, Betti (d.i. Barbara Elisabeth Gl\u00fcck) &#8211;  Neue Gedichte."},"content":{"rendered":"<p>Pest, Heckenast, 1850.<\/p>\n<p>17,5 : 11 cm. Faksimiliertre Brief, Vortitel, gestochener Titel, 2 Blatt, 258 Seiten. Gr\u00fcner Lederband der Zeit mit reicher R\u00fcckenvergoldung, Deckelfileten, dreiseitiger Goldschnitt.<\/p>\n<p>480,00 EUR<\/p>\n","protected":false},"excerpt":{"rendered":"<p>Seltene erste Ausgabe. &#8211; Betty Paoli, eigentlich Barabara Elisabeth Gl\u00fcck (Wien 1814 &#8211; Baden bei Wien 1894) \u00f6sterreichische Lyrikerin, Novellistin, Journalistin und \u00dcbersetzerin. Paoli offiziell die Tochter des Milit\u00e4rarztes Anton Gl\u00fcck, vertraulich wurde sie aber als die nat\u00fcrliche Tochter des F\u00fcrsten Nikolaus von Esterhazy gennant. Mit ihren einf\u00fchlamen Gedichten und kritischen Aufs\u00e4tzen wurde Betty Paoli zu einer wichtigen Figur der fr\u00fchen Frauenbewegung. Durch ihre Reisen hatte sie auch Kontakt zu Bettina von Arnim. &#8211; Sehr dekorativ gebundenes Exemplar mit dem eingebundenen Faksimile eines ihrer Gedichte, wom\u00f6glich Geschenk-Exemplar.<\/p>\n","protected":false},"featured_media":15672,"template":"","meta":[],"product_brand":[],"product_cat":[71,221,773,32,914],"product_tag":[],"class_list":{"0":"post-6403","1":"product","2":"type-product","3":"status-publish","4":"has-post-thumbnail","6":"product_cat-austriaca","7":"product_cat-frauen","8":"product_cat-frauenliteratur","9":"product_cat-literatur","10":"product_cat-zvab","12":"first","13":"instock","14":"purchasable","15":"product-type-simple"},"_links":{"self":[{"href":"https:\/\/antiquariat-steinbach.com\/rarebooks\/wp-json\/wp\/v2\/product\/6403","targetHints":{"allow":["GET"]}}],"collection":[{"href":"https:\/\/antiquariat-steinbach.com\/rarebooks\/wp-json\/wp\/v2\/product"}],"about":[{"href":"https:\/\/antiquariat-steinbach.com\/rarebooks\/wp-json\/wp\/v2\/types\/product"}],"version-history":[{"count":3,"href":"https:\/\/antiquariat-steinbach.com\/rarebooks\/wp-json\/wp\/v2\/product\/6403\/revisions"}],"predecessor-version":[{"id":21134,"href":"https:\/\/antiquariat-steinbach.com\/rarebooks\/wp-json\/wp\/v2\/product\/6403\/revisions\/21134"}],"wp:featuredmedia":[{"embeddable":true,"href":"https:\/\/antiquariat-steinbach.com\/rarebooks\/wp-json\/wp\/v2\/media\/15672"}],"wp:attachment":[{"href":"https:\/\/antiquariat-steinbach.com\/rarebooks\/wp-json\/wp\/v2\/media?parent=6403"}],"wp:term":[{"taxonomy":"product_brand","embeddable":true,"href":"https:\/\/antiquariat-steinbach.com\/rarebooks\/wp-json\/wp\/v2\/product_brand?post=6403"},{"taxonomy":"product_cat","embeddable":true,"href":"https:\/\/antiquariat-steinbach.com\/rarebooks\/wp-json\/wp\/v2\/product_cat?post=6403"},{"taxonomy":"product_tag","embeddable":true,"href":"https:\/\/antiquariat-steinbach.com\/rarebooks\/wp-json\/wp\/v2\/product_tag?post=6403"}],"curies":[{"name":"wp","href":"https:\/\/api.w.org\/{rel}","templated":true}]}}