{"id":6375,"date":"2026-03-12T00:18:32","date_gmt":"2026-03-11T23:18:32","guid":{"rendered":"http:\/\/antiquariat-steinbach.com\/rarebooks\/produkt\/die-hauptgoetter-er-fabeln-in-24-kupfern-dargestellt-mit-ihrer-geschichte-und-urspruenglichen-bedeutung-verfasst-und-historisch-beschrieben-von-den-uebersetzern-des-ovids-verwandlungen\/"},"modified":"2026-03-12T00:18:33","modified_gmt":"2026-03-11T23:18:33","slug":"ovid-die-hauptgoetter-er-fabeln-in-24-kupfern-dargestellt-mit-ihrer-geschichte-und-urspruenglichen-bedeutung-verfasst-und-historisch-beschrieben-von-den-uebersetzern-des-ovids-verwandlungen","status":"publish","type":"product","link":"https:\/\/antiquariat-steinbach.com\/rarebooks\/produkt\/ovid-die-hauptgoetter-er-fabeln-in-24-kupfern-dargestellt-mit-ihrer-geschichte-und-urspruenglichen-bedeutung-verfasst-und-historisch-beschrieben-von-den-uebersetzern-des-ovids-verwandlungen\/","title":{"rendered":"Ovid &#8211;   Die Hauptg\u00f6tter er fabeln in 24 Kupfern dargestellt mit ihrer Geschichte und urspr\u00fcnglichen Bedeutung verfa\u00dft und historisch beschrieben von den Uebersetzern des Ovids Verwandlungen."},"content":{"rendered":"<p>Augsburg, B\u00fcrglen, 1803.<\/p>\n<p>22 : 18,5 cm. 72 pages, engraved illustrated title-page and 24 engraved plates. Full calf binding, three back lables, slipcase.<\/p>\n<p>250,00 EUR<\/p>\n","protected":false},"excerpt":{"rendered":"<p>The supplement or fourth volume of Ovids Methamorphosis. The plates show Amor, Amphirite, Apoll and the muses, Bacchus, Beliona, Ceres, Diana, Exigone, Ganymed, Grazien, Hebe, Iris, Juno, Jupiter, Mars, Merkur, Neptun, Pallas, Pluto, Proserpina, Saturn, Venus and Vulkan. &#8211; In an extensive private binding. &#8211; Title-pages with small collectors stamp.<\/p>\n","protected":false},"featured_media":0,"template":"","meta":[],"product_brand":[],"product_cat":[151,457,368,914],"product_tag":[],"class_list":{"0":"post-6375","1":"product","2":"type-product","3":"status-publish","5":"product_cat-antike","6":"product_cat-griechenland","7":"product_cat-mythologie","8":"product_cat-zvab","10":"first","11":"instock","12":"purchasable","13":"product-type-simple"},"_links":{"self":[{"href":"https:\/\/antiquariat-steinbach.com\/rarebooks\/wp-json\/wp\/v2\/product\/6375","targetHints":{"allow":["GET"]}}],"collection":[{"href":"https:\/\/antiquariat-steinbach.com\/rarebooks\/wp-json\/wp\/v2\/product"}],"about":[{"href":"https:\/\/antiquariat-steinbach.com\/rarebooks\/wp-json\/wp\/v2\/types\/product"}],"version-history":[{"count":3,"href":"https:\/\/antiquariat-steinbach.com\/rarebooks\/wp-json\/wp\/v2\/product\/6375\/revisions"}],"predecessor-version":[{"id":21123,"href":"https:\/\/antiquariat-steinbach.com\/rarebooks\/wp-json\/wp\/v2\/product\/6375\/revisions\/21123"}],"wp:attachment":[{"href":"https:\/\/antiquariat-steinbach.com\/rarebooks\/wp-json\/wp\/v2\/media?parent=6375"}],"wp:term":[{"taxonomy":"product_brand","embeddable":true,"href":"https:\/\/antiquariat-steinbach.com\/rarebooks\/wp-json\/wp\/v2\/product_brand?post=6375"},{"taxonomy":"product_cat","embeddable":true,"href":"https:\/\/antiquariat-steinbach.com\/rarebooks\/wp-json\/wp\/v2\/product_cat?post=6375"},{"taxonomy":"product_tag","embeddable":true,"href":"https:\/\/antiquariat-steinbach.com\/rarebooks\/wp-json\/wp\/v2\/product_tag?post=6375"}],"curies":[{"name":"wp","href":"https:\/\/api.w.org\/{rel}","templated":true}]}}