{"id":635,"date":"2026-03-12T00:00:35","date_gmt":"2026-03-11T23:00:35","guid":{"rendered":"http:\/\/antiquariat-steinbach.com\/rarebooks\/produkt\/bibliographie-der-deutschen-buehnen-seit-1830\/"},"modified":"2026-03-12T00:00:38","modified_gmt":"2026-03-11T23:00:38","slug":"arnold-robert-f-bibliographie-der-deutschen-buehnen-seit-1830","status":"publish","type":"product","link":"https:\/\/antiquariat-steinbach.com\/rarebooks\/produkt\/arnold-robert-f-bibliographie-der-deutschen-buehnen-seit-1830\/","title":{"rendered":"Arnold, Robert F: &#8211;  Bibliographie der Deutschen B\u00fchnen seit 1830."},"content":{"rendered":"<p>Wien, Stern 1908.<\/p>\n<p>23 : 15 cm. 24 Seiten Pappband.<\/p>\n<p>30,00 EUR<\/p>\n","protected":false},"excerpt":{"rendered":"<p>Verzeichnis der deutschsprachigen B\u00fchnen von Agram bis Z\u00fcrich. &#8211; Auf dem Titel eigenh\u00e4ndige Widmung des Verfassers. &#8211; Durchschossenes Exemplar.<\/p>\n","protected":false},"featured_media":0,"template":"","meta":[],"product_brand":[],"product_cat":[145,914],"product_tag":[],"class_list":{"0":"post-635","1":"product","2":"type-product","3":"status-publish","5":"product_cat-theater","6":"product_cat-zvab","8":"first","9":"instock","10":"purchasable","11":"product-type-simple"},"_links":{"self":[{"href":"https:\/\/antiquariat-steinbach.com\/rarebooks\/wp-json\/wp\/v2\/product\/635","targetHints":{"allow":["GET"]}}],"collection":[{"href":"https:\/\/antiquariat-steinbach.com\/rarebooks\/wp-json\/wp\/v2\/product"}],"about":[{"href":"https:\/\/antiquariat-steinbach.com\/rarebooks\/wp-json\/wp\/v2\/types\/product"}],"version-history":[{"count":3,"href":"https:\/\/antiquariat-steinbach.com\/rarebooks\/wp-json\/wp\/v2\/product\/635\/revisions"}],"predecessor-version":[{"id":18470,"href":"https:\/\/antiquariat-steinbach.com\/rarebooks\/wp-json\/wp\/v2\/product\/635\/revisions\/18470"}],"wp:attachment":[{"href":"https:\/\/antiquariat-steinbach.com\/rarebooks\/wp-json\/wp\/v2\/media?parent=635"}],"wp:term":[{"taxonomy":"product_brand","embeddable":true,"href":"https:\/\/antiquariat-steinbach.com\/rarebooks\/wp-json\/wp\/v2\/product_brand?post=635"},{"taxonomy":"product_cat","embeddable":true,"href":"https:\/\/antiquariat-steinbach.com\/rarebooks\/wp-json\/wp\/v2\/product_cat?post=635"},{"taxonomy":"product_tag","embeddable":true,"href":"https:\/\/antiquariat-steinbach.com\/rarebooks\/wp-json\/wp\/v2\/product_tag?post=635"}],"curies":[{"name":"wp","href":"https:\/\/api.w.org\/{rel}","templated":true}]}}