{"id":6325,"date":"2026-03-12T00:18:27","date_gmt":"2026-03-11T23:18:27","guid":{"rendered":"http:\/\/antiquariat-steinbach.com\/rarebooks\/produkt\/adams-buesch-und-lichtenberg-ueber-einige-wichtige-pflichten-gegen-die-augen\/"},"modified":"2026-03-12T00:18:28","modified_gmt":"2026-03-11T23:18:28","slug":"ophthalmologie-soemmering-s-th-herausgeber-adams-buesch-und-lichtenberg-ueber-einige-wichtige-pflichten-gegen-die-augen","status":"publish","type":"product","link":"https:\/\/antiquariat-steinbach.com\/rarebooks\/produkt\/ophthalmologie-soemmering-s-th-herausgeber-adams-buesch-und-lichtenberg-ueber-einige-wichtige-pflichten-gegen-die-augen\/","title":{"rendered":"Ophthalmologie &#8211;   S\u00f6mmering, S. Th. (Herausgeber): &#8211;  Adams, B\u00fcsch und Lichtenberg \u00fcber einige wichtige Pflichten gegen die Augen."},"content":{"rendered":"<p>Frankfurt, Varrentrapp und Wenner 1797.<\/p>\n<p>3. Auflage. 17,5 : 11 cm. 48 Seiten Umschlag der Zeit.<\/p>\n<p>40,00 EUR<\/p>\n","protected":false},"excerpt":{"rendered":"<p>Frankfurt, Varrentrapp und Wenner 1797. 3. Auflage. 17,5 : 11 cm. 48 Seiten Umschlag der Zeit. 40,00 EUR<\/p>\n","protected":false},"featured_media":28393,"template":"","meta":[],"product_brand":[],"product_cat":[179,185,914],"product_tag":[],"class_list":{"0":"post-6325","1":"product","2":"type-product","3":"status-publish","4":"has-post-thumbnail","6":"product_cat-medizin","7":"product_cat-ophthalmologie","8":"product_cat-zvab","10":"first","11":"instock","12":"purchasable","13":"product-type-simple"},"_links":{"self":[{"href":"https:\/\/antiquariat-steinbach.com\/rarebooks\/wp-json\/wp\/v2\/product\/6325","targetHints":{"allow":["GET"]}}],"collection":[{"href":"https:\/\/antiquariat-steinbach.com\/rarebooks\/wp-json\/wp\/v2\/product"}],"about":[{"href":"https:\/\/antiquariat-steinbach.com\/rarebooks\/wp-json\/wp\/v2\/types\/product"}],"version-history":[{"count":3,"href":"https:\/\/antiquariat-steinbach.com\/rarebooks\/wp-json\/wp\/v2\/product\/6325\/revisions"}],"predecessor-version":[{"id":21102,"href":"https:\/\/antiquariat-steinbach.com\/rarebooks\/wp-json\/wp\/v2\/product\/6325\/revisions\/21102"}],"wp:featuredmedia":[{"embeddable":true,"href":"https:\/\/antiquariat-steinbach.com\/rarebooks\/wp-json\/wp\/v2\/media\/28393"}],"wp:attachment":[{"href":"https:\/\/antiquariat-steinbach.com\/rarebooks\/wp-json\/wp\/v2\/media?parent=6325"}],"wp:term":[{"taxonomy":"product_brand","embeddable":true,"href":"https:\/\/antiquariat-steinbach.com\/rarebooks\/wp-json\/wp\/v2\/product_brand?post=6325"},{"taxonomy":"product_cat","embeddable":true,"href":"https:\/\/antiquariat-steinbach.com\/rarebooks\/wp-json\/wp\/v2\/product_cat?post=6325"},{"taxonomy":"product_tag","embeddable":true,"href":"https:\/\/antiquariat-steinbach.com\/rarebooks\/wp-json\/wp\/v2\/product_tag?post=6325"}],"curies":[{"name":"wp","href":"https:\/\/api.w.org\/{rel}","templated":true}]}}